{"id":9567,"date":"2024-04-15T20:29:35","date_gmt":"2024-04-15T18:29:35","guid":{"rendered":"https:\/\/iflyfpv.ro\/?post_type=product&#038;p=9567"},"modified":"2025-07-14T15:31:05","modified_gmt":"2025-07-14T13:31:05","slug":"coddar-hv-650mah-4s-120c-xt30","status":"publish","type":"product","link":"http:\/\/iflyfpv.ro\/en\/product\/coddar-hv-650mah-4s-120c-xt30\/","title":{"rendered":"CODDAR HV 650mAh 4S 120C XT30"},"content":{"rendered":"<p>Model no: CD4S650120HV<\/p>\n<p>Capacity: 650mAh<\/p>\n<p>Voltage: 15,20 V<\/p>\n<p>Cell configuration: 4S1P<\/p>\n<p>Package size: 63*31*21(H*W*L)<\/p>\n<p>Net weight: 70g (+\/-1g)<\/p>\n<p>Discharge rate: 120C<\/p>\n<p>Charge rate: 1C to 5C<\/p>\n<p>Discharge connector: XT30<\/p>\n<p>Package contains: 1 x Battery<\/p>\n[nasa_static_block id=\"9571\u2033]","protected":false},"excerpt":{"rendered":"<p>Nr. model: CD4S650120HV Capacitate: 650mAh Tensiune: 15,20 V Configura\u021bie celule: 4S1P Dimensiune pachet: 63*31*21(H*W*L) Greutate net\u0103: 70g (+\/-1g) Rata de desc\u0103rcare: 120C Rata de \u00eenc\u0103rcare: 1C p\u00e2n\u0103 la 5C Conector de desc\u0103rcare: XT30 Pachetul contine: 1 x Acumulator [nasa_static_block id=&#8221;9571&#8243;]","protected":false},"featured_media":9568,"comment_status":"open","ping_status":"closed","template":"","meta":[],"product_brand":[],"product_cat":[322,27],"product_tag":[],"class_list":{"0":"post-9567","1":"product","2":"type-product","3":"status-publish","4":"has-post-thumbnail","6":"product_cat-coddar","7":"product_cat-lipo","8":"pa_amperi-650ma","9":"pa_nr-celule-4s","11":"first","12":"instock","13":"shipping-taxable","14":"purchasable","15":"product-type-simple"},"supplier_id":null,"supplier_sku":"","barcode":null,"atum_controlled":true,"out_stock_date":null,"out_stock_threshold":null,"inheritable":false,"inbound_stock":null,"stock_on_hold":null,"sold_today":null,"sales_last_days":null,"reserved_stock":null,"customer_returns":null,"warehouse_damage":null,"lost_in_post":null,"other_logs":null,"out_stock_days":null,"lost_sales":null,"has_location":null,"update_date":null,"atum_locations":[],"atum_stock_status":"instock","restock_status":false,"low_stock_amount":"","sales_update_date":null,"calc_backorders":null,"_links":{"self":[{"href":"http:\/\/iflyfpv.ro\/en\/wp-json\/wp\/v2\/product\/9567","targetHints":{"allow":["GET"]}}],"collection":[{"href":"http:\/\/iflyfpv.ro\/en\/wp-json\/wp\/v2\/product"}],"about":[{"href":"http:\/\/iflyfpv.ro\/en\/wp-json\/wp\/v2\/types\/product"}],"replies":[{"embeddable":true,"href":"http:\/\/iflyfpv.ro\/en\/wp-json\/wp\/v2\/comments?post=9567"}],"wp:featuredmedia":[{"embeddable":true,"href":"http:\/\/iflyfpv.ro\/en\/wp-json\/wp\/v2\/media\/9568"}],"wp:attachment":[{"href":"http:\/\/iflyfpv.ro\/en\/wp-json\/wp\/v2\/media?parent=9567"}],"wp:term":[{"taxonomy":"product_brand","embeddable":true,"href":"http:\/\/iflyfpv.ro\/en\/wp-json\/wp\/v2\/product_brand?post=9567"},{"taxonomy":"product_cat","embeddable":true,"href":"http:\/\/iflyfpv.ro\/en\/wp-json\/wp\/v2\/product_cat?post=9567"},{"taxonomy":"product_tag","embeddable":true,"href":"http:\/\/iflyfpv.ro\/en\/wp-json\/wp\/v2\/product_tag?post=9567"}],"curies":[{"name":"wp","href":"https:\/\/api.w.org\/{rel}","templated":true}]}}