{"id":9625,"date":"2024-04-18T07:45:27","date_gmt":"2024-04-18T05:45:27","guid":{"rendered":"https:\/\/iflyfpv.ro\/?post_type=product&#038;p=9625"},"modified":"2026-04-18T11:22:04","modified_gmt":"2026-04-18T09:22:04","slug":"coddar-hv-550mah-1s-90c-a30","status":"publish","type":"product","link":"http:\/\/iflyfpv.ro\/en\/product\/coddar-hv-550mah-1s-90c-a30\/","title":{"rendered":"CODDAR HV 550mAh 1S 90C A30"},"content":{"rendered":"<p>Model no: CD1S55090HVCA30<\/p>\n<p>Capacity: 550mAh<\/p>\n<p>Voltage: 3.8V<\/p>\n<p>Cell configuration: 1S<\/p>\n<p>Package size: 69*18*6(H*W*L)<\/p>\n<p>Net weight: 13.5g (+\/-1g)<\/p>\n<p>Discharge rate: 90C<\/p>\n<p>Charge rate: 1C to 5C<\/p>\n<p>Discharge connector: A30<\/p>\n<p>Package contains: 1 x Battery<\/p>\n[nasa_static_block id=\"9571\u2033]","protected":false},"excerpt":{"rendered":"<p>Nr. model: CD1S55090HVCA30 Capacitate: 550mAh Tensiune: 3,8V Configura\u021bie celule: 1S Dimensiune pachet: 69*18*6(H*W*L) Greutate net\u0103: 13.5g (+\/-1g) Rata de desc\u0103rcare: 90C Rata de \u00eenc\u0103rcare: 1C p\u00e2n\u0103 la 5C Conector de desc\u0103rcare: A30 Pachetul contine: 1 x Acumulator [nasa_static_block id=&#8221;9571&#8243;]","protected":false},"featured_media":9626,"comment_status":"open","ping_status":"closed","template":"","meta":[],"product_brand":[],"product_cat":[322,27],"product_tag":[],"class_list":{"0":"post-9625","1":"product","2":"type-product","3":"status-publish","4":"has-post-thumbnail","6":"product_cat-coddar","7":"product_cat-lipo","8":"pa_amperi-550ma","9":"pa_nr-celule-1s","11":"first","12":"instock","13":"shipping-taxable","14":"purchasable","15":"product-type-simple"},"supplier_id":null,"supplier_sku":"","barcode":null,"atum_controlled":true,"out_stock_date":null,"out_stock_threshold":null,"inheritable":false,"inbound_stock":null,"stock_on_hold":4,"sold_today":4,"sales_last_days":4,"reserved_stock":null,"customer_returns":null,"warehouse_damage":null,"lost_in_post":null,"other_logs":null,"out_stock_days":0,"lost_sales":0,"has_location":null,"update_date":"2026-04-18T09:22:08","atum_locations":[],"atum_stock_status":"instock","restock_status":true,"low_stock_amount":"","sales_update_date":"2026-04-18T09:22:08","calc_backorders":null,"_links":{"self":[{"href":"http:\/\/iflyfpv.ro\/en\/wp-json\/wp\/v2\/product\/9625","targetHints":{"allow":["GET"]}}],"collection":[{"href":"http:\/\/iflyfpv.ro\/en\/wp-json\/wp\/v2\/product"}],"about":[{"href":"http:\/\/iflyfpv.ro\/en\/wp-json\/wp\/v2\/types\/product"}],"replies":[{"embeddable":true,"href":"http:\/\/iflyfpv.ro\/en\/wp-json\/wp\/v2\/comments?post=9625"}],"wp:featuredmedia":[{"embeddable":true,"href":"http:\/\/iflyfpv.ro\/en\/wp-json\/wp\/v2\/media\/9626"}],"wp:attachment":[{"href":"http:\/\/iflyfpv.ro\/en\/wp-json\/wp\/v2\/media?parent=9625"}],"wp:term":[{"taxonomy":"product_brand","embeddable":true,"href":"http:\/\/iflyfpv.ro\/en\/wp-json\/wp\/v2\/product_brand?post=9625"},{"taxonomy":"product_cat","embeddable":true,"href":"http:\/\/iflyfpv.ro\/en\/wp-json\/wp\/v2\/product_cat?post=9625"},{"taxonomy":"product_tag","embeddable":true,"href":"http:\/\/iflyfpv.ro\/en\/wp-json\/wp\/v2\/product_tag?post=9625"}],"curies":[{"name":"wp","href":"https:\/\/api.w.org\/{rel}","templated":true}]}}