{"id":10022,"date":"2024-07-29T18:05:15","date_gmt":"2024-07-29T16:05:15","guid":{"rendered":"https:\/\/iflyfpv.ro\/?post_type=product&#038;p=10022"},"modified":"2026-02-18T10:13:17","modified_gmt":"2026-02-18T08:13:17","slug":"flywoo-x30-pcba-waterproof-superhydrophobic-invisible-spray","status":"publish","type":"product","link":"https:\/\/iflyfpv.ro\/en\/product\/flywoo-x30-pcba-waterproof-superhydrophobic-invisible-spray\/","title":{"rendered":"Flywoo X30 PCBA Waterproof Superhydrophobic Invisible Spray"},"content":{"rendered":"<p><strong>Description:<\/strong><br \/>\nFlywoo X30 Waterproof Superhydrophobic Invisible Spray creates an effective waterproof coating for electronic modules, meeting almost all your needs.<br \/>\nWith just a simple spray, a highly effective waterproof coating is formed in 2-3 minutes, allowing your electronic products to withstand splashes of water and remain usable even on rainy days.<\/p>\n<p>&nbsp;<\/p>\n<p><strong>Instructions for use:<\/strong><br \/>\nCleaning: Before coating, make sure to thoroughly remove dust and oil stains from the substrate surface.<br \/>\nMaintenance or coating: This product has excellent coating performance. If recoating is required, clean the surface and reapply directly in the appropriate position.<\/p>\n<p>1-Let each coat dry before applying the next.<br \/>\n2-To obtain the best waterproofing effect, it is recommended to spray 2-3 times repeatedly.<br \/>\n3-Before use, please shake to keep the liquid uniform)<br \/>\n4-After spraying, the surface drying time is about 2-3 minutes. The surface can meet the requirements of daily use after drying.<br \/>\n<strong>5-Do not leave the circuit board submerged in water for a long time when it is switched on.<\/strong><br \/>\n6-Use a dedicated circuit board cleaner to clean thoroughly<br \/>\nScope:<br \/>\n\u25cf Covers all circuit boards (flight controller, electronic speed controller, video transmitter, O3, etc.)<br \/>\n\u25cfGlass materials such as lenses (Can effectively prevent water droplets from adhering, but will reduce permeability with 30%. If you are not satisfied after application, it can be wiped off)<br \/>\n\u25cf Plugs on all circuit boards<br \/>\n\u25cf Battery plugs<\/p>\n<p><strong>Specifications:<\/strong><br \/>\nProduct Name: Flywoo X30 invisible superhydrophobic waterproof spray<br \/>\nCapacity: 56.7 g (For example: Flywoo GOKU F722 PRO Mini GOKU F722 PRO Mini V2 20X20 Flight Controller Flight Controller double-sided spraying 3 times, you need to use 2.5 g)<br \/>\nColor: milk white<br \/>\nRelative density (g\/cm\u00b3, 25\u2103): 1.56 \u00b1 0.3<br \/>\nWater resistance angle:&gt; 160\u00b0<br \/>\nMaterial: superhydrophobic material<br \/>\nVolatility: nevolatil<br \/>\nPurpose: Used for waterproofing, short circuit prevention, corrosion resistance, salt spray protection, mold resistance, dust prevention and heat dissipation in electronic products.<br \/>\n<strong>Weight: 67.2 g<\/strong><\/p>\n<p>&nbsp;<\/p>","protected":false},"excerpt":{"rendered":"<p>Descriere: Spray-ul invizibil Flywoo X30 Waterproof Superhydrophobic creeaz\u0103 o acoperire eficient\u0103 impermeabil\u0103 pentru modulele electronice, satisfac\u00e2nd aproape toate nevoile dumneavoastr\u0103. Doar cu o simpl\u0103 pulverizare, se formeaz\u0103 un strat rezistent la ap\u0103 extrem de eficient \u00een 2-3 minute, permi\u021b\u00e2nd produselor dumneavoastr\u0103 electronice s\u0103 reziste la stropii de ap\u0103 \u0219i s\u0103 r\u0103m\u00e2n\u0103 utilizabile chiar \u0219i \u00een [&#8230;]","protected":false},"featured_media":10024,"comment_status":"open","ping_status":"closed","template":"","meta":[],"product_brand":[],"product_cat":[15],"product_tag":[],"class_list":{"0":"post-10022","1":"product","2":"type-product","3":"status-publish","4":"has-post-thumbnail","6":"product_cat-uncategorized","8":"first","9":"outofstock","10":"shipping-taxable","11":"purchasable","12":"product-type-simple"},"supplier_id":null,"supplier_sku":"","barcode":null,"atum_controlled":true,"out_stock_date":null,"out_stock_threshold":null,"inheritable":false,"inbound_stock":null,"stock_on_hold":0,"sold_today":0,"sales_last_days":0,"reserved_stock":null,"customer_returns":null,"warehouse_damage":null,"lost_in_post":null,"other_logs":null,"out_stock_days":0,"lost_sales":0,"has_location":null,"update_date":"2026-05-07T05:00:26","atum_locations":[],"atum_stock_status":"outofstock","restock_status":false,"low_stock_amount":"","sales_update_date":"2026-05-07T05:00:26","calc_backorders":null,"_links":{"self":[{"href":"https:\/\/iflyfpv.ro\/en\/wp-json\/wp\/v2\/product\/10022","targetHints":{"allow":["GET"]}}],"collection":[{"href":"https:\/\/iflyfpv.ro\/en\/wp-json\/wp\/v2\/product"}],"about":[{"href":"https:\/\/iflyfpv.ro\/en\/wp-json\/wp\/v2\/types\/product"}],"replies":[{"embeddable":true,"href":"https:\/\/iflyfpv.ro\/en\/wp-json\/wp\/v2\/comments?post=10022"}],"wp:featuredmedia":[{"embeddable":true,"href":"https:\/\/iflyfpv.ro\/en\/wp-json\/wp\/v2\/media\/10024"}],"wp:attachment":[{"href":"https:\/\/iflyfpv.ro\/en\/wp-json\/wp\/v2\/media?parent=10022"}],"wp:term":[{"taxonomy":"product_brand","embeddable":true,"href":"https:\/\/iflyfpv.ro\/en\/wp-json\/wp\/v2\/product_brand?post=10022"},{"taxonomy":"product_cat","embeddable":true,"href":"https:\/\/iflyfpv.ro\/en\/wp-json\/wp\/v2\/product_cat?post=10022"},{"taxonomy":"product_tag","embeddable":true,"href":"https:\/\/iflyfpv.ro\/en\/wp-json\/wp\/v2\/product_tag?post=10022"}],"curies":[{"name":"wp","href":"https:\/\/api.w.org\/{rel}","templated":true}]}}