{"id":10113,"date":"2024-08-11T17:44:11","date_gmt":"2024-08-11T15:44:11","guid":{"rendered":"https:\/\/iflyfpv.ro\/?post_type=product&#038;p=10113"},"modified":"2026-01-25T17:21:39","modified_gmt":"2026-01-25T15:21:39","slug":"astrorc-carbonfly-25-2-5inch-o3","status":"publish","type":"product","link":"https:\/\/iflyfpv.ro\/en\/product\/astrorc-carbonfly-25-2-5inch-o3\/","title":{"rendered":"AstroRC CarbonFly 25 (2.5inch) O3"},"content":{"rendered":"<p><strong>Specs:<\/strong><\/p>\n<p>Brand: AstroRC<\/p>\n<p>Model: Carbonfly 25<\/p>\n<p>Main board: 2.5mm T300 carbon fiber<\/p>\n<p>FC mounting hole: 25.5 mm x 25.5 mm<\/p>\n<p>VTX mounting hole: 20x20mm \/ 25.5\u00d725.5mm DJI \/ VISTA<\/p>\n<p>Motor mounting hole: 9mmx9mm<\/p>\n<p>FPV camera distance: 20mm<\/p>\n<p>Suitable propeller size: 2.5-inch propeller<\/p>\n<p>Weight: 59.0 g<\/p>","protected":false},"excerpt":{"rendered":"<p>Specificatii: Marca: AstroRC Model: Carbonfly 25 Plac\u0103 principal\u0103: Fibr\u0103 de carbon T300 de 2,5 mm Orificiu de montare FC: 25,5 mm x 25,5 mm Orificiu de montare VTX:\u00a0 20x20mm \/ 25.5&#215;25.5mm DJI \/ VISTA Orificiu de montare a motorului:\u00a0 9mmx9mm Distan\u021ba camerei FPV: 20mm Dimensiune adecvat\u0103 a elicei: elice de 2.5 inchi Greutate:\u00a0 59,0 g<\/p>","protected":false},"featured_media":10115,"comment_status":"open","ping_status":"closed","template":"","meta":[],"product_brand":[],"product_cat":[19],"product_tag":[],"class_list":{"0":"post-10113","1":"product","2":"type-product","3":"status-publish","4":"has-post-thumbnail","6":"product_cat-frame","8":"first","9":"instock","10":"sale","11":"shipping-taxable","12":"purchasable","13":"product-type-simple"},"supplier_id":null,"supplier_sku":"","barcode":null,"atum_controlled":true,"out_stock_date":null,"out_stock_threshold":null,"inheritable":false,"inbound_stock":null,"stock_on_hold":null,"sold_today":null,"sales_last_days":null,"reserved_stock":null,"customer_returns":null,"warehouse_damage":null,"lost_in_post":null,"other_logs":null,"out_stock_days":null,"lost_sales":null,"has_location":null,"update_date":null,"atum_locations":[],"atum_stock_status":"instock","restock_status":false,"low_stock_amount":"","sales_update_date":null,"calc_backorders":null,"_links":{"self":[{"href":"https:\/\/iflyfpv.ro\/en\/wp-json\/wp\/v2\/product\/10113","targetHints":{"allow":["GET"]}}],"collection":[{"href":"https:\/\/iflyfpv.ro\/en\/wp-json\/wp\/v2\/product"}],"about":[{"href":"https:\/\/iflyfpv.ro\/en\/wp-json\/wp\/v2\/types\/product"}],"replies":[{"embeddable":true,"href":"https:\/\/iflyfpv.ro\/en\/wp-json\/wp\/v2\/comments?post=10113"}],"wp:featuredmedia":[{"embeddable":true,"href":"https:\/\/iflyfpv.ro\/en\/wp-json\/wp\/v2\/media\/10115"}],"wp:attachment":[{"href":"https:\/\/iflyfpv.ro\/en\/wp-json\/wp\/v2\/media?parent=10113"}],"wp:term":[{"taxonomy":"product_brand","embeddable":true,"href":"https:\/\/iflyfpv.ro\/en\/wp-json\/wp\/v2\/product_brand?post=10113"},{"taxonomy":"product_cat","embeddable":true,"href":"https:\/\/iflyfpv.ro\/en\/wp-json\/wp\/v2\/product_cat?post=10113"},{"taxonomy":"product_tag","embeddable":true,"href":"https:\/\/iflyfpv.ro\/en\/wp-json\/wp\/v2\/product_tag?post=10113"}],"curies":[{"name":"wp","href":"https:\/\/api.w.org\/{rel}","templated":true}]}}