{"id":10863,"date":"2024-12-27T13:42:02","date_gmt":"2024-12-27T11:42:02","guid":{"rendered":"https:\/\/iflyfpv.ro\/?post_type=product&#038;p=10863"},"modified":"2026-02-02T11:30:10","modified_gmt":"2026-02-02T09:30:10","slug":"radiomaster-gx12-dual-band-gemini-x-radio-controller-m2","status":"publish","type":"product","link":"https:\/\/iflyfpv.ro\/en\/product\/radiomaster-gx12-dual-band-gemini-x-radio-controller-m2\/","title":{"rendered":"RadioMaster GX12 Dual-Band Gemini-X Radio Controller (M2)"},"content":{"rendered":"<p><strong>Specifications:<\/strong><\/p>\n<p>Article: GX12 Radio<br \/>\nColor: black<br \/>\nSize: 183*148*78mm<br \/>\nWeight: 573 g<br \/>\nFrequency: 2.400GHz and Sub-G 900MHz<br \/>\nInternal RF: ELRS 2.4GHz \/ Sub-G 900MHz<br \/>\nSupported protocols: Express-LRS<br \/>\nCooling fan: Yes<br \/>\nAntenna: dual foldable 2.4 GHz\/ Sub-G 900 MHz omni-directional<br \/>\nRF: (Dual 1.000mW | Dual band XROSSBAND ELRS)<br \/>\nVoltage range: 6.6 - 8.4 V DC<br \/>\nCurrent: 390mA - 1000mA (depending on RF output)<br \/>\nRadio firmware: EdgeTX (transmitter) \/ ELRS (RF module)<br \/>\nChannels: max 16 channels (depending on receiver)<br \/>\nBattery: 7.4 V 2-cell 7.4 V 2-cell lithium-polymer \/ 2-cell 3.7 V 18650 lithium-ion \/ 21700 5000 mAh battery (batteries not included)<br \/>\nCharging: Smart Balance 2S charging<br \/>\nConnectivity: USB-C<br \/>\nDisplay: 128*64 monochrome OLED display<br \/>\nGimbal: GX01 1000Hz, 3D CNC Digital Hall Effect Gimbal with folding sticks<br \/>\nCardan stick: 3 mm<br \/>\nExternal module: Nano \/ Crossfire compatible<br \/>\nUpdate method: USB PC software \/ EdgeTX Companion<br \/>\nMemory: 512 Mb Integrated Flash<\/p>\n<p><iframe loading=\"lazy\" title=\"RadioMaster GX12 | Dual-Band Gemini-X Radio Controller\" width=\"1020\" height=\"574\" src=\"https:\/\/www.youtube.com\/embed\/wtR_GvpVQOg?feature=oembed\" frameborder=\"0\" allow=\"accelerometer; autoplay; clipboard-write; encrypted-media; gyroscope; picture-in-picture; web-share\" referrerpolicy=\"strict-origin-when-cross-origin\" allowfullscreen><\/iframe><\/p>\n<p>&nbsp;<\/p>","protected":false},"excerpt":{"rendered":"<p>Specifica\u021bii: Articol: GX12 Radio Culoare: negru Dimensiune: 183*148*78mm Greutate: 573 g Frecven\u021b\u0103: 2.400GHz \u0219i Sub-G 900MHz RF intern: ELRS 2.4GHz \/ Sub-G 900MHz Protocoale acceptate: Express-LRS Ventilator de r\u0103cire: Da Anten\u0103: pliabil\u0103 dual\u0103 2,4 GHz\/ Sub-G 900 MHz omnidirec\u021bional\u0103 RF: (Dual 1.000mW | Dual band XROSSBAND ELRS) Interval de tensiune: 6,6 &#8211; 8,4 V DC [&#8230;]","protected":false},"featured_media":10864,"comment_status":"open","ping_status":"closed","template":"","meta":[],"product_brand":[],"product_cat":[22],"product_tag":[],"class_list":{"0":"post-10863","1":"product","2":"type-product","3":"status-publish","4":"has-post-thumbnail","6":"product_cat-transmisie","8":"first","9":"outofstock","10":"sale","11":"shipping-taxable","12":"purchasable","13":"product-type-simple"},"supplier_id":null,"supplier_sku":"","barcode":null,"atum_controlled":true,"out_stock_date":null,"out_stock_threshold":null,"inheritable":false,"inbound_stock":null,"stock_on_hold":null,"sold_today":null,"sales_last_days":null,"reserved_stock":null,"customer_returns":null,"warehouse_damage":null,"lost_in_post":null,"other_logs":null,"out_stock_days":null,"lost_sales":null,"has_location":null,"update_date":null,"atum_locations":[],"atum_stock_status":"instock","restock_status":false,"low_stock_amount":"","sales_update_date":null,"calc_backorders":null,"_links":{"self":[{"href":"https:\/\/iflyfpv.ro\/en\/wp-json\/wp\/v2\/product\/10863","targetHints":{"allow":["GET"]}}],"collection":[{"href":"https:\/\/iflyfpv.ro\/en\/wp-json\/wp\/v2\/product"}],"about":[{"href":"https:\/\/iflyfpv.ro\/en\/wp-json\/wp\/v2\/types\/product"}],"replies":[{"embeddable":true,"href":"https:\/\/iflyfpv.ro\/en\/wp-json\/wp\/v2\/comments?post=10863"}],"wp:featuredmedia":[{"embeddable":true,"href":"https:\/\/iflyfpv.ro\/en\/wp-json\/wp\/v2\/media\/10864"}],"wp:attachment":[{"href":"https:\/\/iflyfpv.ro\/en\/wp-json\/wp\/v2\/media?parent=10863"}],"wp:term":[{"taxonomy":"product_brand","embeddable":true,"href":"https:\/\/iflyfpv.ro\/en\/wp-json\/wp\/v2\/product_brand?post=10863"},{"taxonomy":"product_cat","embeddable":true,"href":"https:\/\/iflyfpv.ro\/en\/wp-json\/wp\/v2\/product_cat?post=10863"},{"taxonomy":"product_tag","embeddable":true,"href":"https:\/\/iflyfpv.ro\/en\/wp-json\/wp\/v2\/product_tag?post=10863"}],"curies":[{"name":"wp","href":"https:\/\/api.w.org\/{rel}","templated":true}]}}