{"id":11448,"date":"2025-01-03T21:12:49","date_gmt":"2025-01-03T19:12:49","guid":{"rendered":"https:\/\/iflyfpv.ro\/?post_type=product&#038;p=11448"},"modified":"2025-01-03T21:33:21","modified_gmt":"2025-01-03T19:33:21","slug":"vci-spark-1606-1850kv","status":"publish","type":"product","link":"https:\/\/iflyfpv.ro\/en\/product\/vci-spark-1606-1850kv\/","title":{"rendered":"VCI SPARK 1606 1850kv"},"content":{"rendered":"<p>Brand: VCI HOBBY<\/p>\n<p>Model: SPARK 1606<\/p>\n<p>Item name: 1606 1850kv Brushless motor<\/p>\n<p>Voltage: 6S<\/p>\n<p>Rated peak current: 11.96A<\/p>\n<p>Quantity: 1 piece<\/p>\n<p>Configuration: 12N14P<\/p>\n<p>Shaft diameter: 1.5 mm<\/p>\n<p>Stator diameter: 16 mm<\/p>\n<p>Mounting hole: 12\u00d712, M2<\/p>\n<p>Stator length: 6mm<\/p>\n<p>Size: 20\u00d718.4 mm<\/p>\n<p>Weight: 14.9 g (Includes cable)<\/p>\n<p><img decoding=\"async\" class=\"aligncenter\" src=\"https:\/\/30068510.s21i.faimallusr.com\/2\/2\/ABUIABACGAAg18nRogYo2OCHmAEwnwY4jwM.jpg\" alt=\"EN 1606\u5916\u5f62\u56fe.jpg\" \/><\/p>\n<p><img decoding=\"async\" class=\"aligncenter\" src=\"https:\/\/30068510.s21i.faimallusr.com\/2\/2\/ABUIABACGAAg18nRogYo9K3yngUwnwY45Bg.jpg\" alt=\"\u89c4\u683c\u4e66 \u00a0 EN1606.jpg\" \/><\/p>\n<p>&nbsp;<\/p>","protected":false},"excerpt":{"rendered":"<p>Brand: VCI HOBBY Model: SPARK 1606 Nume articol:\u00a0 1606 1850kv Motor f\u0103r\u0103 perii Voltaj: 6S Curent nominal de v\u00e2rf: 11.96A Cantitate: 1buc Configura\u021bie: 12N14P Dimetrul arborelui: 1.5 mm Diametrul statorului: 16 mm Orificiu de montare: 12\u00d712, M2 Lungimea statorului: 6mm Dimensiune: 20\u00d718,4 mm Greutate: 14.9 g (Include cablul) &nbsp;<\/p>","protected":false},"featured_media":11452,"comment_status":"open","ping_status":"closed","template":"","meta":[],"product_brand":[],"product_cat":[20],"product_tag":[],"class_list":{"0":"post-11448","1":"product","2":"type-product","3":"status-publish","4":"has-post-thumbnail","6":"product_cat-motor","8":"first","9":"instock","10":"shipping-taxable","11":"purchasable","12":"product-type-simple"},"supplier_id":null,"supplier_sku":"","barcode":null,"atum_controlled":true,"out_stock_date":null,"out_stock_threshold":null,"inheritable":false,"inbound_stock":null,"stock_on_hold":null,"sold_today":null,"sales_last_days":null,"reserved_stock":null,"customer_returns":null,"warehouse_damage":null,"lost_in_post":null,"other_logs":null,"out_stock_days":null,"lost_sales":null,"has_location":null,"update_date":null,"atum_locations":[],"atum_stock_status":"instock","restock_status":false,"low_stock_amount":"","sales_update_date":null,"calc_backorders":null,"_links":{"self":[{"href":"https:\/\/iflyfpv.ro\/en\/wp-json\/wp\/v2\/product\/11448","targetHints":{"allow":["GET"]}}],"collection":[{"href":"https:\/\/iflyfpv.ro\/en\/wp-json\/wp\/v2\/product"}],"about":[{"href":"https:\/\/iflyfpv.ro\/en\/wp-json\/wp\/v2\/types\/product"}],"replies":[{"embeddable":true,"href":"https:\/\/iflyfpv.ro\/en\/wp-json\/wp\/v2\/comments?post=11448"}],"wp:featuredmedia":[{"embeddable":true,"href":"https:\/\/iflyfpv.ro\/en\/wp-json\/wp\/v2\/media\/11452"}],"wp:attachment":[{"href":"https:\/\/iflyfpv.ro\/en\/wp-json\/wp\/v2\/media?parent=11448"}],"wp:term":[{"taxonomy":"product_brand","embeddable":true,"href":"https:\/\/iflyfpv.ro\/en\/wp-json\/wp\/v2\/product_brand?post=11448"},{"taxonomy":"product_cat","embeddable":true,"href":"https:\/\/iflyfpv.ro\/en\/wp-json\/wp\/v2\/product_cat?post=11448"},{"taxonomy":"product_tag","embeddable":true,"href":"https:\/\/iflyfpv.ro\/en\/wp-json\/wp\/v2\/product_tag?post=11448"}],"curies":[{"name":"wp","href":"https:\/\/api.w.org\/{rel}","templated":true}]}}