{"id":11913,"date":"2025-04-15T21:01:50","date_gmt":"2025-04-15T19:01:50","guid":{"rendered":"https:\/\/iflyfpv.ro\/?post_type=product&#038;p=11913"},"modified":"2026-03-14T07:52:35","modified_gmt":"2026-03-14T05:52:35","slug":"coddar-hv-650mah-2s-100c-xt30","status":"publish","type":"product","link":"https:\/\/iflyfpv.ro\/en\/product\/coddar-hv-650mah-2s-100c-xt30\/","title":{"rendered":"CODDAR HV 650mAh HV 650mAh 2S 100C XT30"},"content":{"rendered":"<p>Model no: CD2S650100HV<\/p>\n<p>Capacity: 650mAh<\/p>\n<p>Voltage: 7.6V<\/p>\n<p>Cell configuration: 2S1P<\/p>\n<p>Package size: 63*18*16*16(H*W*L)<\/p>\n<p>Net weight: 34g (+\/-1g)<\/p>\n<p>Discharge rate: 100C<\/p>\n<p>Charge rate: 1C to 5C<\/p>\n<p>Discharge connector: XT30<\/p>\n<p>Package contains: 1 x Battery<\/p>\n[nasa_static_block id=\"9571\u2033]","protected":false},"excerpt":{"rendered":"<p>Nr. model: CD2S650100HV Capacitate: 650mAh Tensiune: 7,6V Configura\u021bie celule: 2S1P Dimensiune pachet: 63*18*16(H*W*L) Greutate net\u0103: 34g (+\/-1g) Rata de desc\u0103rcare: 100C Rata de \u00eenc\u0103rcare: 1C p\u00e2n\u0103 la 5C Conector de desc\u0103rcare: XT30 Pachetul contine: 1 x Acumulator [nasa_static_block id=&#8221;9571&#8243;]","protected":false},"featured_media":11912,"comment_status":"open","ping_status":"closed","template":"","meta":[],"product_brand":[],"product_cat":[322,27],"product_tag":[],"class_list":{"0":"post-11913","1":"product","2":"type-product","3":"status-publish","4":"has-post-thumbnail","6":"product_cat-coddar","7":"product_cat-lipo","8":"pa_amperi-550ma","9":"pa_nr-celule-2s","11":"first","12":"instock","13":"shipping-taxable","14":"purchasable","15":"product-type-simple"},"supplier_id":null,"supplier_sku":"","barcode":null,"atum_controlled":true,"out_stock_date":null,"out_stock_threshold":null,"inheritable":false,"inbound_stock":null,"stock_on_hold":0,"sold_today":0,"sales_last_days":0,"reserved_stock":null,"customer_returns":null,"warehouse_damage":null,"lost_in_post":null,"other_logs":null,"out_stock_days":0,"lost_sales":0,"has_location":null,"update_date":"2026-04-16T01:19:06","atum_locations":[],"atum_stock_status":"instock","restock_status":false,"low_stock_amount":"","sales_update_date":"2026-04-16T01:19:06","calc_backorders":null,"_links":{"self":[{"href":"https:\/\/iflyfpv.ro\/en\/wp-json\/wp\/v2\/product\/11913","targetHints":{"allow":["GET"]}}],"collection":[{"href":"https:\/\/iflyfpv.ro\/en\/wp-json\/wp\/v2\/product"}],"about":[{"href":"https:\/\/iflyfpv.ro\/en\/wp-json\/wp\/v2\/types\/product"}],"replies":[{"embeddable":true,"href":"https:\/\/iflyfpv.ro\/en\/wp-json\/wp\/v2\/comments?post=11913"}],"wp:featuredmedia":[{"embeddable":true,"href":"https:\/\/iflyfpv.ro\/en\/wp-json\/wp\/v2\/media\/11912"}],"wp:attachment":[{"href":"https:\/\/iflyfpv.ro\/en\/wp-json\/wp\/v2\/media?parent=11913"}],"wp:term":[{"taxonomy":"product_brand","embeddable":true,"href":"https:\/\/iflyfpv.ro\/en\/wp-json\/wp\/v2\/product_brand?post=11913"},{"taxonomy":"product_cat","embeddable":true,"href":"https:\/\/iflyfpv.ro\/en\/wp-json\/wp\/v2\/product_cat?post=11913"},{"taxonomy":"product_tag","embeddable":true,"href":"https:\/\/iflyfpv.ro\/en\/wp-json\/wp\/v2\/product_tag?post=11913"}],"curies":[{"name":"wp","href":"https:\/\/api.w.org\/{rel}","templated":true}]}}