{"id":11943,"date":"2025-04-27T16:56:25","date_gmt":"2025-04-27T14:56:25","guid":{"rendered":"https:\/\/iflyfpv.ro\/?post_type=product&#038;p=11943"},"modified":"2025-12-08T12:45:48","modified_gmt":"2025-12-08T10:45:48","slug":"coddar-hv-650mah-3s-120c-xt30","status":"publish","type":"product","link":"https:\/\/iflyfpv.ro\/en\/product\/coddar-hv-650mah-3s-120c-xt30\/","title":{"rendered":"CODDAR HV 650mAh HV 650mAh 3S 120C 120C XT30"},"content":{"rendered":"<p>Model no: CD3S650120HV<\/p>\n<p>Capacity: 650mAh<\/p>\n<p>Voltage: 11,40 V<\/p>\n<p>Cell configuration: 3S1P<\/p>\n<p>Package size: 63*31*17*17(H*W*L)<\/p>\n<p>Net weight: 54g (+\/-1g)<\/p>\n<p>Discharge rate: 120C<\/p>\n<p>Charge rate: 1C to 5C<\/p>\n<p>Discharge connector: XT30<\/p>\n<p>Package contains: 1 x Battery<\/p>\n[nasa_static_block id=\"9571\u2033]","protected":false},"excerpt":{"rendered":"<p>Nr. model: CD3S650120HV Capacitate: 650mAh Tensiune: 11,40 V Configura\u021bie celule: 3S1P Dimensiune pachet: 63*31*17(H*W*L) Greutate net\u0103: 54g (+\/-1g) Rata de desc\u0103rcare: 120C Rata de \u00eenc\u0103rcare: 1C p\u00e2n\u0103 la 5C Conector de desc\u0103rcare: XT30 Pachetul contine: 1 x Acumulator [nasa_static_block id=&#8221;9571&#8243;]","protected":false},"featured_media":11949,"comment_status":"open","ping_status":"closed","template":"","meta":[],"product_brand":[],"product_cat":[322,27],"product_tag":[],"class_list":{"0":"post-11943","1":"product","2":"type-product","3":"status-publish","4":"has-post-thumbnail","6":"product_cat-coddar","7":"product_cat-lipo","8":"pa_amperi-650ma","9":"pa_nr-celule-4s","11":"first","12":"outofstock","13":"shipping-taxable","14":"purchasable","15":"product-type-simple"},"supplier_id":null,"supplier_sku":"","barcode":null,"atum_controlled":true,"out_stock_date":null,"out_stock_threshold":null,"inheritable":false,"inbound_stock":null,"stock_on_hold":null,"sold_today":null,"sales_last_days":null,"reserved_stock":null,"customer_returns":null,"warehouse_damage":null,"lost_in_post":null,"other_logs":null,"out_stock_days":null,"lost_sales":null,"has_location":null,"update_date":null,"atum_locations":[],"atum_stock_status":"instock","restock_status":false,"low_stock_amount":"","sales_update_date":null,"calc_backorders":null,"_links":{"self":[{"href":"https:\/\/iflyfpv.ro\/en\/wp-json\/wp\/v2\/product\/11943","targetHints":{"allow":["GET"]}}],"collection":[{"href":"https:\/\/iflyfpv.ro\/en\/wp-json\/wp\/v2\/product"}],"about":[{"href":"https:\/\/iflyfpv.ro\/en\/wp-json\/wp\/v2\/types\/product"}],"replies":[{"embeddable":true,"href":"https:\/\/iflyfpv.ro\/en\/wp-json\/wp\/v2\/comments?post=11943"}],"wp:featuredmedia":[{"embeddable":true,"href":"https:\/\/iflyfpv.ro\/en\/wp-json\/wp\/v2\/media\/11949"}],"wp:attachment":[{"href":"https:\/\/iflyfpv.ro\/en\/wp-json\/wp\/v2\/media?parent=11943"}],"wp:term":[{"taxonomy":"product_brand","embeddable":true,"href":"https:\/\/iflyfpv.ro\/en\/wp-json\/wp\/v2\/product_brand?post=11943"},{"taxonomy":"product_cat","embeddable":true,"href":"https:\/\/iflyfpv.ro\/en\/wp-json\/wp\/v2\/product_cat?post=11943"},{"taxonomy":"product_tag","embeddable":true,"href":"https:\/\/iflyfpv.ro\/en\/wp-json\/wp\/v2\/product_tag?post=11943"}],"curies":[{"name":"wp","href":"https:\/\/api.w.org\/{rel}","templated":true}]}}