{"id":12264,"date":"2025-07-15T12:32:33","date_gmt":"2025-07-15T10:32:33","guid":{"rendered":"https:\/\/iflyfpv.ro\/?post_type=product&#038;p=12264"},"modified":"2026-03-31T11:43:22","modified_gmt":"2026-03-31T09:43:22","slug":"coddar-1350mah-6s-160c-xt60","status":"publish","type":"product","link":"https:\/\/iflyfpv.ro\/en\/product\/coddar-1350mah-6s-160c-xt60\/","title":{"rendered":"CODDAR 1350mAh 6S 160C XT60"},"content":{"rendered":"<p>Model no: CD6S1350160<\/p>\n<p>Capacity: 1350mAh<\/p>\n<p>Voltage: 22.20 V<\/p>\n<p>Cell configuration: 6S1P<\/p>\n<p>Package size: 82*38*41(H*W*L)<\/p>\n<p>Net weight: 235g (+\/-5g)<\/p>\n<p>Discharge rate: 160C<\/p>\n<p>Charge rate: 1C to 5C<\/p>\n<p>Discharge connector: XT60<\/p>\n<p>Package contains: 1 x Battery<\/p>","protected":false},"excerpt":{"rendered":"<p>Nr. model: CD6S1350160 Capacitate: 1350mAh Tensiune: 22,20 V Configura\u021bie celule: 6S1P Dimensiune pachet: 82*38*41(H*W*L) Greutate net\u0103: 235g (+\/-5g) Rata de desc\u0103rcare: 160C Rata de \u00eenc\u0103rcare: 1C p\u00e2n\u0103 la 5C Conector de desc\u0103rcare: XT60 Pachetul contine: 1 x Acumulator<\/p>","protected":false},"featured_media":12267,"comment_status":"open","ping_status":"closed","template":"","meta":[],"product_brand":[],"product_cat":[322,27],"product_tag":[],"class_list":{"0":"post-12264","1":"product","2":"type-product","3":"status-publish","4":"has-post-thumbnail","6":"product_cat-coddar","7":"product_cat-lipo","8":"pa_amperi-1300ma","9":"pa_nr-celule-6s","11":"first","12":"instock","13":"sale","14":"shipping-taxable","15":"purchasable","16":"product-type-simple"},"supplier_id":null,"supplier_sku":"","barcode":null,"atum_controlled":true,"out_stock_date":null,"out_stock_threshold":null,"inheritable":false,"inbound_stock":null,"stock_on_hold":0,"sold_today":0,"sales_last_days":0,"reserved_stock":null,"customer_returns":null,"warehouse_damage":null,"lost_in_post":null,"other_logs":null,"out_stock_days":0,"lost_sales":0,"has_location":null,"update_date":"2026-04-16T01:19:07","atum_locations":[],"atum_stock_status":"instock","restock_status":false,"low_stock_amount":"","sales_update_date":"2026-04-16T01:19:07","calc_backorders":null,"_links":{"self":[{"href":"https:\/\/iflyfpv.ro\/en\/wp-json\/wp\/v2\/product\/12264","targetHints":{"allow":["GET"]}}],"collection":[{"href":"https:\/\/iflyfpv.ro\/en\/wp-json\/wp\/v2\/product"}],"about":[{"href":"https:\/\/iflyfpv.ro\/en\/wp-json\/wp\/v2\/types\/product"}],"replies":[{"embeddable":true,"href":"https:\/\/iflyfpv.ro\/en\/wp-json\/wp\/v2\/comments?post=12264"}],"wp:featuredmedia":[{"embeddable":true,"href":"https:\/\/iflyfpv.ro\/en\/wp-json\/wp\/v2\/media\/12267"}],"wp:attachment":[{"href":"https:\/\/iflyfpv.ro\/en\/wp-json\/wp\/v2\/media?parent=12264"}],"wp:term":[{"taxonomy":"product_brand","embeddable":true,"href":"https:\/\/iflyfpv.ro\/en\/wp-json\/wp\/v2\/product_brand?post=12264"},{"taxonomy":"product_cat","embeddable":true,"href":"https:\/\/iflyfpv.ro\/en\/wp-json\/wp\/v2\/product_cat?post=12264"},{"taxonomy":"product_tag","embeddable":true,"href":"https:\/\/iflyfpv.ro\/en\/wp-json\/wp\/v2\/product_tag?post=12264"}],"curies":[{"name":"wp","href":"https:\/\/api.w.org\/{rel}","templated":true}]}}