{"id":5278,"date":"2022-12-13T21:24:56","date_gmt":"2022-12-13T19:24:56","guid":{"rendered":"https:\/\/iflyfpv-ro.layer.ro\/?post_type=product&#038;p=5278"},"modified":"2025-05-27T20:21:53","modified_gmt":"2025-05-27T18:21:53","slug":"volador-vd5-deadcat-lr-t700","status":"publish","type":"product","link":"https:\/\/iflyfpv.ro\/en\/product\/volador-vd5-deadcat-lr-t700\/","title":{"rendered":"Volador VD5 Deadcat LR T700"},"content":{"rendered":"<p><strong>Features:<\/strong><br \/>\nHigh quality T700 carbon plate<br \/>\n7075 aluminium alloy camera mounting plates for added protection<br \/>\nCleverly designed thickened arms<br \/>\nIntegrated XT60 connector for safety and reliability<br \/>\nHigh quality TPU parts<br \/>\nUnique anti-slip pad for battery<br \/>\n12.9 strength hardware coated with Loctite<br \/>\nCompatible with DJI O3 Air Unit\/Caddx Vista\/Runcam link Wasp\/Avatar HD etc.<br \/>\n<strong>(Not compatible with DJI FPV Air Unit)<\/strong><\/p>\n<p><strong>VD5 specifications:<\/strong><br \/>\nArm thickness: 6 mm<br \/>\nThickness of top plate: 2,5 mm<br \/>\nThickness of the middle plate: 3 mm<br \/>\nBottom plate thickness: 3 mm<br \/>\nPropeller size: 5~5.1 inch<br \/>\nMaterial: T700 carbon plate<br \/>\nFPV camera distance: 19 mm\/20 mm<br \/>\nWeight: 205.3 g (with TPU parts)<br \/>\nTotal dimensions: 190mm*136mm<br \/>\nWheelbase: 225 mm<br \/>\nStack mounting holes: 20 mm * 20 mm \/ 30.5 mm * 30.5 mm (M3)<br \/>\nVTX mounting holes: 20 mm * 20 mm \/ 25.5 mm * 25.5 mm (M2)<\/p>","protected":false},"excerpt":{"rendered":"<p>Caracteristici: Plac\u0103 de carbon T700 de \u00eenalt\u0103 calitate Pl\u0103ci de montare pentru camere din aliaj de aluminiu 7075 pentru o protec\u021bie sporit\u0103 Bra\u021be \u00eengro\u0219ate proiectate inteligent Conector XT60 integrat pentru siguran\u021b\u0103 \u0219i fiabilitate Piese TPU de \u00eenalt\u0103 calitate Pad unic anti-alunecare pentru baterie Hardware de rezisten\u021b\u0103 12,9 acoperit cu Loctite Compatibil cu DJI O3 Air [&#8230;]","protected":false},"featured_media":5279,"comment_status":"open","ping_status":"closed","template":"","meta":[],"product_brand":[],"product_cat":[19],"product_tag":[],"class_list":{"0":"post-5278","1":"product","2":"type-product","3":"status-publish","4":"has-post-thumbnail","6":"product_cat-frame","8":"first","9":"instock","10":"sale","11":"shipping-taxable","12":"purchasable","13":"product-type-simple"},"supplier_id":null,"supplier_sku":"","barcode":null,"atum_controlled":true,"out_stock_date":null,"out_stock_threshold":null,"inheritable":false,"inbound_stock":0,"stock_on_hold":0,"sold_today":0,"sales_last_days":0,"reserved_stock":0,"customer_returns":0,"warehouse_damage":0,"lost_in_post":0,"other_logs":0,"out_stock_days":0,"lost_sales":0,"has_location":false,"update_date":"2026-04-16T01:19:05","atum_locations":[],"atum_stock_status":"instock","restock_status":false,"low_stock_amount":"","sales_update_date":"2026-04-16T01:19:05","calc_backorders":null,"_links":{"self":[{"href":"https:\/\/iflyfpv.ro\/en\/wp-json\/wp\/v2\/product\/5278","targetHints":{"allow":["GET"]}}],"collection":[{"href":"https:\/\/iflyfpv.ro\/en\/wp-json\/wp\/v2\/product"}],"about":[{"href":"https:\/\/iflyfpv.ro\/en\/wp-json\/wp\/v2\/types\/product"}],"replies":[{"embeddable":true,"href":"https:\/\/iflyfpv.ro\/en\/wp-json\/wp\/v2\/comments?post=5278"}],"wp:featuredmedia":[{"embeddable":true,"href":"https:\/\/iflyfpv.ro\/en\/wp-json\/wp\/v2\/media\/5279"}],"wp:attachment":[{"href":"https:\/\/iflyfpv.ro\/en\/wp-json\/wp\/v2\/media?parent=5278"}],"wp:term":[{"taxonomy":"product_brand","embeddable":true,"href":"https:\/\/iflyfpv.ro\/en\/wp-json\/wp\/v2\/product_brand?post=5278"},{"taxonomy":"product_cat","embeddable":true,"href":"https:\/\/iflyfpv.ro\/en\/wp-json\/wp\/v2\/product_cat?post=5278"},{"taxonomy":"product_tag","embeddable":true,"href":"https:\/\/iflyfpv.ro\/en\/wp-json\/wp\/v2\/product_tag?post=5278"}],"curies":[{"name":"wp","href":"https:\/\/api.w.org\/{rel}","templated":true}]}}