{"id":6648,"date":"2023-04-05T19:24:07","date_gmt":"2023-04-05T17:24:07","guid":{"rendered":"https:\/\/iflyfpv-ro.layer.ro\/?post_type=product&#038;p=6648"},"modified":"2023-11-29T20:33:38","modified_gmt":"2023-11-29T18:33:38","slug":"ag01","status":"publish","type":"product","link":"https:\/\/iflyfpv.ro\/en\/product\/ag01\/","title":{"rendered":"Radiomaster AG01 Hall Set for TX16S &amp; Boxer"},"content":{"rendered":"<p><strong>Specifications<\/strong>:<br \/>\nArticle: AG01 CNC Hall Gimbal Sets<br \/>\nType of detection: Hall<br \/>\nWorking tension: DC 3.3 V<br \/>\nLinearity: real-time (no delay)<br \/>\nAdjustable travel range: 38\u00b0-54\u00b0<br \/>\nAdjustable mode: Yes<br \/>\nAdjustable voltage: Yes<br \/>\nRulment quad: yes<br \/>\nTemperature range: -20\u00b0c-85\u00b0c<br \/>\nSize: 60*53*56mm<br \/>\nWeight: 125 g\/piece<\/p>\n<p><img decoding=\"async\" class=\"aligncenter\" src=\"https:\/\/cdn.shopifycdn.net\/s\/files\/1\/0609\/8324\/7079\/files\/AG01-__02_1024x1024.jpg?v=1652434135\" alt=\"AG01 CNC Hall Gimbal for TX16S\" \/><\/p>\n<p><img decoding=\"async\" class=\"aligncenter\" src=\"https:\/\/cdn.shopifycdn.net\/s\/files\/1\/0609\/8324\/7079\/files\/AG01-__03_1024x1024.jpg?v=1652434144\" alt=\"AG01 CNC Hall Gimbal for TX16S\" \/><\/p>\n<p><img decoding=\"async\" class=\"aligncenter\" src=\"https:\/\/cdn.shopifycdn.net\/s\/files\/1\/0609\/8324\/7079\/files\/AG01-__04_1024x1024.jpg?v=1652434242\" alt=\"AG01 CNC Hall Gimbal for TX16S\" \/><\/p>","protected":false},"excerpt":{"rendered":"<p>Specificatii: Articol: AG01 CNC Hall Gimbal Sets Tip de detectare: Hall Tensiune de lucru: DC 3,3 V Linearitate: \u00een timp real (f\u0103r\u0103 \u00eent\u00e2rziere) Interval de deplasare reglabil: 38\u00b0\u201454\u00b0 Mod reglabil: Da Tensiune reglabila: Da Rulment quad: da Interval de temperatur\u0103: -20\u00b0c-85\u00b0c Dimensiune: 60*53*56mm Greutate: 125 g\/buc<\/p>","protected":false},"featured_media":7391,"comment_status":"open","ping_status":"closed","template":"","meta":[],"product_brand":[],"product_cat":[22],"product_tag":[],"class_list":{"0":"post-6648","1":"product","2":"type-product","3":"status-publish","4":"has-post-thumbnail","6":"product_cat-transmisie","8":"first","9":"outofstock","10":"shipping-taxable","11":"purchasable","12":"product-type-simple"},"supplier_id":null,"supplier_sku":"","barcode":null,"atum_controlled":true,"out_stock_date":null,"out_stock_threshold":null,"inheritable":false,"inbound_stock":null,"stock_on_hold":null,"sold_today":null,"sales_last_days":null,"reserved_stock":null,"customer_returns":null,"warehouse_damage":null,"lost_in_post":null,"other_logs":null,"out_stock_days":null,"lost_sales":null,"has_location":null,"update_date":null,"atum_locations":[],"atum_stock_status":"instock","restock_status":false,"low_stock_amount":"","sales_update_date":null,"calc_backorders":null,"_links":{"self":[{"href":"https:\/\/iflyfpv.ro\/en\/wp-json\/wp\/v2\/product\/6648","targetHints":{"allow":["GET"]}}],"collection":[{"href":"https:\/\/iflyfpv.ro\/en\/wp-json\/wp\/v2\/product"}],"about":[{"href":"https:\/\/iflyfpv.ro\/en\/wp-json\/wp\/v2\/types\/product"}],"replies":[{"embeddable":true,"href":"https:\/\/iflyfpv.ro\/en\/wp-json\/wp\/v2\/comments?post=6648"}],"wp:featuredmedia":[{"embeddable":true,"href":"https:\/\/iflyfpv.ro\/en\/wp-json\/wp\/v2\/media\/7391"}],"wp:attachment":[{"href":"https:\/\/iflyfpv.ro\/en\/wp-json\/wp\/v2\/media?parent=6648"}],"wp:term":[{"taxonomy":"product_brand","embeddable":true,"href":"https:\/\/iflyfpv.ro\/en\/wp-json\/wp\/v2\/product_brand?post=6648"},{"taxonomy":"product_cat","embeddable":true,"href":"https:\/\/iflyfpv.ro\/en\/wp-json\/wp\/v2\/product_cat?post=6648"},{"taxonomy":"product_tag","embeddable":true,"href":"https:\/\/iflyfpv.ro\/en\/wp-json\/wp\/v2\/product_tag?post=6648"}],"curies":[{"name":"wp","href":"https:\/\/api.w.org\/{rel}","templated":true}]}}