{"id":8660,"date":"2023-10-23T22:12:20","date_gmt":"2023-10-23T20:12:20","guid":{"rendered":"https:\/\/iflyfpv.ro\/?post_type=product&#038;p=8660"},"modified":"2026-03-10T19:44:33","modified_gmt":"2026-03-10T17:44:33","slug":"vci-spark-1507-2-3900kv","status":"publish","type":"product","link":"https:\/\/iflyfpv.ro\/en\/product\/vci-spark-1507-2-3900kv\/","title":{"rendered":"VCI Spark 1507.2 - 3900kv"},"content":{"rendered":"<p>Brand: VCI HOBBY<\/p>\n<p>Model: SPARK 1507.22<\/p>\n<p>Item name: 1507.2 3900kv Brushless motor<\/p>\n<p>Quantity: 1 piece<\/p>\n<p>Configuration: 12N14P<\/p>\n<p>Shaft diameter: 1.5 mm (2 mm inside)<\/p>\n<p>Stator diameter: 15 mm<\/p>\n<p>Mounting hole: 9\u00d79, M2<\/p>\n<p>Stator length: 7.2mm<\/p>\n<p>Size: 19\u00d718,6 mm<\/p>\n<p>Weight: 14.8 g (Includes cable)<\/p>\n<p><a href=\"https:\/\/casaispas.ro\/iflyfpv.ro\/wp-content\/uploads\/2023\/10\/EN1507.2-Spec-1507-3900.jpg\"><img loading=\"lazy\" decoding=\"async\" class=\"size-full wp-image-8666 aligncenter\" src=\"https:\/\/casaispas.ro\/iflyfpv.ro\/wp-content\/uploads\/2023\/10\/EN1507.2-Spec-1507-3900.jpg\" alt=\"\" width=\"799\" height=\"898\" srcset=\"https:\/\/iflyfpv.ro\/wp-content\/uploads\/2023\/10\/EN1507.2-Spec-1507-3900.jpg 799w, https:\/\/iflyfpv.ro\/wp-content\/uploads\/2023\/10\/EN1507.2-Spec-1507-3900-450x506.jpg 450w, https:\/\/iflyfpv.ro\/wp-content\/uploads\/2023\/10\/EN1507.2-Spec-1507-3900-595x669.jpg 595w, https:\/\/iflyfpv.ro\/wp-content\/uploads\/2023\/10\/EN1507.2-Spec-1507-3900-267x300.jpg 267w, https:\/\/iflyfpv.ro\/wp-content\/uploads\/2023\/10\/EN1507.2-Spec-1507-3900-178x200.jpg 178w, https:\/\/iflyfpv.ro\/wp-content\/uploads\/2023\/10\/EN1507.2-Spec-1507-3900-768x863.jpg 768w, https:\/\/iflyfpv.ro\/wp-content\/uploads\/2023\/10\/EN1507.2-Spec-1507-3900-11x12.jpg 11w\" sizes=\"auto, (max-width: 799px) 100vw, 799px\" \/><\/a><\/p>\n<p style=\"text-align: center;\">","protected":false},"excerpt":{"rendered":"<p>Brand: VCI HOBBY Model: SPARK 1507.22 Nume articol: 1507.2 3900kv Motor f\u0103r\u0103 perii Cantitate: 1buc Configura\u021bie: 12N14P Dimetrul arborelui: 1,5 mm (2 mm \u00een interior) Diametrul statorului: 15 mm Orificiu de montare: 9\u00d79, M2 Lungimea statorului: 7.2mm Dimensiune: 19\u00d718,6 mm Greutate: 14.8 g (Include cablul)<\/p>","protected":false},"featured_media":8664,"comment_status":"open","ping_status":"closed","template":"","meta":[],"product_brand":[],"product_cat":[20],"product_tag":[],"class_list":{"0":"post-8660","1":"product","2":"type-product","3":"status-publish","4":"has-post-thumbnail","6":"product_cat-motor","8":"first","9":"instock","10":"shipping-taxable","11":"purchasable","12":"product-type-simple"},"supplier_id":null,"supplier_sku":"","barcode":null,"atum_controlled":true,"out_stock_date":null,"out_stock_threshold":null,"inheritable":false,"inbound_stock":null,"stock_on_hold":0,"sold_today":0,"sales_last_days":0,"reserved_stock":null,"customer_returns":null,"warehouse_damage":null,"lost_in_post":null,"other_logs":null,"out_stock_days":0,"lost_sales":0,"has_location":null,"update_date":"2026-04-16T01:19:06","atum_locations":[],"atum_stock_status":"instock","restock_status":false,"low_stock_amount":"","sales_update_date":"2026-04-16T01:19:06","calc_backorders":null,"_links":{"self":[{"href":"https:\/\/iflyfpv.ro\/en\/wp-json\/wp\/v2\/product\/8660","targetHints":{"allow":["GET"]}}],"collection":[{"href":"https:\/\/iflyfpv.ro\/en\/wp-json\/wp\/v2\/product"}],"about":[{"href":"https:\/\/iflyfpv.ro\/en\/wp-json\/wp\/v2\/types\/product"}],"replies":[{"embeddable":true,"href":"https:\/\/iflyfpv.ro\/en\/wp-json\/wp\/v2\/comments?post=8660"}],"wp:featuredmedia":[{"embeddable":true,"href":"https:\/\/iflyfpv.ro\/en\/wp-json\/wp\/v2\/media\/8664"}],"wp:attachment":[{"href":"https:\/\/iflyfpv.ro\/en\/wp-json\/wp\/v2\/media?parent=8660"}],"wp:term":[{"taxonomy":"product_brand","embeddable":true,"href":"https:\/\/iflyfpv.ro\/en\/wp-json\/wp\/v2\/product_brand?post=8660"},{"taxonomy":"product_cat","embeddable":true,"href":"https:\/\/iflyfpv.ro\/en\/wp-json\/wp\/v2\/product_cat?post=8660"},{"taxonomy":"product_tag","embeddable":true,"href":"https:\/\/iflyfpv.ro\/en\/wp-json\/wp\/v2\/product_tag?post=8660"}],"curies":[{"name":"wp","href":"https:\/\/api.w.org\/{rel}","templated":true}]}}