{"id":9061,"date":"2024-01-25T00:10:24","date_gmt":"2024-01-24T22:10:24","guid":{"rendered":"https:\/\/iflyfpv.ro\/?post_type=product&#038;p=9061"},"modified":"2025-10-22T13:24:01","modified_gmt":"2025-10-22T11:24:01","slug":"radiomaster-er8gv","status":"publish","type":"product","link":"https:\/\/iflyfpv.ro\/en\/product\/radiomaster-er8gv\/","title":{"rendered":"Radiomaster ER8GV"},"content":{"rendered":"<p><b>Specifications:<\/b><\/p>\n<ul>\n<li>ARTICLE:: ER8GV 2.4GHz ELRS PWM Receiver<\/li>\n<li>Power supply: DC 3.5 - 8.4V<\/li>\n<li>Antenna type: 20cm high sensitivity antenna<\/li>\n<li>Wireless protocol: ExpressLRS 3.2 pre-installed<\/li>\n<li>Output channel: 8CH PWM<\/li>\n<li>Serial output: CRSF \/ Sbus<\/li>\n<li>Return power: maximum 100mw (LUA can be set)<\/li>\n<li>Built-in high precision air pressure sensor (Vario)<\/li>\n<li>Battery voltage detection range: DC 4.0 - 35V<\/li>\n<li>Weight: 12 grams<\/li>\n<li>Dimensions: 60*13.5*13mm<\/li>\n<li>Firmware: Device Category: Radiomaster 2.4Ghz \/ Device: RadioMaster ER8-GV 2.4GHz DiversitYy+8xPWM RX+Vario<\/li>\n<li>Manual: <a href=\"https:\/\/cdn.shopify.com\/s\/files\/1\/0609\/8324\/7079\/files\/ER8GV_Receiver_User_Manual.pdf?v=1687324709\">Download<\/a><\/li>\n<\/ul>\n<p>&nbsp;<\/p>\n<p><b>The package contains:\u00a0<\/b><\/p>\n<p>1 * E8GV 2.4GHz ELRS PWM Receiver<br \/>\n2 * Heat shrinkable tube<br \/>\n1 * Voltage telemetry wire (Type-A)<br \/>\n1 * CRSF wire<br \/>\n1 * ELRS- RX- SBUS wire<br \/>\n1 * User card<\/p>","protected":false},"excerpt":{"rendered":"<p>Specifica\u021bii: ARTICOL:: ER8GV 2.4GHz ELRS PWM Receiver Alimentare: DC 3.5 &#8211; 8.4V Tip anten\u0103: anten\u0103 de \u00eenalt\u0103 sensibilitate de 20cm Protocol wireless: ExpressLRS 3.2 preinstalat Canal de ie\u0219ire: 8CH PWM Ie\u0219ire serial\u0103: CRSF \/ Sbus Putere de retur: maxim 100mw (LUA poate fi setat) Senzor de presiune a aerului de \u00eenalt\u0103 precizie \u00eencorporat (Vario) Gama [&#8230;]","protected":false},"featured_media":9063,"comment_status":"open","ping_status":"closed","template":"","meta":[],"product_brand":[],"product_cat":[22],"product_tag":[],"class_list":{"0":"post-9061","1":"product","2":"type-product","3":"status-publish","4":"has-post-thumbnail","6":"product_cat-transmisie","8":"first","9":"instock","10":"shipping-taxable","11":"purchasable","12":"product-type-simple"},"supplier_id":null,"supplier_sku":"","barcode":null,"atum_controlled":true,"out_stock_date":null,"out_stock_threshold":null,"inheritable":false,"inbound_stock":null,"stock_on_hold":null,"sold_today":null,"sales_last_days":null,"reserved_stock":null,"customer_returns":null,"warehouse_damage":null,"lost_in_post":null,"other_logs":null,"out_stock_days":null,"lost_sales":null,"has_location":null,"update_date":null,"atum_locations":[],"atum_stock_status":"instock","restock_status":false,"low_stock_amount":"","sales_update_date":null,"calc_backorders":null,"_links":{"self":[{"href":"https:\/\/iflyfpv.ro\/en\/wp-json\/wp\/v2\/product\/9061","targetHints":{"allow":["GET"]}}],"collection":[{"href":"https:\/\/iflyfpv.ro\/en\/wp-json\/wp\/v2\/product"}],"about":[{"href":"https:\/\/iflyfpv.ro\/en\/wp-json\/wp\/v2\/types\/product"}],"replies":[{"embeddable":true,"href":"https:\/\/iflyfpv.ro\/en\/wp-json\/wp\/v2\/comments?post=9061"}],"wp:featuredmedia":[{"embeddable":true,"href":"https:\/\/iflyfpv.ro\/en\/wp-json\/wp\/v2\/media\/9063"}],"wp:attachment":[{"href":"https:\/\/iflyfpv.ro\/en\/wp-json\/wp\/v2\/media?parent=9061"}],"wp:term":[{"taxonomy":"product_brand","embeddable":true,"href":"https:\/\/iflyfpv.ro\/en\/wp-json\/wp\/v2\/product_brand?post=9061"},{"taxonomy":"product_cat","embeddable":true,"href":"https:\/\/iflyfpv.ro\/en\/wp-json\/wp\/v2\/product_cat?post=9061"},{"taxonomy":"product_tag","embeddable":true,"href":"https:\/\/iflyfpv.ro\/en\/wp-json\/wp\/v2\/product_tag?post=9061"}],"curies":[{"name":"wp","href":"https:\/\/api.w.org\/{rel}","templated":true}]}}