{"id":9161,"date":"2024-02-12T18:37:26","date_gmt":"2024-02-12T16:37:26","guid":{"rendered":"https:\/\/iflyfpv.ro\/?post_type=product&#038;p=9161"},"modified":"2025-07-14T20:24:05","modified_gmt":"2025-07-14T18:24:05","slug":"walksnail-avatar-hd-mini-vtx-v3","status":"publish","type":"product","link":"https:\/\/iflyfpv.ro\/en\/product\/walksnail-avatar-hd-mini-vtx-v3\/","title":{"rendered":"Walksnail Avatar HD Mini VTX V3"},"content":{"rendered":"<p><strong>Specifications:<\/strong><br \/>\nVTX Model Avatar HD Mini VTX V3 (USB cable included)<br \/>\nCommunication frequency 5.725-5.850GHz<br \/>\nTransmitter power (EIRP) FCC:&lt;27dBm;CE:&lt;14dBm;SRRC:&lt;20dBm;<br \/>\nMIC: &lt;25dBm<br \/>\nI\/O interface JST1.0*4 (power) JST0.8*4 (USB)<br \/>\nMounting holes 25.5*25.5 mm (M2 holes); 20*20 mm (M3 holes)<br \/>\nDimensions 31,5*31,5*9,4mm<br \/>\nStorage 32G<br \/>\n1080p\/720p recording<br \/>\nWeight 13,4 g<br \/>\nOperating temperature -20-40\u2103<br \/>\nChannel 8<br \/>\nVoltage: 3.1V-13V<br \/>\nSupported FC system Betaflight; Inav; Fettec; Pup; ArduPliot<\/p>\n<p>OSD Canvas module<br \/>\nLatency Average latency 22 ms<br \/>\nAntenna 1 (IPEX)<\/p>\n<p><strong>The package contains:<\/strong> 1x VTX AVATAR MINI V3 (Camera not included)<\/p>\n<p>&nbsp;<\/p>\n<p>&nbsp;<\/p>\n<p>&nbsp;<\/p>","protected":false},"excerpt":{"rendered":"<p>Specifica\u021bii: VTX Model Avatar HD Mini VTX V3 (Contine cablu USB) Frecven\u021ba de comunicare 5.725-5.850GHz Puterea transmi\u021b\u0103torului (EIRP) FCC:&lt;27dBm;CE:&lt;14dBm;SRRC:&lt;20dBm; MIC: &lt;25dBm Interfa\u021b\u0103 I\/O JST1.0*4 (alimentare) JST0.8*4 (USB) G\u0103uri de montare 25,5*25,5 mm (g\u0103uri M2); 20*20 mm (g\u0103uri M3) Dimensiuni 31,5*31,5*9,4mm Stocare 32G \u00cenregistrare 1080p\/720p Greutate 13,4 g Temperatura de func\u021bionare -20-40\u2103 Canale 8 Voltaj: 3.1V-13V [&#8230;]","protected":false},"featured_media":9163,"comment_status":"open","ping_status":"closed","template":"","meta":[],"product_brand":[],"product_cat":[298],"product_tag":[],"class_list":{"0":"post-9161","1":"product","2":"type-product","3":"status-publish","4":"has-post-thumbnail","6":"product_cat-walksnail-hd","8":"first","9":"instock","10":"shipping-taxable","11":"purchasable","12":"product-type-simple"},"supplier_id":null,"supplier_sku":"","barcode":null,"atum_controlled":true,"out_stock_date":null,"out_stock_threshold":null,"inheritable":false,"inbound_stock":null,"stock_on_hold":null,"sold_today":null,"sales_last_days":null,"reserved_stock":null,"customer_returns":null,"warehouse_damage":null,"lost_in_post":null,"other_logs":null,"out_stock_days":null,"lost_sales":null,"has_location":null,"update_date":null,"atum_locations":[],"atum_stock_status":"instock","restock_status":false,"low_stock_amount":"","sales_update_date":null,"calc_backorders":null,"_links":{"self":[{"href":"https:\/\/iflyfpv.ro\/en\/wp-json\/wp\/v2\/product\/9161","targetHints":{"allow":["GET"]}}],"collection":[{"href":"https:\/\/iflyfpv.ro\/en\/wp-json\/wp\/v2\/product"}],"about":[{"href":"https:\/\/iflyfpv.ro\/en\/wp-json\/wp\/v2\/types\/product"}],"replies":[{"embeddable":true,"href":"https:\/\/iflyfpv.ro\/en\/wp-json\/wp\/v2\/comments?post=9161"}],"wp:featuredmedia":[{"embeddable":true,"href":"https:\/\/iflyfpv.ro\/en\/wp-json\/wp\/v2\/media\/9163"}],"wp:attachment":[{"href":"https:\/\/iflyfpv.ro\/en\/wp-json\/wp\/v2\/media?parent=9161"}],"wp:term":[{"taxonomy":"product_brand","embeddable":true,"href":"https:\/\/iflyfpv.ro\/en\/wp-json\/wp\/v2\/product_brand?post=9161"},{"taxonomy":"product_cat","embeddable":true,"href":"https:\/\/iflyfpv.ro\/en\/wp-json\/wp\/v2\/product_cat?post=9161"},{"taxonomy":"product_tag","embeddable":true,"href":"https:\/\/iflyfpv.ro\/en\/wp-json\/wp\/v2\/product_tag?post=9161"}],"curies":[{"name":"wp","href":"https:\/\/api.w.org\/{rel}","templated":true}]}}