{"id":9512,"date":"2024-04-08T19:48:08","date_gmt":"2024-04-08T17:48:08","guid":{"rendered":"https:\/\/iflyfpv.ro\/?post_type=product&#038;p=9512"},"modified":"2026-01-31T16:00:11","modified_gmt":"2026-01-31T14:00:11","slug":"gnb-2200mah-6s-100c-xt60","status":"publish","type":"product","link":"https:\/\/iflyfpv.ro\/en\/product\/gnb-2200mah-6s-100c-xt60\/","title":{"rendered":"GNB 2200mAh 6S 100C XT60"},"content":{"rendered":"<p>Model No: GNB22006S100A<\/p>\n<p>Capacity: 2200mAh<\/p>\n<p>Voltage: 22.2 V<\/p>\n<p>Cell configuration: 6S1P<\/p>\n<p>Package size: 48*34*110mm (H*W*L)<\/p>\n<p>Net weight: 341g (+\/-6g)<\/p>\n<p>Discharge rate: 100C<\/p>\n<p>Charge rate: 1C to 5C<\/p>\n<p>Discharge connector: XT60<\/p>\n<p>Package contains: 1 x Battery<\/p>\n[nasa_static_block id=\"9571\u2033]","protected":false},"excerpt":{"rendered":"<p>Nr. model: GNB22006S100A Capacitate: 2200mAh Tensiune: 22.2 V Configura\u021bie celule: 6S1P Dimensiune pachet: 48*34*110mm (H*W*L) Greutate net\u0103: 341g (+\/-6g) Rata de desc\u0103rcare: 100C Rata de \u00eenc\u0103rcare: 1C p\u00e2n\u0103 la 5C Conector de desc\u0103rcare: XT60 Pachetul contine: 1 x Acumulator [nasa_static_block id=&#8221;9571&#8243;]","protected":false},"featured_media":9514,"comment_status":"open","ping_status":"closed","template":"","meta":[],"product_brand":[],"product_cat":[46],"product_tag":[],"class_list":{"0":"post-9512","1":"product","2":"type-product","3":"status-publish","4":"has-post-thumbnail","6":"product_cat-gnb","7":"pa_amperi-2200ma","8":"pa_nr-celule-6s","10":"first","11":"outofstock","12":"sale","13":"shipping-taxable","14":"purchasable","15":"product-type-simple"},"supplier_id":null,"supplier_sku":"","barcode":null,"atum_controlled":true,"out_stock_date":null,"out_stock_threshold":null,"inheritable":false,"inbound_stock":null,"stock_on_hold":null,"sold_today":null,"sales_last_days":null,"reserved_stock":null,"customer_returns":null,"warehouse_damage":null,"lost_in_post":null,"other_logs":null,"out_stock_days":null,"lost_sales":null,"has_location":null,"update_date":null,"atum_locations":[],"atum_stock_status":"instock","restock_status":false,"low_stock_amount":"","sales_update_date":null,"calc_backorders":null,"_links":{"self":[{"href":"https:\/\/iflyfpv.ro\/en\/wp-json\/wp\/v2\/product\/9512","targetHints":{"allow":["GET"]}}],"collection":[{"href":"https:\/\/iflyfpv.ro\/en\/wp-json\/wp\/v2\/product"}],"about":[{"href":"https:\/\/iflyfpv.ro\/en\/wp-json\/wp\/v2\/types\/product"}],"replies":[{"embeddable":true,"href":"https:\/\/iflyfpv.ro\/en\/wp-json\/wp\/v2\/comments?post=9512"}],"wp:featuredmedia":[{"embeddable":true,"href":"https:\/\/iflyfpv.ro\/en\/wp-json\/wp\/v2\/media\/9514"}],"wp:attachment":[{"href":"https:\/\/iflyfpv.ro\/en\/wp-json\/wp\/v2\/media?parent=9512"}],"wp:term":[{"taxonomy":"product_brand","embeddable":true,"href":"https:\/\/iflyfpv.ro\/en\/wp-json\/wp\/v2\/product_brand?post=9512"},{"taxonomy":"product_cat","embeddable":true,"href":"https:\/\/iflyfpv.ro\/en\/wp-json\/wp\/v2\/product_cat?post=9512"},{"taxonomy":"product_tag","embeddable":true,"href":"https:\/\/iflyfpv.ro\/en\/wp-json\/wp\/v2\/product_tag?post=9512"}],"curies":[{"name":"wp","href":"https:\/\/api.w.org\/{rel}","templated":true}]}}