{"id":9520,"date":"2024-04-08T20:18:40","date_gmt":"2024-04-08T18:18:40","guid":{"rendered":"https:\/\/iflyfpv.ro\/?post_type=product&#038;p=9520"},"modified":"2026-03-28T09:23:44","modified_gmt":"2026-03-28T07:23:44","slug":"gnb-5000mah-4s-50c-xt60","status":"publish","type":"product","link":"https:\/\/iflyfpv.ro\/en\/product\/gnb-5000mah-4s-50c-xt60\/","title":{"rendered":"GNB 5000mAh 4S 50C XT60"},"content":{"rendered":"<p>Model No: GNB50004S50A<\/p>\n<p>Capacity: 5000mAh<\/p>\n<p>Voltage: 14.8V<\/p>\n<p>Cell configuration: 4S1P<\/p>\n<p>Package size: 38*44*139mm (H*W*L)<\/p>\n<p>Net weight: 466g (+\/-13g)g<\/p>\n<p>Discharge rate: 100C<\/p>\n<p>Charge rate: 1C to 5C<\/p>\n<p>Discharge connector: XT60<\/p>\n<p>Package contains: 1 x Battery<\/p>\n[nasa_static_block id=\"9571\u2033]","protected":false},"excerpt":{"rendered":"<p>Nr. model: GNB50004S50A Capacitate: 5000mAh Tensiune: 14,8V Configura\u021bie celule: 4S1P Dimensiune pachet: 38*44*139mm (H*W*L) Greutate net\u0103: 466g (+\/-13g)g Rata de desc\u0103rcare: 100C Rata de \u00eenc\u0103rcare: 1C p\u00e2n\u0103 la 5C Conector de desc\u0103rcare: XT60 Pachetul contine: 1 x Acumulator [nasa_static_block id=&#8221;9571&#8243;]","protected":false},"featured_media":9522,"comment_status":"open","ping_status":"closed","template":"","meta":[],"product_brand":[],"product_cat":[46],"product_tag":[],"class_list":{"0":"post-9520","1":"product","2":"type-product","3":"status-publish","4":"has-post-thumbnail","6":"product_cat-gnb","7":"pa_amperi-5000ma","8":"pa_nr-celule-4s","10":"first","11":"instock","12":"sale","13":"shipping-taxable","14":"purchasable","15":"product-type-simple"},"supplier_id":null,"supplier_sku":"","barcode":null,"atum_controlled":true,"out_stock_date":null,"out_stock_threshold":null,"inheritable":false,"inbound_stock":null,"stock_on_hold":0,"sold_today":0,"sales_last_days":0,"reserved_stock":null,"customer_returns":null,"warehouse_damage":null,"lost_in_post":null,"other_logs":null,"out_stock_days":0,"lost_sales":0,"has_location":null,"update_date":"2026-04-16T01:19:05","atum_locations":[],"atum_stock_status":"instock","restock_status":false,"low_stock_amount":"","sales_update_date":"2026-04-16T01:19:05","calc_backorders":null,"_links":{"self":[{"href":"https:\/\/iflyfpv.ro\/en\/wp-json\/wp\/v2\/product\/9520","targetHints":{"allow":["GET"]}}],"collection":[{"href":"https:\/\/iflyfpv.ro\/en\/wp-json\/wp\/v2\/product"}],"about":[{"href":"https:\/\/iflyfpv.ro\/en\/wp-json\/wp\/v2\/types\/product"}],"replies":[{"embeddable":true,"href":"https:\/\/iflyfpv.ro\/en\/wp-json\/wp\/v2\/comments?post=9520"}],"wp:featuredmedia":[{"embeddable":true,"href":"https:\/\/iflyfpv.ro\/en\/wp-json\/wp\/v2\/media\/9522"}],"wp:attachment":[{"href":"https:\/\/iflyfpv.ro\/en\/wp-json\/wp\/v2\/media?parent=9520"}],"wp:term":[{"taxonomy":"product_brand","embeddable":true,"href":"https:\/\/iflyfpv.ro\/en\/wp-json\/wp\/v2\/product_brand?post=9520"},{"taxonomy":"product_cat","embeddable":true,"href":"https:\/\/iflyfpv.ro\/en\/wp-json\/wp\/v2\/product_cat?post=9520"},{"taxonomy":"product_tag","embeddable":true,"href":"https:\/\/iflyfpv.ro\/en\/wp-json\/wp\/v2\/product_tag?post=9520"}],"curies":[{"name":"wp","href":"https:\/\/api.w.org\/{rel}","templated":true}]}}