{"id":9525,"date":"2024-04-08T20:39:11","date_gmt":"2024-04-08T18:39:11","guid":{"rendered":"https:\/\/iflyfpv.ro\/?post_type=product&#038;p=9525"},"modified":"2026-04-15T07:55:00","modified_gmt":"2026-04-15T05:55:00","slug":"gnb-3000mah-2s-5c-xt60-dc5-5-pentru-ochelari-fpv","status":"publish","type":"product","link":"https:\/\/iflyfpv.ro\/en\/product\/gnb-3000mah-2s-5c-xt60-dc5-5-pentru-ochelari-fpv\/","title":{"rendered":"GNB 3000mAh 2S 5C XT60 \/ DC5.5 for FPV goggles"},"content":{"rendered":"<p>Model no: GNB30002SCA<\/p>\n<p>Capacity: 3000mAh<\/p>\n<p>Voltage: 7,4V<\/p>\n<p>Cell configuration: 2S1P<\/p>\n<p>Package size: 21*38*73mm (H*W*L)<\/p>\n<p>Net weight: 112g (+\/-4g)<\/p>\n<p>Discharge rate: 6C<\/p>\n<p><strong><span style=\"color: #ff0000;\">Charge rate: 0.2-1C<\/span><\/strong><\/p>\n<p>Discharge connector: XT60 \/ DC5.5<\/p>\n<p>Package contains: 1 x Battery<\/p>","protected":false},"excerpt":{"rendered":"<p>Nr. model: GNB30002SCA Capacitate: 3000mAh Tensiune: 7,4V Configura\u021bie celule: 2S1P Dimensiune pachet: 21*38*73mm (H*W*L) Greutate net\u0103: 112g (+\/-4g) Rata de desc\u0103rcare: 6C Rata de \u00eenc\u0103rcare: 0.2-1C Conector de desc\u0103rcare: XT60 \/ DC5.5 Pachetul contine: 1 x Acumulator<\/p>","protected":false},"featured_media":9526,"comment_status":"open","ping_status":"closed","template":"","meta":[],"product_brand":[],"product_cat":[46],"product_tag":[],"class_list":{"0":"post-9525","1":"product","2":"type-product","3":"status-publish","4":"has-post-thumbnail","6":"product_cat-gnb","7":"pa_amperi-3000ma","8":"pa_nr-celule-2s","10":"first","11":"instock","12":"sale","13":"shipping-taxable","14":"purchasable","15":"product-type-simple"},"supplier_id":null,"supplier_sku":"","barcode":null,"atum_controlled":true,"out_stock_date":null,"out_stock_threshold":null,"inheritable":false,"inbound_stock":null,"stock_on_hold":0,"sold_today":0,"sales_last_days":1,"reserved_stock":null,"customer_returns":null,"warehouse_damage":null,"lost_in_post":null,"other_logs":null,"out_stock_days":0,"lost_sales":0,"has_location":null,"update_date":"2026-04-16T01:19:07","atum_locations":[],"atum_stock_status":"instock","restock_status":false,"low_stock_amount":"","sales_update_date":"2026-04-16T01:19:07","calc_backorders":null,"_links":{"self":[{"href":"https:\/\/iflyfpv.ro\/en\/wp-json\/wp\/v2\/product\/9525","targetHints":{"allow":["GET"]}}],"collection":[{"href":"https:\/\/iflyfpv.ro\/en\/wp-json\/wp\/v2\/product"}],"about":[{"href":"https:\/\/iflyfpv.ro\/en\/wp-json\/wp\/v2\/types\/product"}],"replies":[{"embeddable":true,"href":"https:\/\/iflyfpv.ro\/en\/wp-json\/wp\/v2\/comments?post=9525"}],"wp:featuredmedia":[{"embeddable":true,"href":"https:\/\/iflyfpv.ro\/en\/wp-json\/wp\/v2\/media\/9526"}],"wp:attachment":[{"href":"https:\/\/iflyfpv.ro\/en\/wp-json\/wp\/v2\/media?parent=9525"}],"wp:term":[{"taxonomy":"product_brand","embeddable":true,"href":"https:\/\/iflyfpv.ro\/en\/wp-json\/wp\/v2\/product_brand?post=9525"},{"taxonomy":"product_cat","embeddable":true,"href":"https:\/\/iflyfpv.ro\/en\/wp-json\/wp\/v2\/product_cat?post=9525"},{"taxonomy":"product_tag","embeddable":true,"href":"https:\/\/iflyfpv.ro\/en\/wp-json\/wp\/v2\/product_tag?post=9525"}],"curies":[{"name":"wp","href":"https:\/\/api.w.org\/{rel}","templated":true}]}}