{"id":9532,"date":"2024-04-09T21:38:51","date_gmt":"2024-04-09T19:38:51","guid":{"rendered":"https:\/\/iflyfpv.ro\/?post_type=product&#038;p=9532"},"modified":"2026-03-06T09:02:35","modified_gmt":"2026-03-06T07:02:35","slug":"coddar-hv-730mah-4s-100c-xt30","status":"publish","type":"product","link":"https:\/\/iflyfpv.ro\/en\/product\/coddar-hv-730mah-4s-100c-xt30\/","title":{"rendered":"CODDAR HV 730mAh 4S 100C XT30"},"content":{"rendered":"<p>Model no: CD4S730100HV<\/p>\n<p>Capacity: 730mAh<\/p>\n<p>Voltage: 15,20 V<\/p>\n<p>Cell configuration: 4S1P<\/p>\n<p>Package size: 71*18*30*30(H*W*L)<\/p>\n<p>Net weight: 70g (+\/-1g)<\/p>\n<p>Discharge rate: 100C<\/p>\n<p>Charge rate: 1C to 5C<\/p>\n<p>Discharge connector: XT30<\/p>\n<p>Package contains: 1 x Battery<\/p>","protected":false},"excerpt":{"rendered":"<p>Nr. model: CD4S730100HV Capacitate: 730mAh Tensiune: 15,20 V Configura\u021bie celule: 4S1P Dimensiune pachet: 71*18*30(H*W*L) Greutate net\u0103: 70g (+\/-1g) Rata de desc\u0103rcare: 100C Rata de \u00eenc\u0103rcare: 1C p\u00e2n\u0103 la 5C Conector de desc\u0103rcare: XT30 Pachetul contine: 1 x Acumulator<\/p>","protected":false},"featured_media":9533,"comment_status":"open","ping_status":"closed","template":"","meta":[],"product_brand":[],"product_cat":[322,27],"product_tag":[],"class_list":{"0":"post-9532","1":"product","2":"type-product","3":"status-publish","4":"has-post-thumbnail","6":"product_cat-coddar","7":"product_cat-lipo","8":"pa_amperi-730ma","9":"pa_nr-celule-4s","11":"first","12":"onbackorder","13":"shipping-taxable","14":"purchasable","15":"product-type-simple"},"supplier_id":null,"supplier_sku":"","barcode":null,"atum_controlled":true,"out_stock_date":"2026-03-06 09:02:34","out_stock_threshold":null,"inheritable":false,"inbound_stock":null,"stock_on_hold":0,"sold_today":0,"sales_last_days":0,"reserved_stock":null,"customer_returns":null,"warehouse_damage":null,"lost_in_post":null,"other_logs":null,"out_stock_days":40,"lost_sales":0,"has_location":false,"update_date":"2026-04-16T01:19:06","atum_locations":[],"atum_stock_status":"onbackorder","restock_status":false,"low_stock_amount":"","sales_update_date":"2026-04-16T01:19:06","calc_backorders":0,"_links":{"self":[{"href":"https:\/\/iflyfpv.ro\/en\/wp-json\/wp\/v2\/product\/9532","targetHints":{"allow":["GET"]}}],"collection":[{"href":"https:\/\/iflyfpv.ro\/en\/wp-json\/wp\/v2\/product"}],"about":[{"href":"https:\/\/iflyfpv.ro\/en\/wp-json\/wp\/v2\/types\/product"}],"replies":[{"embeddable":true,"href":"https:\/\/iflyfpv.ro\/en\/wp-json\/wp\/v2\/comments?post=9532"}],"wp:featuredmedia":[{"embeddable":true,"href":"https:\/\/iflyfpv.ro\/en\/wp-json\/wp\/v2\/media\/9533"}],"wp:attachment":[{"href":"https:\/\/iflyfpv.ro\/en\/wp-json\/wp\/v2\/media?parent=9532"}],"wp:term":[{"taxonomy":"product_brand","embeddable":true,"href":"https:\/\/iflyfpv.ro\/en\/wp-json\/wp\/v2\/product_brand?post=9532"},{"taxonomy":"product_cat","embeddable":true,"href":"https:\/\/iflyfpv.ro\/en\/wp-json\/wp\/v2\/product_cat?post=9532"},{"taxonomy":"product_tag","embeddable":true,"href":"https:\/\/iflyfpv.ro\/en\/wp-json\/wp\/v2\/product_tag?post=9532"}],"curies":[{"name":"wp","href":"https:\/\/api.w.org\/{rel}","templated":true}]}}