{"id":9631,"date":"2024-04-18T17:34:07","date_gmt":"2024-04-18T15:34:07","guid":{"rendered":"https:\/\/iflyfpv.ro\/?post_type=product&#038;p=9631"},"modified":"2026-04-01T10:34:23","modified_gmt":"2026-04-01T08:34:23","slug":"coddar-1500mah-4s-110c-xt60","status":"publish","type":"product","link":"https:\/\/iflyfpv.ro\/en\/product\/coddar-1500mah-4s-110c-xt60\/","title":{"rendered":"CODDAR 1500mAh 4S 110C XT60"},"content":{"rendered":"<p>Model no: CD4S1500110<\/p>\n<p>Capacity: 1500mAh<\/p>\n<p>Voltage: 14.8 V<\/p>\n<p>Cell configuration: 6S1P<\/p>\n<p>Package size: 74*34*34*35(H*W*L)<\/p>\n<p>Net weight: 166g (+\/-5g)<\/p>\n<p>Discharge rate: 110C<\/p>\n<p>Charge rate: 1C to 5C<\/p>\n<p>Discharge connector: XT60<\/p>\n<p>Package contains: 1 x Battery<\/p>\n[nasa_static_block id=\"9571\u2033]","protected":false},"excerpt":{"rendered":"<p>Nr. model: CD4S1500110 Capacitate: 1500mAh Tensiune: 14,8 V Configura\u021bie celule: 6S1P Dimensiune pachet: 74*34*35(H*W*L) Greutate net\u0103: 166g (+\/-5g) Rata de desc\u0103rcare: 110C Rata de \u00eenc\u0103rcare: 1C p\u00e2n\u0103 la 5C Conector de desc\u0103rcare: XT60 Pachetul contine: 1 x Acumulator [nasa_static_block id=&#8221;9571&#8243;]","protected":false},"featured_media":9633,"comment_status":"open","ping_status":"closed","template":"","meta":[],"product_brand":[],"product_cat":[322,27],"product_tag":[],"class_list":{"0":"post-9631","1":"product","2":"type-product","3":"status-publish","4":"has-post-thumbnail","6":"product_cat-coddar","7":"product_cat-lipo","8":"pa_amperi-1500ma","9":"pa_nr-celule-4s","11":"first","12":"instock","13":"shipping-taxable","14":"purchasable","15":"product-type-simple"},"supplier_id":null,"supplier_sku":"","barcode":null,"atum_controlled":true,"out_stock_date":null,"out_stock_threshold":null,"inheritable":false,"inbound_stock":null,"stock_on_hold":2,"sold_today":0,"sales_last_days":0,"reserved_stock":null,"customer_returns":null,"warehouse_damage":null,"lost_in_post":null,"other_logs":null,"out_stock_days":0,"lost_sales":0,"has_location":null,"update_date":"2026-04-16T01:19:07","atum_locations":[],"atum_stock_status":"instock","restock_status":false,"low_stock_amount":"","sales_update_date":"2026-04-16T01:19:07","calc_backorders":null,"_links":{"self":[{"href":"https:\/\/iflyfpv.ro\/en\/wp-json\/wp\/v2\/product\/9631","targetHints":{"allow":["GET"]}}],"collection":[{"href":"https:\/\/iflyfpv.ro\/en\/wp-json\/wp\/v2\/product"}],"about":[{"href":"https:\/\/iflyfpv.ro\/en\/wp-json\/wp\/v2\/types\/product"}],"replies":[{"embeddable":true,"href":"https:\/\/iflyfpv.ro\/en\/wp-json\/wp\/v2\/comments?post=9631"}],"wp:featuredmedia":[{"embeddable":true,"href":"https:\/\/iflyfpv.ro\/en\/wp-json\/wp\/v2\/media\/9633"}],"wp:attachment":[{"href":"https:\/\/iflyfpv.ro\/en\/wp-json\/wp\/v2\/media?parent=9631"}],"wp:term":[{"taxonomy":"product_brand","embeddable":true,"href":"https:\/\/iflyfpv.ro\/en\/wp-json\/wp\/v2\/product_brand?post=9631"},{"taxonomy":"product_cat","embeddable":true,"href":"https:\/\/iflyfpv.ro\/en\/wp-json\/wp\/v2\/product_cat?post=9631"},{"taxonomy":"product_tag","embeddable":true,"href":"https:\/\/iflyfpv.ro\/en\/wp-json\/wp\/v2\/product_tag?post=9631"}],"curies":[{"name":"wp","href":"https:\/\/api.w.org\/{rel}","templated":true}]}}