{"id":9976,"date":"2024-07-23T16:21:27","date_gmt":"2024-07-23T14:21:27","guid":{"rendered":"https:\/\/iflyfpv.ro\/?post_type=product&#038;p=9976"},"modified":"2026-02-09T11:45:30","modified_gmt":"2026-02-09T09:45:30","slug":"skystars-bec","status":"publish","type":"product","link":"https:\/\/iflyfpv.ro\/en\/product\/skystars-bec\/","title":{"rendered":"Skystars BEC 5V\/12V 3.5A"},"content":{"rendered":"<p>Skystars Bec 5V\/12V 3.5A<\/p>\n<p><strong>Specs:<\/strong><\/p>\n<p>Input voltage: 6-36V<\/p>\n<p>Output voltage\/current: 5V or 12V, average peak 3A, 4.5A, good heat dissipation.<\/p>\n<p>Size: 13 * 14 * 4.5mm<\/p>\n<p>Weight: 1.79 grams<\/p>\n<p>Features:<\/p>\n<p>5V\/12V output, step switch mode<\/p>\n<p>12V solder bridge output, open circuit is 5V. (Implied is 5V output disconnected)<\/p>","protected":false},"excerpt":{"rendered":"<p>Skystars Bec 5V\/12V 3.5A Specificatii: Tensiune de intrare: 6-36V Tensiune \/ curent de ie\u0219ire: 5V sau 12V, v\u00e2rf mediu 3A, 4.5A, disipare bun\u0103 a c\u0103ldurii. Dimensiune: 13 * 14 * 4.5mm Greutate: 1,79 grame Caracteristici: Ie\u0219ire 5V\/12V, modul pas cu pas de tip comutator Ie\u0219ire punte de lipit de 12V, circuitul deschis este de 5V. [&#8230;]","protected":false},"featured_media":9978,"comment_status":"open","ping_status":"closed","template":"","meta":[],"product_brand":[],"product_cat":[15],"product_tag":[],"class_list":{"0":"post-9976","1":"product","2":"type-product","3":"status-publish","4":"has-post-thumbnail","6":"product_cat-uncategorized","8":"first","9":"outofstock","10":"shipping-taxable","11":"purchasable","12":"product-type-simple"},"supplier_id":null,"supplier_sku":"","barcode":null,"atum_controlled":true,"out_stock_date":"2026-02-09 11:45:31","out_stock_threshold":null,"inheritable":false,"inbound_stock":null,"stock_on_hold":0,"sold_today":0,"sales_last_days":0,"reserved_stock":null,"customer_returns":null,"warehouse_damage":null,"lost_in_post":null,"other_logs":null,"out_stock_days":65,"lost_sales":232,"has_location":null,"update_date":"2026-04-16T01:19:05","atum_locations":[],"atum_stock_status":"outofstock","restock_status":false,"low_stock_amount":"","sales_update_date":"2026-04-16T01:19:05","calc_backorders":null,"_links":{"self":[{"href":"https:\/\/iflyfpv.ro\/en\/wp-json\/wp\/v2\/product\/9976","targetHints":{"allow":["GET"]}}],"collection":[{"href":"https:\/\/iflyfpv.ro\/en\/wp-json\/wp\/v2\/product"}],"about":[{"href":"https:\/\/iflyfpv.ro\/en\/wp-json\/wp\/v2\/types\/product"}],"replies":[{"embeddable":true,"href":"https:\/\/iflyfpv.ro\/en\/wp-json\/wp\/v2\/comments?post=9976"}],"wp:featuredmedia":[{"embeddable":true,"href":"https:\/\/iflyfpv.ro\/en\/wp-json\/wp\/v2\/media\/9978"}],"wp:attachment":[{"href":"https:\/\/iflyfpv.ro\/en\/wp-json\/wp\/v2\/media?parent=9976"}],"wp:term":[{"taxonomy":"product_brand","embeddable":true,"href":"https:\/\/iflyfpv.ro\/en\/wp-json\/wp\/v2\/product_brand?post=9976"},{"taxonomy":"product_cat","embeddable":true,"href":"https:\/\/iflyfpv.ro\/en\/wp-json\/wp\/v2\/product_cat?post=9976"},{"taxonomy":"product_tag","embeddable":true,"href":"https:\/\/iflyfpv.ro\/en\/wp-json\/wp\/v2\/product_tag?post=9976"}],"curies":[{"name":"wp","href":"https:\/\/api.w.org\/{rel}","templated":true}]}}