{"id":3,"date":"2020-09-30T17:39:29","date_gmt":"2020-09-30T17:39:29","guid":{"rendered":"https:\/\/iflyfpv-ro.layer.ro\/?page_id=3"},"modified":"2024-04-16T23:15:31","modified_gmt":"2024-04-16T21:15:31","slug":"privacy-policy","status":"publish","type":"page","link":"https:\/\/iflyfpv.ro\/ro\/privacy-policy\/","title":{"rendered":"Politica de confiden\u021bialitate"},"content":{"rendered":"\n<h2 class=\"wp-block-heading\">Cine suntem<\/h2>\n\n\n\n<p>Utilizarea acestui site face obiectul politicii de confiden\u021bialitate a societ\u0103\u021bii I FLY FPV TEAM SRL (\u00een continuare doar \u201eOperator\u201c). Princiipile de protec\u021bie a datelor cu caracter personal sunt furnizate \u00een conformitate cu Regulamentul Parlamentului European \u0219i al Consiliului (UE) 2016\/679, privind protec\u021bia persoanelor fizice \u00een ceea ce prive\u0219te protec\u021bia datelor cu caracter personal \u0219i libera circula\u021bie a acestor date \u0219i abrogarea directivei 95\/46\/CE (regulament general privind protec\u021bia datelor cu caracter personal &#8211; GDPR).<\/p>\n\n\n\n<h2 class=\"wp-block-heading\">Colectarea datelor cu caracter personal<\/h2>\n\n\n\n<h3 class=\"wp-block-heading\">Datele personale comunicate \u00een mod activ<\/h3>\n\n\n\n<p>Pe acest site noi colect\u0103m informa\u021bii pe care ni le furniza\u021bi \u00een mod voluntar. Datele personale le colect\u0103m de ex. din comand\u0103, la \u00eenregistrare sau solicitarea informa\u021biilor despre produse sau servicii, \u00eenscrierea pentru comunic\u0103ri de marketing, completarea chestionarelor, transmiterea de feedback despre produse \u0219i servicii. Aceste date personale pot con\u021bine numele \u0219i prenumele dvs., denumirea societ\u0103\u021bii, e-mail, telefon \u0219i alte informa\u021bii\u2026 Astfel de informa\u021bii ni le pute\u021bi furniza doar \u00eentr-un mod voluntar.<\/p>\n\n\n\n<h3 class=\"wp-block-heading\">Datele personale comunicate \u00eentr-un mod pasiv<\/h3>\n\n\n\n<p>\u00cen plus la utilizarea site-ului nostru se ajunge la colectarea automat\u0103 a informa\u021biilor. Aceste informa\u021bii nu pot dezv\u0103lui direct identitatea dvs., dar pot con\u021bine informa\u021bii despre un dispozitiv concret pe care \u00eel folosi\u021bi (de ex. tipul de browser web, adresa IP\u2026). Aceste informa\u021bii le ob\u021binem prin a\u0219a numitele module cookies (mai multe informa\u021bii despre acest subiect g\u0103si\u021bi mai jos).<\/p>\n\n\n\n<h2 class=\"wp-block-heading\">Cookies<\/h2>\n\n\n\n<p>Pe paginile web ale Operatorului se ajunge la colectarea informa\u0163iilor despre comportamentul utilizatorilor cu ajutorul unor module. Fi\u0219ierele cookie sunt fi\u0219iere text mici cu informa\u021bii, pe care site-urile web le stocheaz\u0103 pe computerul sau mobilul dvs. \u00een cazul \u00een care vizita\u021bi aceste site-uri. Aceste fi\u0219iere stocheaz\u0103 informa\u021bii despre pa\u0219ii \u0219i set\u0103rile dvs. Site-ul nostru utilizeaz\u0103 fi\u0219iere cookies \u00een scopul asigur\u0103rii unei experien\u021be mai bune pentru utilizatori \u0219i pentru \u00eembun\u0103t\u0103\u021birea func\u021bionalit\u0103\u021bii \u0219i performan\u021bei site-ului precum \u0219i \u00een scopuri de marketing \u0219i promovare.<\/p>\n\n\n\n<p>Pe acest site utiliz\u0103m urm\u0103toarele cookies:<\/p>\n\n\n\n<p>Cookies prima parte \u2013 sunt esen\u021biale pentru asigurarea traficului web (pe termen scurt). De asemenea folosim cookies pe termen lung pentru colectarea datelor anonime agreate de c\u0103tre vizitatorii site-ului (Google Analytics).<br>Cookies ter\u021b\u0103 parte \u2013 cookies sistemelor de publicitate, re\u0163elelor sociale, videoclipuri integrate\u2026<\/p>\n\n\n\n<h3 class=\"wp-block-heading\">Set\u0103rile fi\u0219ierelor cookies<\/h3>\n\n\n\n<p>Pute\u021bi schimba set\u0103rile cookies \u00een browserul dvs., dar \u00een primul r\u00e2nd este important s\u0103 re\u021bine\u021bi dac\u0103 modulele cookies vor fi dezactivate \u00een browserul dvs. nu ve\u021bi putea folosi toate elementele interactive ale site-ului nostru web. Cele mai noi browsere web (cum sunt Google Chrome, Mozilla Firefox, Internet Explorer, Safari\u2026) ofer\u0103 posibilitatea de a controla cookies stocate prin intermediul set\u0103rilor browserului. \u00cen set\u0103rile browserului pute\u021bi \u0219terge manual cookies individuale, s\u0103 le bloca\u021bi sau s\u0103 dezactiva\u021bi folosirea acestora, le pute\u021bi bloca sau activa doar pentru anumite site-uri. Pentru informa\u021bii mai detaliate folosi\u021bi ajutorul browserului dvs. Dac\u0103 browserul dvs. are activat\u0103 utilizarea cookies, vom presupune c\u0103 sunte\u021bi de acord cu utilizarea standard cookies din partea serverului nostru. [user_consent_state]\n\n\n\n<h3 class=\"wp-block-heading\">Folosirea tehnologiilor similare<\/h3>\n\n\n\n<p>Av\u00e2nd \u00een vedere c\u0103 fi\u0219ierele cookies nu sunt singura modalitate de urm\u0103rire sau recunoa\u0219tere a utilizatorilor site-urilor web, sunt folosite \u0219i alte tehnologii similare \u00een func\u021bie de nevoie (software de urm\u0103rire), care sunt urm\u0103rite de utilizatorii no\u0219tri. Aceasta ne permite urm\u0103rirea modelelor de comportament ale utilizatorilor de pe site-ul nostru \u0219i s\u0103 le folosim \u00een scopuri de marketing, s\u0103 furniz\u0103m sau s\u0103 folosim serviciile cookies sau s\u0103 \u00eembun\u0103t\u0103\u021bim performan\u021ba online.<\/p>\n\n\n\n<p>Remarketing<\/p>\n\n\n\n<p>\u00cen scopuri de remarketing Operatorul colecteaz\u0103 modulele cookies stocate \u00een browserul vizitatorului. Remarketingul este afi\u0219area reclamelor \u00een baza vizitelor anterioare ale vizitatorului pe paginile web ale Operatorului. La accesarea site-ului vizitatorul este marcat \u0219i \u00eencadrat anonim \u00een lista publicului \u021bint\u0103. Aceast\u0103 marcare este asigurat\u0103 prin fi\u0219iere cookies. Datele din remarketing sunt folosite exclusiv pentru a segmenta vizitatorii \u00een scopul trimiterii unui mesaj publicitar mai relevant. Segmentele sunt create \u00een baza mai multor modele generale ale comportamentului vizitatorilor. Mesajele comerciale sunt afi\u0219ate \u00een motoarele de c\u0103utare Google, etc. Remarketingul este asigurat prin intermediul platformelor de remarketing, cum ar fi Google AdWords, \u015fi altele.<\/p>\n\n\n\n<h2 class=\"wp-block-heading\">Referin\u021be la site-urile ter\u021belor persoane<\/h2>\n\n\n\n<p>\u00cen timpul parcurgerii site-ului nostru pute\u021bi \u00eent\u0103lni hyperlink-uri c\u0103tre site-urile unor ter\u021be persoane. Operatorul nu r\u0103spunde de colectarea \u0219i folosirea datelor personale pe aceste site-uri sau aplica\u021bii \u0219i v\u0103 recomand\u0103m ca \u00eenainte s\u0103 vizita\u021bi aceste site-uri sau s\u0103 folosi\u021bi anumite aplica\u021bii \u0219i servicii s\u0103 lua\u021bi la cuno\u0219tin\u021b\u0103 de termenii \u0219i declara\u021biile privind protec\u021bia datelor cu caracter personal.<br>Operatorul de asemenea folos\u0219te \u0219i mijlocul re\u021belelor sociale cum ar fi serviciile Compari.ro sau Facebook, \u00een scopul utiliz\u0103rii \u0219i ob\u021binerii de informa\u021bii. Aceste module plug-in alte altor platforme pot fi identificate prin logo \u0219i stilurile de text corespunz\u0103toare ale platformei respective. Dac\u0103 ve\u021bi folosi unele din aceste module plug-in petnru a selecta unul dintre site-urile noaste, acesta poate crea o leg\u0103tur\u0103 direct\u0103 \u00eentre browserul folosit \u0219i site-ul re\u021belei de socializare aferente. Deoarece aceast\u0103 transmisie are loc \u00eentodeauna \u00eentre re\u021beaua respectiv\u0103 \u0219i browser, Operatorul nu are acces la datele trimise \u0219i nici nu are informa\u021bii despre acestea. Dac\u0103 a\u021bi fost conectat simultan la una dintre platforme sau v\u0103 conecta\u021bi mai t\u00e2rziu la respectiva re\u021bea social\u0103 modulele plug-in vor putea conecta automat informa\u021biile la contul dvs. Aceea\u0219i procedur\u0103 este valabil\u0103 \u0219i pentru folosirea modulului plug-in (de ex. butonul\u201eLike\u201c) sau ad\u0103ugarea de comentarii.<\/p>\n\n\n\n<h2 class=\"wp-block-heading\">Furnizarea datelor c\u0103tre persoane ter\u021be<\/h2>\n\n\n\n<p>Operatorul nu va divulga sau dezv\u0103lui nici o informa\u021bie identificabil\u0103 despre dvs. ter\u021belor persoane f\u0103r\u0103 acordul dvs. Dale dvs. personale le putem \u00eemp\u0103rt\u0103\u0219i doar partenerilor comerciali autoriza\u021bi \u00een scopul distribuirii ofertei de produse \u0219i servicii, livrarea produselor comandate \u0219i alte comunic\u0103ri cu dvs., (de obicei companiile de livrare, procesatorii de pl\u0103ti, serviciile de e-mail marketing), \u00een cazurile prev\u0103zute de lege, cum ar fi anchetele guvernamentale, litigiile sau alte procese \u0219i cerin\u021be juridice, sau \u00een cazurile \u00een care suntem convin\u0219i de bun\u0103-credin\u021b\u0103 c\u0103 furnizarea datelor dvs. personale este necesar\u0103 pentru a ne proteja drepturile \u0219i aceasta de ex. \u00een cadrul investig\u0103rii unei posibile \u00eenc\u0103lc\u0103ri a termenilor \u0219i condi\u021biilor sau \u00een stabilirea prevenirii sau detect\u0103rii fraudei.<\/p>\n\n\n\n<h2 class=\"wp-block-heading\">Mesaje de marketing<\/h2>\n\n\n\n<p>Pute\u021bi renu\u021ba oric\u00e2nd la comunic\u0103rile de marketing direct.<br>Cea mai u\u0219oar\u0103 modalitate este s\u0103 face\u021bi click pe linkul \u201edezabonare\u201c \u00een oricare dintre emailuri sau comunic\u0103ri pe care vi le trimitem. De asemenea ne pute\u021bi contacta folosind datele de contact men\u021bionate pe site-ul nostru.<\/p>\n\n\n\n<h2 class=\"wp-block-heading\">Siguran\u021b\u0103<\/h2>\n\n\n\n<p>Operatorul colecteaz\u0103 datele cu caracter personal doar \u00een m\u0103sura \u00een care este necesar pentru scopurile men\u021bionate \u00een aceast\u0103 politic\u0103 de confiden\u021bialitate \u015fi utilizeaz\u0103 tehnologii de securitate corespunz\u0103toare, prin care asigur\u0103 securitatea, integritatea \u0219i confiden\u021bialitatea tuturor datelor cu caracter personal. Toate datele personale furnizate Operatorului sunt protejate prin proceduri \u0219i tehnologii standard. Datorit\u0103 naturii internetului Operatorul nu poate garanta integral securitatea informa\u021biilor pe care utilizatorii le introduc pe site-urile Operatorului, cu toate acestea Operatorul folose\u0219te m\u0103suri de securitate care sunt \u00een general recomandate pentru a \u00eempiedica accesul neautorizat la datele furnizate.<\/p>\n\n\n\n<h2 class=\"wp-block-heading\">Modific\u0103ri ale Politicii de confiden\u021bialitate<\/h2>\n\n\n\n<p>\u00cen cazul \u00een care va fi necesar petem actualiza politica de confiden\u021bialitate. Prin urmare v\u0103 recomand\u0103m s\u0103 revizui\u021bi periodic aceast\u0103 politic\u0103 de confiden\u021bialitate pentru a v\u0103 men\u021bine la curent despre modul \u00een care ajut\u0103m la protec\u021bia datelor dvs. personale pe care ni le-a\u021bi pus la dispozi\u021bie.<\/p>\n\n\n\n<h2 class=\"wp-block-heading\">Informa\u021bii de contact<\/h2>\n\n\n\n<p>Dac\u0103 este necesar pute\u021bi contacta Operatorul prin intermediul emailului: <a href=\"mailto:office@iflyfpv.ro\">office@iflyfpv.ro<\/a><\/p>\n","protected":false},"excerpt":{"rendered":"<p>Cine suntem Utilizarea acestui site face obiectul politicii de confiden\u021bialitate a societ\u0103\u021bii I FLY FPV TEAM SRL (\u00een continuare doar \u201eOperator\u201c). Princiipile de protec\u021bie a datelor cu caracter personal sunt furnizate \u00een conformitate cu Regulamentul Parlamentului European \u0219i al Consiliului (UE) 2016\/679, privind protec\u021bia persoanelor fizice \u00een ceea ce prive\u0219te protec\u021bia datelor cu caracter personal [&#8230;]\n","protected":false},"author":1,"featured_media":0,"parent":0,"menu_order":0,"comment_status":"closed","ping_status":"closed","template":"","meta":{"footnotes":""},"class_list":["post-3","page","type-page","status-publish","hentry"],"_links":{"self":[{"href":"https:\/\/iflyfpv.ro\/ro\/wp-json\/wp\/v2\/pages\/3","targetHints":{"allow":["GET"]}}],"collection":[{"href":"https:\/\/iflyfpv.ro\/ro\/wp-json\/wp\/v2\/pages"}],"about":[{"href":"https:\/\/iflyfpv.ro\/ro\/wp-json\/wp\/v2\/types\/page"}],"author":[{"embeddable":true,"href":"https:\/\/iflyfpv.ro\/ro\/wp-json\/wp\/v2\/users\/1"}],"replies":[{"embeddable":true,"href":"https:\/\/iflyfpv.ro\/ro\/wp-json\/wp\/v2\/comments?post=3"}],"version-history":[{"count":0,"href":"https:\/\/iflyfpv.ro\/ro\/wp-json\/wp\/v2\/pages\/3\/revisions"}],"wp:attachment":[{"href":"https:\/\/iflyfpv.ro\/ro\/wp-json\/wp\/v2\/media?parent=3"}],"curies":[{"name":"wp","href":"https:\/\/api.w.org\/{rel}","templated":true}]}}