{"id":10022,"date":"2024-07-29T18:05:15","date_gmt":"2024-07-29T16:05:15","guid":{"rendered":"https:\/\/iflyfpv.ro\/?post_type=product&#038;p=10022"},"modified":"2026-02-18T10:13:17","modified_gmt":"2026-02-18T08:13:17","slug":"flywoo-x30-pcba-waterproof-superhydrophobic-invisible-spray","status":"publish","type":"product","link":"https:\/\/iflyfpv.ro\/ro\/produs\/flywoo-x30-pcba-waterproof-superhydrophobic-invisible-spray\/","title":{"rendered":"Flywoo X30 PCBA Waterproof Superhydrophobic Invisible Spray"},"content":{"rendered":"<p><strong>Descriere:<\/strong><br \/>\nSpray-ul invizibil Flywoo X30 Waterproof Superhydrophobic creeaz\u0103 o acoperire eficient\u0103 impermeabil\u0103 pentru modulele electronice, satisfac\u00e2nd aproape toate nevoile dumneavoastr\u0103.<br \/>\nDoar cu o simpl\u0103 pulverizare, se formeaz\u0103 un strat rezistent la ap\u0103 extrem de eficient \u00een 2-3 minute, permi\u021b\u00e2nd produselor dumneavoastr\u0103 electronice s\u0103 reziste la stropii de ap\u0103 \u0219i s\u0103 r\u0103m\u00e2n\u0103 utilizabile chiar \u0219i \u00een zilele ploioase.<\/p>\n<p>&nbsp;<\/p>\n<p><strong>Instruc\u021biuni de utilizare:<\/strong><br \/>\nCur\u0103\u021bare: \u00cenainte de opera\u021biunea de acoperire, asigura\u021bi-v\u0103 c\u0103 \u00eendep\u0103rta\u021bi bine praful \u0219i petele de ulei de pe suprafa\u021ba substratului.<br \/>\n\u00centre\u021binere sau acoperire: Acest produs are performan\u021be excelente de acoperire. Dac\u0103 este necesar\u0103 reacoperirea, cur\u0103\u021ba\u021bi suprafa\u021ba \u0219i reaplica\u021bi direct \u00een pozi\u021bia corespunz\u0103toare.<\/p>\n<p>1-Las\u0103 fiecare strat s\u0103 se usuce \u00eenainte de a-l aplica pe urm\u0103torul.<br \/>\n2-Pentru a ob\u021bine cel mai bun efect de impermeabilitate, se recomand\u0103 pulverizarea \u00een mod repetat de 2 &#8211; 3 ori.<br \/>\n3-\u00cenainte de utilizare, v\u0103 rug\u0103m s\u0103-l agita\u021bi pentru a men\u021bine uniformitatea lichidului)<br \/>\n4-Dup\u0103 pulverizare, timpul de uscare a suprafe\u021bei este de aproximativ 2 &#8211; 3 minute. Suprafa\u021ba poate \u00eendeplini cerin\u021bele de utilizare zilnic\u0103 dup\u0103 uscare.<br \/>\n<strong>5-Nu l\u0103sa\u021bi placa de circuit s\u0103 fie scufundat\u0103 \u00een ap\u0103 pentru mult timp c\u00e2nd este pornit\u0103.<\/strong><br \/>\n6-Utiliza\u021bi o solu\u021bie de cur\u0103\u021bare a pl\u0103cilor de circuite dedicate pentru a cur\u0103\u021ba bine<br \/>\nDomeniul de aplicare:<br \/>\n\u25cfAcoper\u0103 toate pl\u0103cile de circuite (controller de zbor, controler electronic de vitez\u0103, transmi\u021b\u0103tor video, O3 etc.)<br \/>\n\u25cfMateriale din sticl\u0103, cum ar fi lentilele (Poate \u00eempiedica eficient aderarea pic\u0103turilor de ap\u0103, dar va reduce permeabilitatea cu 30%. Dac\u0103 nu sunte\u021bi mul\u021bumit dup\u0103 aplicare, acesta poate fi \u0219ters)<br \/>\n\u25cf Mufe pe toate pl\u0103cile de circuite<br \/>\n\u25cf Mufe la baterie<\/p>\n<p><strong>Specifica\u021bii:<\/strong><br \/>\nNume produs: Spray invizibil superhidrofob impermeabil Flywoo X30<br \/>\nCapacitate: 56,7 g (De exemplu: Flywoo GOKU F722 PRO Mini V2 20X20 Flight Controller pulverizare dubla fa\u021b\u0103 de 3 ori, trebuie s\u0103 utiliza\u021bi 2,5 g)<br \/>\nCuloare: alb lapte<br \/>\nDensitate relativ\u0103 (g\/cm\u00b3, 25\u2103): 1,56 \u00b1 0,3<br \/>\nUnghi de rezisten\u021b\u0103 la ap\u0103:&gt; 160\u00b0<br \/>\nMaterial: material superhidrofob<br \/>\nVolatilitate: nevolatil<br \/>\nScop: Folosit pentru impermeabilizare, prevenirea scurtcircuitelor, rezisten\u021b\u0103 la coroziune, protec\u021bie \u00eempotriva stropilor de sare, rezisten\u021b\u0103 la mucegai, prevenirea prafului \u0219i disiparea c\u0103ldurii \u00een produsele electronice.<br \/>\n<strong>Greutate: 67,2 g<\/strong><\/p>\n<p>&nbsp;<\/p>\n","protected":false},"excerpt":{"rendered":"<p>Descriere: Spray-ul invizibil Flywoo X30 Waterproof Superhydrophobic creeaz\u0103 o acoperire eficient\u0103 impermeabil\u0103 pentru modulele electronice, satisfac\u00e2nd aproape toate nevoile dumneavoastr\u0103. Doar cu o simpl\u0103 pulverizare, se formeaz\u0103 un strat rezistent la ap\u0103 extrem de eficient \u00een 2-3 minute, permi\u021b\u00e2nd produselor dumneavoastr\u0103 electronice s\u0103 reziste la stropii de ap\u0103 \u0219i s\u0103 r\u0103m\u00e2n\u0103 utilizabile chiar \u0219i \u00een [&#8230;]\n","protected":false},"featured_media":10024,"comment_status":"open","ping_status":"closed","template":"","meta":[],"product_brand":[],"product_cat":[15],"product_tag":[],"class_list":{"0":"post-10022","1":"product","2":"type-product","3":"status-publish","4":"has-post-thumbnail","6":"product_cat-uncategorized","8":"first","9":"outofstock","10":"shipping-taxable","11":"purchasable","12":"product-type-simple"},"supplier_id":null,"supplier_sku":"","barcode":null,"atum_controlled":true,"out_stock_date":null,"out_stock_threshold":null,"inheritable":false,"inbound_stock":null,"stock_on_hold":0,"sold_today":0,"sales_last_days":0,"reserved_stock":null,"customer_returns":null,"warehouse_damage":null,"lost_in_post":null,"other_logs":null,"out_stock_days":0,"lost_sales":0,"has_location":null,"update_date":"2026-05-07T05:00:26","atum_locations":[],"atum_stock_status":"outofstock","restock_status":false,"low_stock_amount":"","sales_update_date":"2026-05-07T05:00:26","calc_backorders":null,"_links":{"self":[{"href":"https:\/\/iflyfpv.ro\/ro\/wp-json\/wp\/v2\/product\/10022","targetHints":{"allow":["GET"]}}],"collection":[{"href":"https:\/\/iflyfpv.ro\/ro\/wp-json\/wp\/v2\/product"}],"about":[{"href":"https:\/\/iflyfpv.ro\/ro\/wp-json\/wp\/v2\/types\/product"}],"replies":[{"embeddable":true,"href":"https:\/\/iflyfpv.ro\/ro\/wp-json\/wp\/v2\/comments?post=10022"}],"wp:featuredmedia":[{"embeddable":true,"href":"https:\/\/iflyfpv.ro\/ro\/wp-json\/wp\/v2\/media\/10024"}],"wp:attachment":[{"href":"https:\/\/iflyfpv.ro\/ro\/wp-json\/wp\/v2\/media?parent=10022"}],"wp:term":[{"taxonomy":"product_brand","embeddable":true,"href":"https:\/\/iflyfpv.ro\/ro\/wp-json\/wp\/v2\/product_brand?post=10022"},{"taxonomy":"product_cat","embeddable":true,"href":"https:\/\/iflyfpv.ro\/ro\/wp-json\/wp\/v2\/product_cat?post=10022"},{"taxonomy":"product_tag","embeddable":true,"href":"https:\/\/iflyfpv.ro\/ro\/wp-json\/wp\/v2\/product_tag?post=10022"}],"curies":[{"name":"wp","href":"https:\/\/api.w.org\/{rel}","templated":true}]}}