{"id":10220,"date":"2024-09-12T20:42:51","date_gmt":"2024-09-12T18:42:51","guid":{"rendered":"https:\/\/iflyfpv.ro\/?post_type=product&#038;p=10220"},"modified":"2026-02-08T20:03:10","modified_gmt":"2026-02-08T18:03:10","slug":"walksnail-avatar-hd-mini-1s-kit","status":"publish","type":"product","link":"https:\/\/iflyfpv.ro\/ro\/produs\/walksnail-avatar-hd-mini-1s-kit\/","title":{"rendered":"Walksnail Avatar HD Mini 1S Kit"},"content":{"rendered":"<p>&nbsp;<\/p>\n<p><img decoding=\"async\" class=\"aligncenter\" src=\"https:\/\/cdn.shopify.com\/s\/files\/1\/0036\/3921\/4169\/files\/2_978233b5-b3b3-4e73-a712-ba0b4ac01204.jpg?v=1717746502\" \/><\/p>\n<p><img decoding=\"async\" class=\"aligncenter\" src=\"https:\/\/cdn.shopify.com\/s\/files\/1\/0036\/3921\/4169\/files\/1s__05.png?v=1665734548\" \/><\/p>\n<p><img decoding=\"async\" class=\"aligncenter\" src=\"https:\/\/cdn.shopify.com\/s\/files\/1\/0036\/3921\/4169\/files\/7_1b997f21-ea74-4a09-9909-a5954b8749e8.jpg?v=1718782493\" \/><\/p>\n<p><strong>Specifica\u021bii:<\/strong><\/p>\n<p><strong>CAMERA\u00a0<\/strong><br \/>\nModel Avatar HD Nano Camera V3<br \/>\nSenzor de imagine Senzor de 1\/3.2-inch 4Mp 4:3<br \/>\nRezolu\u021bie 1080P\/60fps, 720P\/120fps, 720P\/60fps<br \/>\nRaport 4:3 nativ \/ 16:9<br \/>\nLentila 2,1 mm<br \/>\nFOV 160\u00b0<br \/>\nDiafragma F2.0<br \/>\nShutter: Rolling Shutter<br \/>\nMin.Iluminare 0,001Lux<br \/>\nGreutate 3g (f\u0103r\u0103 cablu)<br \/>\nDimensiuni 14*14*16.8mm<br \/>\nCablu coaxial 90 mm (implicit)<\/p>\n<p><strong>VTX <\/strong><\/p>\n<p>Model Avatar HD Mini VTX\u00a0 (Contine cablu USB)<br \/>\nFrecven\u021ba de comunicare 5.725-5.850GHz<br \/>\nPuterea transmi\u021b\u0103torului (EIRP) FCC:&lt;27dBm;CE:&lt;14dBm;SRRC:&lt;20dBm;<br \/>\nMIC: &lt;25dBm<br \/>\nInterfa\u021b\u0103 I\/O JST1.0*4 (alimentare) JST0.8*4 (USB)<br \/>\nG\u0103uri de montare 25,5*25,5 mm (g\u0103uri M2); 20*20 mm (g\u0103uri M3)<br \/>\nDimensiuni 31,5*31,5*9,4mm<br \/>\nStocare 32G<br \/>\n\u00cenregistrare 1080p\/720p<br \/>\nGreutate 13,4 g<br \/>\nTemperatura de func\u021bionare -20-40\u2103<br \/>\nCanale 8<br \/>\nVoltaj: 3.1V-13V<br \/>\nSistem FC acceptat Betaflight; Inav; Fettec; Pup; ArduPliot<\/p>\n<p>Modul OSD Canvas<br \/>\nLaten\u021b\u0103 Laten\u021b\u0103 medie 22 ms<br \/>\nAntena 1 (IPEX)<\/p>\n<p><strong>Pachetul contine:<\/strong> 1x VTX AVATAR MINI KIT<\/p>\n<p>&nbsp;<\/p>\n<p>&nbsp;<\/p>\n<p>&nbsp;<\/p>\n","protected":false},"excerpt":{"rendered":"<p>&nbsp; Specifica\u021bii: CAMERA\u00a0 Model Avatar HD Nano Camera V3 Senzor de imagine Senzor de 1\/3.2-inch 4Mp 4:3 Rezolu\u021bie 1080P\/60fps, 720P\/120fps, 720P\/60fps Raport 4:3 nativ \/ 16:9 Lentila 2,1 mm FOV 160\u00b0 Diafragma F2.0 Shutter: Rolling Shutter Min.Iluminare 0,001Lux Greutate 3g (f\u0103r\u0103 cablu) Dimensiuni 14*14*16.8mm Cablu coaxial 90 mm (implicit) VTX Model Avatar HD Mini VTX\u00a0 [&#8230;]\n","protected":false},"featured_media":10221,"comment_status":"open","ping_status":"closed","template":"","meta":[],"product_brand":[],"product_cat":[298],"product_tag":[],"class_list":{"0":"post-10220","1":"product","2":"type-product","3":"status-publish","4":"has-post-thumbnail","6":"product_cat-walksnail-hd","8":"first","9":"outofstock","10":"shipping-taxable","11":"purchasable","12":"product-type-simple"},"supplier_id":null,"supplier_sku":"","barcode":null,"atum_controlled":true,"out_stock_date":"2026-02-08 20:03:11","out_stock_threshold":null,"inheritable":false,"inbound_stock":null,"stock_on_hold":0,"sold_today":0,"sales_last_days":0,"reserved_stock":null,"customer_returns":null,"warehouse_damage":null,"lost_in_post":null,"other_logs":null,"out_stock_days":71,"lost_sales":5933,"has_location":null,"update_date":"2026-04-21T02:20:33","atum_locations":[],"atum_stock_status":"outofstock","restock_status":false,"low_stock_amount":"","sales_update_date":"2026-04-21T02:20:33","calc_backorders":null,"_links":{"self":[{"href":"https:\/\/iflyfpv.ro\/ro\/wp-json\/wp\/v2\/product\/10220","targetHints":{"allow":["GET"]}}],"collection":[{"href":"https:\/\/iflyfpv.ro\/ro\/wp-json\/wp\/v2\/product"}],"about":[{"href":"https:\/\/iflyfpv.ro\/ro\/wp-json\/wp\/v2\/types\/product"}],"replies":[{"embeddable":true,"href":"https:\/\/iflyfpv.ro\/ro\/wp-json\/wp\/v2\/comments?post=10220"}],"wp:featuredmedia":[{"embeddable":true,"href":"https:\/\/iflyfpv.ro\/ro\/wp-json\/wp\/v2\/media\/10221"}],"wp:attachment":[{"href":"https:\/\/iflyfpv.ro\/ro\/wp-json\/wp\/v2\/media?parent=10220"}],"wp:term":[{"taxonomy":"product_brand","embeddable":true,"href":"https:\/\/iflyfpv.ro\/ro\/wp-json\/wp\/v2\/product_brand?post=10220"},{"taxonomy":"product_cat","embeddable":true,"href":"https:\/\/iflyfpv.ro\/ro\/wp-json\/wp\/v2\/product_cat?post=10220"},{"taxonomy":"product_tag","embeddable":true,"href":"https:\/\/iflyfpv.ro\/ro\/wp-json\/wp\/v2\/product_tag?post=10220"}],"curies":[{"name":"wp","href":"https:\/\/api.w.org\/{rel}","templated":true}]}}