{"id":10271,"date":"2024-09-21T20:34:15","date_gmt":"2024-09-21T18:34:15","guid":{"rendered":"https:\/\/iflyfpv.ro\/?post_type=product&#038;p=10271"},"modified":"2026-02-08T20:01:46","modified_gmt":"2026-02-08T18:01:46","slug":"2-x-ovonic-rebel-2-0-850mah-6s-150c-xt30","status":"publish","type":"product","link":"https:\/\/iflyfpv.ro\/ro\/produs\/2-x-ovonic-rebel-2-0-850mah-6s-150c-xt30\/","title":{"rendered":"2 x OVONIC  Rebel 2.0 850mAh 6S 150C XT30"},"content":{"rendered":"<p>Nr. model: 2 x OVONIC Rebel 2.0 O-150C-850-6S1P-XT30<\/p>\n<p>Capacitate: 850Ah<\/p>\n<p>Tensiune: 22,2 V<\/p>\n<p>Configura\u021bie celule: 6S1P<\/p>\n<p>Dimensiune pachet: 44.5*32*62mm (H*W*L)<\/p>\n<p>Greutate net\u0103: ~150g \/ acumulator<\/p>\n<p>Rata de desc\u0103rcare: 150C<\/p>\n<p>Rata de \u00eenc\u0103rcare: 1C p\u00e2n\u0103 la 2C<\/p>\n<p>Conector de desc\u0103rcare: XT30<\/p>\n<p>Pachetul contine: 2 x Acumulatori \u00a0OVONIC 850mAh 6S 150C XT30<\/p>\n[nasa_static_block id=&#8221;9571&#8243;]\n","protected":false},"excerpt":{"rendered":"<p>Nr. model: 2 x OVONIC Rebel 2.0 O-150C-850-6S1P-XT30 Capacitate: 850Ah Tensiune: 22,2 V Configura\u021bie celule: 6S1P Dimensiune pachet: 44.5*32*62mm (H*W*L) Greutate net\u0103: ~150g \/ acumulator Rata de desc\u0103rcare: 150C Rata de \u00eenc\u0103rcare: 1C p\u00e2n\u0103 la 2C Conector de desc\u0103rcare: XT30 Pachetul contine: 2 x Acumulatori \u00a0OVONIC 850mAh 6S 150C XT30 [nasa_static_block id=&#8221;9571&#8243;]\n","protected":false},"featured_media":10272,"comment_status":"open","ping_status":"closed","template":"","meta":[],"product_brand":[],"product_cat":[26],"product_tag":[],"class_list":{"0":"post-10271","1":"product","2":"type-product","3":"status-publish","4":"has-post-thumbnail","6":"product_cat-ovonic","7":"pa_amperi-1300ma","8":"pa_nr-celule-6s","10":"first","11":"instock","12":"sale","13":"shipping-taxable","14":"purchasable","15":"product-type-simple"},"supplier_id":null,"supplier_sku":"","barcode":null,"atum_controlled":true,"out_stock_date":null,"out_stock_threshold":null,"inheritable":false,"inbound_stock":null,"stock_on_hold":0,"sold_today":0,"sales_last_days":0,"reserved_stock":null,"customer_returns":null,"warehouse_damage":null,"lost_in_post":null,"other_logs":null,"out_stock_days":0,"lost_sales":0,"has_location":null,"update_date":"2026-04-17T01:34:12","atum_locations":[],"atum_stock_status":"instock","restock_status":false,"low_stock_amount":"","sales_update_date":"2026-04-17T01:34:12","calc_backorders":null,"_links":{"self":[{"href":"https:\/\/iflyfpv.ro\/ro\/wp-json\/wp\/v2\/product\/10271","targetHints":{"allow":["GET"]}}],"collection":[{"href":"https:\/\/iflyfpv.ro\/ro\/wp-json\/wp\/v2\/product"}],"about":[{"href":"https:\/\/iflyfpv.ro\/ro\/wp-json\/wp\/v2\/types\/product"}],"replies":[{"embeddable":true,"href":"https:\/\/iflyfpv.ro\/ro\/wp-json\/wp\/v2\/comments?post=10271"}],"wp:featuredmedia":[{"embeddable":true,"href":"https:\/\/iflyfpv.ro\/ro\/wp-json\/wp\/v2\/media\/10272"}],"wp:attachment":[{"href":"https:\/\/iflyfpv.ro\/ro\/wp-json\/wp\/v2\/media?parent=10271"}],"wp:term":[{"taxonomy":"product_brand","embeddable":true,"href":"https:\/\/iflyfpv.ro\/ro\/wp-json\/wp\/v2\/product_brand?post=10271"},{"taxonomy":"product_cat","embeddable":true,"href":"https:\/\/iflyfpv.ro\/ro\/wp-json\/wp\/v2\/product_cat?post=10271"},{"taxonomy":"product_tag","embeddable":true,"href":"https:\/\/iflyfpv.ro\/ro\/wp-json\/wp\/v2\/product_tag?post=10271"}],"curies":[{"name":"wp","href":"https:\/\/api.w.org\/{rel}","templated":true}]}}