{"id":10398,"date":"2024-10-21T07:41:07","date_gmt":"2024-10-21T05:41:07","guid":{"rendered":"https:\/\/iflyfpv.ro\/?post_type=product&#038;p=10398"},"modified":"2026-04-13T09:53:49","modified_gmt":"2026-04-13T07:53:49","slug":"radiomaster-nomad-dual-1w-gemini-xrossband-expresslrs","status":"publish","type":"product","link":"https:\/\/iflyfpv.ro\/ro\/produs\/radiomaster-nomad-dual-1w-gemini-xrossband-expresslrs\/","title":{"rendered":"RadioMaster Nomad Dual 1W Gemini Xrossband ExpressLRS"},"content":{"rendered":"<p>Specificatii:<\/p>\n<p>Articol: Modul Nomad Dual Band cu micro adaptor<br \/>\nDomeniul de reglementare: ISM_2.4, FCC_915<br \/>\nMCU: ESP32 (principal), ESP32c3 (aux, ca rucsac ESP)<br \/>\nCip RF: Semtech LR1121 x 2<br \/>\nRF: Dual 1000mW | Dual band Gemini ELRS<br \/>\nGama de frecvente: 2400 MHz &#8211; 2479 MHz \/ 903 MHz &#8211; 927 MHz<br \/>\nRata maxim\u0103 de pachete: 500 Hz (1000 Hz vor fi disponibile \u00een cur\u00e2nd \u00een ExpressLRS V3.5)<br \/>\nRata de re\u00eemprosp\u0103tare minim\u0103 a receptorului: 50 Hz<br \/>\nPutere de ie\u0219ire RF: 1000 mW x 2<br \/>\nAdaptoare pentru compartimentul modulului: priz\u0103 Micro standard cu 5 pini \u0219i priz\u0103 Nano standard cu 8 pini<br \/>\nSuport Wifi: Da<br \/>\nSuport Bluetooth: Da<br \/>\nBanda de lumin\u0103 RGB \u00eencorporat\u0103<br \/>\nXT30 Tensiune de alimentare: DC 6V &#8211; 16.8V<br \/>\nGreutate: 87,20 g (cu anten\u0103) \/ 71,10 g (f\u0103r\u0103 anten\u0103)<br \/>\nDimensiune: 80*45*40mm (fara antena)<\/p>\n<p>&nbsp;<\/p>\n<p><img decoding=\"async\" class=\"aligncenter\" src=\"https:\/\/cdn.shopify.com\/s\/files\/1\/0609\/8324\/7079\/files\/Nomad-HP0157_02.jpg?v=1725524391\" alt=\"Nomad Dual 1-watt Gemini Xrossband ExpressLRS Module\" \/><img decoding=\"async\" class=\"aligncenter\" src=\"https:\/\/cdn.shopify.com\/s\/files\/1\/0609\/8324\/7079\/files\/Nomad-HP0157_03.jpg?v=1725524391\" alt=\"Nomad Dual 1-watt Gemini Xrossband ExpressLRS Module\" \/><\/p>\n","protected":false},"excerpt":{"rendered":"<p>Specificatii: Articol: Modul Nomad Dual Band cu micro adaptor Domeniul de reglementare: ISM_2.4, FCC_915 MCU: ESP32 (principal), ESP32c3 (aux, ca rucsac ESP) Cip RF: Semtech LR1121 x 2 RF: Dual 1000mW | Dual band Gemini ELRS Gama de frecvente: 2400 MHz &#8211; 2479 MHz \/ 903 MHz &#8211; 927 MHz Rata maxim\u0103 de pachete: 500 [&#8230;]\n","protected":false},"featured_media":10399,"comment_status":"open","ping_status":"closed","template":"","meta":[],"product_brand":[],"product_cat":[22],"product_tag":[],"class_list":{"0":"post-10398","1":"product","2":"type-product","3":"status-publish","4":"has-post-thumbnail","6":"product_cat-transmisie","8":"first","9":"instock","10":"shipping-taxable","11":"purchasable","12":"product-type-simple"},"supplier_id":null,"supplier_sku":"","barcode":null,"atum_controlled":true,"out_stock_date":null,"out_stock_threshold":null,"inheritable":false,"inbound_stock":null,"stock_on_hold":0,"sold_today":0,"sales_last_days":1,"reserved_stock":null,"customer_returns":null,"warehouse_damage":null,"lost_in_post":null,"other_logs":null,"out_stock_days":0,"lost_sales":0,"has_location":null,"update_date":"2026-04-17T01:34:12","atum_locations":[],"atum_stock_status":"instock","restock_status":false,"low_stock_amount":"","sales_update_date":"2026-04-17T01:34:12","calc_backorders":null,"_links":{"self":[{"href":"https:\/\/iflyfpv.ro\/ro\/wp-json\/wp\/v2\/product\/10398","targetHints":{"allow":["GET"]}}],"collection":[{"href":"https:\/\/iflyfpv.ro\/ro\/wp-json\/wp\/v2\/product"}],"about":[{"href":"https:\/\/iflyfpv.ro\/ro\/wp-json\/wp\/v2\/types\/product"}],"replies":[{"embeddable":true,"href":"https:\/\/iflyfpv.ro\/ro\/wp-json\/wp\/v2\/comments?post=10398"}],"wp:featuredmedia":[{"embeddable":true,"href":"https:\/\/iflyfpv.ro\/ro\/wp-json\/wp\/v2\/media\/10399"}],"wp:attachment":[{"href":"https:\/\/iflyfpv.ro\/ro\/wp-json\/wp\/v2\/media?parent=10398"}],"wp:term":[{"taxonomy":"product_brand","embeddable":true,"href":"https:\/\/iflyfpv.ro\/ro\/wp-json\/wp\/v2\/product_brand?post=10398"},{"taxonomy":"product_cat","embeddable":true,"href":"https:\/\/iflyfpv.ro\/ro\/wp-json\/wp\/v2\/product_cat?post=10398"},{"taxonomy":"product_tag","embeddable":true,"href":"https:\/\/iflyfpv.ro\/ro\/wp-json\/wp\/v2\/product_tag?post=10398"}],"curies":[{"name":"wp","href":"https:\/\/api.w.org\/{rel}","templated":true}]}}