{"id":11952,"date":"2025-04-27T17:13:39","date_gmt":"2025-04-27T15:13:39","guid":{"rendered":"https:\/\/iflyfpv.ro\/?post_type=product&#038;p=11952"},"modified":"2026-02-05T16:03:41","modified_gmt":"2026-02-05T14:03:41","slug":"coddar-1800mah-6s-110c-xt60","status":"publish","type":"product","link":"https:\/\/iflyfpv.ro\/ro\/produs\/coddar-1800mah-6s-110c-xt60\/","title":{"rendered":"CODDAR 1800mAh 6S 110C XT60"},"content":{"rendered":"<p>Nr. model: CD6S1800110<\/p>\n<p>Capacitate: 1800mAh<\/p>\n<p>Tensiune: 22,20 V<\/p>\n<p>Configura\u021bie celule: 6S1P<\/p>\n<p>Dimensiune pachet: 79*34*57(H*W*L)<\/p>\n<p>Greutate net\u0103: 275g (+\/-5g)<\/p>\n<p>Rata de desc\u0103rcare: 110C<\/p>\n<p>Rata de \u00eenc\u0103rcare: 1C p\u00e2n\u0103 la 5C<\/p>\n<p>Conector de desc\u0103rcare: XT60<\/p>\n<p>Pachetul contine: 1 x Acumulator<\/p>\n<p>&nbsp;<\/p>\n<pre id=\"tw-target-text\" class=\"tw-data-text tw-text-large tw-ta\" dir=\"ltr\" data-placeholder=\"Traducere\" aria-label=\"Text tradus\" data-ved=\"2ahUKEwjg8ri7_LWFAxX_xAIHHQhTABYQ3ewLegQIBRAU\"><strong><span class=\"Y2IQFc\" lang=\"ro\" style=\"color: #ff0000;\">*** V\u0103 rug\u0103m s\u0103 re\u021bine\u021bi: ACEST ARTICOL POATE FI EXPEDIAT NUMAI CU CURIER RUTIER ***\r\n\r\nExcluderea garan\u021biei: V\u0103 rug\u0103m s\u0103 re\u021bine\u021bi c\u0103, deoarece bateriile sunt \u201econsumabile\u201d, oferim doar garan\u021bie pentru cele moarte la sosire. Capacitatea maxim\u0103 a tuturor bateriilor re\u00eenc\u0103rcabile se estompeaz\u0103 cu timpul, \u00een func\u021bie de aplica\u021bie \u0219i tipare de utilizare. Acest lucru este considerat normal - prin urmare, o modificare a capacit\u0103\u021bii bateriei nu este acoperit\u0103 de garan\u021bie. Durata de via\u021b\u0103 a bateriei nu este garantat\u0103 \u0219i va varia \u00een func\u021bie de utilizare.\r\n\r\nIMPORTANT: Nu \u00eenc\u0103rca\u021bi niciodat\u0103 bateriile nesupravegheate sau l\u00e2ng\u0103 orice obiect inflamabil! Este necesar\u0103 o supraveghere constant\u0103, deoarece bateriile pot fi periculoase atunci c\u00e2nd sunt manipulate gre\u0219it. V\u0103 rug\u0103m s\u0103 lua\u021bi \u00een serios siguran\u021ba bateriei LiPo, v\u0103 rug\u0103m s\u0103 consulta\u021bi fi\u0219a noastr\u0103 de siguran\u021b\u0103\r\n Brosura cu masurile de siguranta poate fi descarcata: <a href=\"https:\/\/casaispas.ro\/iflyfpv.ro\/wp-content\/uploads\/2024\/04\/brosurasiguranta.pdf\">Siguranta LIPO<\/a>\r\n\r\n<\/span><\/strong><\/pre>\n","protected":false},"excerpt":{"rendered":"<p>Nr. model: CD6S1800110 Capacitate: 1800mAh Tensiune: 22,20 V Configura\u021bie celule: 6S1P Dimensiune pachet: 79*34*57(H*W*L) Greutate net\u0103: 275g (+\/-5g) Rata de desc\u0103rcare: 110C Rata de \u00eenc\u0103rcare: 1C p\u00e2n\u0103 la 5C Conector de desc\u0103rcare: XT60 Pachetul contine: 1 x Acumulator &nbsp; *** V\u0103 rug\u0103m s\u0103 re\u021bine\u021bi: ACEST ARTICOL POATE FI EXPEDIAT NUMAI CU CURIER RUTIER *** Excluderea [&#8230;]\n","protected":false},"featured_media":11953,"comment_status":"open","ping_status":"closed","template":"","meta":[],"product_brand":[],"product_cat":[322,27],"product_tag":[],"class_list":{"0":"post-11952","1":"product","2":"type-product","3":"status-publish","4":"has-post-thumbnail","6":"product_cat-coddar","7":"product_cat-lipo","8":"pa_amperi-1500ma","9":"pa_nr-celule-6s","11":"first","12":"outofstock","13":"shipping-taxable","14":"purchasable","15":"product-type-simple"},"supplier_id":null,"supplier_sku":"","barcode":null,"atum_controlled":true,"out_stock_date":"2026-02-05 16:03:42","out_stock_threshold":null,"inheritable":false,"inbound_stock":null,"stock_on_hold":0,"sold_today":0,"sales_last_days":0,"reserved_stock":null,"customer_returns":null,"warehouse_damage":null,"lost_in_post":null,"other_logs":null,"out_stock_days":69,"lost_sales":1823,"has_location":null,"update_date":"2026-04-16T01:19:05","atum_locations":[],"atum_stock_status":"outofstock","restock_status":false,"low_stock_amount":"","sales_update_date":"2026-04-16T01:19:05","calc_backorders":null,"_links":{"self":[{"href":"https:\/\/iflyfpv.ro\/ro\/wp-json\/wp\/v2\/product\/11952","targetHints":{"allow":["GET"]}}],"collection":[{"href":"https:\/\/iflyfpv.ro\/ro\/wp-json\/wp\/v2\/product"}],"about":[{"href":"https:\/\/iflyfpv.ro\/ro\/wp-json\/wp\/v2\/types\/product"}],"replies":[{"embeddable":true,"href":"https:\/\/iflyfpv.ro\/ro\/wp-json\/wp\/v2\/comments?post=11952"}],"wp:featuredmedia":[{"embeddable":true,"href":"https:\/\/iflyfpv.ro\/ro\/wp-json\/wp\/v2\/media\/11953"}],"wp:attachment":[{"href":"https:\/\/iflyfpv.ro\/ro\/wp-json\/wp\/v2\/media?parent=11952"}],"wp:term":[{"taxonomy":"product_brand","embeddable":true,"href":"https:\/\/iflyfpv.ro\/ro\/wp-json\/wp\/v2\/product_brand?post=11952"},{"taxonomy":"product_cat","embeddable":true,"href":"https:\/\/iflyfpv.ro\/ro\/wp-json\/wp\/v2\/product_cat?post=11952"},{"taxonomy":"product_tag","embeddable":true,"href":"https:\/\/iflyfpv.ro\/ro\/wp-json\/wp\/v2\/product_tag?post=11952"}],"curies":[{"name":"wp","href":"https:\/\/api.w.org\/{rel}","templated":true}]}}