{"id":12129,"date":"2025-06-05T20:39:40","date_gmt":"2025-06-05T18:39:40","guid":{"rendered":"https:\/\/iflyfpv.ro\/?post_type=product&#038;p=12129"},"modified":"2025-09-24T15:43:53","modified_gmt":"2025-09-24T13:43:53","slug":"radiomaster-ag01-nano-cnc-hall-gimbals-pentru-pocket-radio","status":"publish","type":"product","link":"https:\/\/iflyfpv.ro\/ro\/produs\/radiomaster-ag01-nano-cnc-hall-gimbals-pentru-pocket-radio\/","title":{"rendered":"Radiomaster AG01 NANO CNC Hall Gimbals pentru Pocket Radio"},"content":{"rendered":"<p><b>Specifica\u021bii:<\/b><\/p>\n<ul>\n<li>Tip senzor: Efect Hall f\u0103r\u0103 contact<\/li>\n<li>Tensiune de func\u021bionare: DC 3.3V<\/li>\n<li>Liniaritate: \u00cen timp real (f\u0103r\u0103 laten\u021b\u0103)<\/li>\n<li>Interval de deplasare vertical\u0103 reglabil: 38\u00b0- 54\u00b0<\/li>\n<li>Reglare autocentrare: Da<\/li>\n<li>Reglare mod: Da<\/li>\n<li>Tensiune reglabil\u0103: Da<\/li>\n<li>Rulment: Rulmen\u021bi de precizie cvadrupli<\/li>\n<li>Interval de temperatur\u0103: -20\u00b0C-85\u00b0C<\/li>\n<li>Dimensiuni: 42*37*43mm<\/li>\n<li>Greutate: 32g(\u00b10.3g)<\/li>\n<\/ul>\n<p><b>Pachetul con\u021bine:\u00a0<\/b><\/p>\n<p>1x\u00a0 Set AG01 NANO CNC Hall Gimbals pentru Pocket Radio<\/p>\n<p><img decoding=\"async\" class=\"aligncenter\" src=\"https:\/\/cdn.shopify.com\/s\/files\/1\/0609\/8324\/7079\/files\/AG01-NANO-Detail-PC_01.jpg?v=1723624195\" alt=\"AG01 NANO CNC Hall Gimbals for Pocket Radio\" \/><\/p>\n","protected":false},"excerpt":{"rendered":"<p>Specifica\u021bii: Tip senzor: Efect Hall f\u0103r\u0103 contact Tensiune de func\u021bionare: DC 3.3V Liniaritate: \u00cen timp real (f\u0103r\u0103 laten\u021b\u0103) Interval de deplasare vertical\u0103 reglabil: 38\u00b0- 54\u00b0 Reglare autocentrare: Da Reglare mod: Da Tensiune reglabil\u0103: Da Rulment: Rulmen\u021bi de precizie cvadrupli Interval de temperatur\u0103: -20\u00b0C-85\u00b0C Dimensiuni: 42*37*43mm Greutate: 32g(\u00b10.3g) Pachetul con\u021bine:\u00a0 1x\u00a0 Set AG01 NANO CNC Hall [&#8230;]\n","protected":false},"featured_media":12130,"comment_status":"open","ping_status":"closed","template":"","meta":[],"product_brand":[372],"product_cat":[22],"product_tag":[],"class_list":{"0":"post-12129","1":"product","2":"type-product","3":"status-publish","4":"has-post-thumbnail","6":"product_brand-radiomaster","7":"product_cat-transmisie","9":"first","10":"outofstock","11":"shipping-taxable","12":"purchasable","13":"product-type-simple"},"supplier_id":null,"supplier_sku":"","barcode":null,"atum_controlled":true,"out_stock_date":null,"out_stock_threshold":null,"inheritable":false,"inbound_stock":null,"stock_on_hold":null,"sold_today":null,"sales_last_days":null,"reserved_stock":null,"customer_returns":null,"warehouse_damage":null,"lost_in_post":null,"other_logs":null,"out_stock_days":null,"lost_sales":null,"has_location":null,"update_date":null,"atum_locations":[],"atum_stock_status":"instock","restock_status":false,"low_stock_amount":"","sales_update_date":null,"calc_backorders":null,"_links":{"self":[{"href":"https:\/\/iflyfpv.ro\/ro\/wp-json\/wp\/v2\/product\/12129","targetHints":{"allow":["GET"]}}],"collection":[{"href":"https:\/\/iflyfpv.ro\/ro\/wp-json\/wp\/v2\/product"}],"about":[{"href":"https:\/\/iflyfpv.ro\/ro\/wp-json\/wp\/v2\/types\/product"}],"replies":[{"embeddable":true,"href":"https:\/\/iflyfpv.ro\/ro\/wp-json\/wp\/v2\/comments?post=12129"}],"wp:featuredmedia":[{"embeddable":true,"href":"https:\/\/iflyfpv.ro\/ro\/wp-json\/wp\/v2\/media\/12130"}],"wp:attachment":[{"href":"https:\/\/iflyfpv.ro\/ro\/wp-json\/wp\/v2\/media?parent=12129"}],"wp:term":[{"taxonomy":"product_brand","embeddable":true,"href":"https:\/\/iflyfpv.ro\/ro\/wp-json\/wp\/v2\/product_brand?post=12129"},{"taxonomy":"product_cat","embeddable":true,"href":"https:\/\/iflyfpv.ro\/ro\/wp-json\/wp\/v2\/product_cat?post=12129"},{"taxonomy":"product_tag","embeddable":true,"href":"https:\/\/iflyfpv.ro\/ro\/wp-json\/wp\/v2\/product_tag?post=12129"}],"curies":[{"name":"wp","href":"https:\/\/api.w.org\/{rel}","templated":true}]}}