{"id":12473,"date":"2025-11-02T10:25:00","date_gmt":"2025-11-02T08:25:00","guid":{"rendered":"https:\/\/iflyfpv.ro\/?post_type=product&#038;p=12473"},"modified":"2026-03-25T22:08:33","modified_gmt":"2026-03-25T20:08:33","slug":"radiomaster-t15-iron-grey","status":"publish","type":"product","link":"https:\/\/iflyfpv.ro\/ro\/produs\/radiomaster-t15-iron-grey\/","title":{"rendered":"RadioMaster T15 Iron Grey"},"content":{"rendered":"<p><strong>Specifica\u021bii:<\/strong><\/p>\n<p>Articol: RadioMaster T15<br \/>\nCuloare: Iron Grey<br \/>\nDimensiune: 178*168*81mm<br \/>\nGreutate: 605 g<br \/>\nFrecven\u021b\u0103: 2.400GHz \u0219i Sub-G 900MHz<br \/>\nRF intern: ELRS 2.4GHz \/ Sub-G 900MHz<br \/>\nProtocoale acceptate: Express-LRS<br \/>\nVentilator de r\u0103cire: Da<br \/>\nAnten\u0103: pliabil\u0103 dual\u0103 2,4 GHz\/ Sub-G 900 MHz omnidirec\u021bional\u0103<br \/>\nInterval de tensiune: 6,6 &#8211; 8,4 V DC<br \/>\nFirmware radio: EdgeTX (transmi\u021b\u0103tor) \/ ELRS (modul RF)<br \/>\nCanale: Max 16 canale (\u00een func\u021bie de receptor)<br \/>\nBaterie: 7,4 V 2 celule litiu-polimer \/ dou\u0103 celule 3,7 V 18650 litiu-ion \/ 21700 5000 mAh baterie (bateriile nu sunt incluse)<br \/>\nConectivitate: USB-C<br \/>\nAfi\u0219aj: IPS touchscreen 480*320<br \/>\nGimbal: V5.0 Hall sensor gimbals (standard)<br \/>\nStick de cardan: 4 mm<br \/>\nModul extern: \u00a0JR-compatible<br \/>\nMetoda de actualizare: software pentru PC USB \/ EdgeTX Companion<br \/>\nMemorie: 4GB Flash integrat , SD-CARD<\/p>\n<p>&nbsp;<\/p>\n","protected":false},"excerpt":{"rendered":"<p>Specifica\u021bii: Articol: RadioMaster T15 Culoare: Iron Grey Dimensiune: 178*168*81mm Greutate: 605 g Frecven\u021b\u0103: 2.400GHz \u0219i Sub-G 900MHz RF intern: ELRS 2.4GHz \/ Sub-G 900MHz Protocoale acceptate: Express-LRS Ventilator de r\u0103cire: Da Anten\u0103: pliabil\u0103 dual\u0103 2,4 GHz\/ Sub-G 900 MHz omnidirec\u021bional\u0103 Interval de tensiune: 6,6 &#8211; 8,4 V DC Firmware radio: EdgeTX (transmi\u021b\u0103tor) \/ ELRS (modul [&#8230;]\n","protected":false},"featured_media":12474,"comment_status":"open","ping_status":"closed","template":"","meta":[],"product_brand":[],"product_cat":[22],"product_tag":[],"class_list":{"0":"post-12473","1":"product","2":"type-product","3":"status-publish","4":"has-post-thumbnail","6":"product_cat-transmisie","8":"first","9":"outofstock","10":"shipping-taxable","11":"purchasable","12":"product-type-simple"},"supplier_id":null,"supplier_sku":"","barcode":null,"atum_controlled":true,"out_stock_date":"2026-03-25 22:08:34","out_stock_threshold":null,"inheritable":false,"inbound_stock":null,"stock_on_hold":0,"sold_today":0,"sales_last_days":0,"reserved_stock":null,"customer_returns":null,"warehouse_damage":null,"lost_in_post":null,"other_logs":null,"out_stock_days":21,"lost_sales":2550,"has_location":null,"update_date":"2026-04-16T01:19:06","atum_locations":[],"atum_stock_status":"outofstock","restock_status":false,"low_stock_amount":"","sales_update_date":"2026-04-16T01:19:06","calc_backorders":null,"_links":{"self":[{"href":"https:\/\/iflyfpv.ro\/ro\/wp-json\/wp\/v2\/product\/12473","targetHints":{"allow":["GET"]}}],"collection":[{"href":"https:\/\/iflyfpv.ro\/ro\/wp-json\/wp\/v2\/product"}],"about":[{"href":"https:\/\/iflyfpv.ro\/ro\/wp-json\/wp\/v2\/types\/product"}],"replies":[{"embeddable":true,"href":"https:\/\/iflyfpv.ro\/ro\/wp-json\/wp\/v2\/comments?post=12473"}],"wp:featuredmedia":[{"embeddable":true,"href":"https:\/\/iflyfpv.ro\/ro\/wp-json\/wp\/v2\/media\/12474"}],"wp:attachment":[{"href":"https:\/\/iflyfpv.ro\/ro\/wp-json\/wp\/v2\/media?parent=12473"}],"wp:term":[{"taxonomy":"product_brand","embeddable":true,"href":"https:\/\/iflyfpv.ro\/ro\/wp-json\/wp\/v2\/product_brand?post=12473"},{"taxonomy":"product_cat","embeddable":true,"href":"https:\/\/iflyfpv.ro\/ro\/wp-json\/wp\/v2\/product_cat?post=12473"},{"taxonomy":"product_tag","embeddable":true,"href":"https:\/\/iflyfpv.ro\/ro\/wp-json\/wp\/v2\/product_tag?post=12473"}],"curies":[{"name":"wp","href":"https:\/\/api.w.org\/{rel}","templated":true}]}}