{"id":12489,"date":"2025-11-02T20:32:31","date_gmt":"2025-11-02T18:32:31","guid":{"rendered":"https:\/\/iflyfpv.ro\/?post_type=product&#038;p=12489"},"modified":"2026-04-07T15:07:23","modified_gmt":"2026-04-07T13:07:23","slug":"radiomaster-er8-2-4ghz-elrs-pwm","status":"publish","type":"product","link":"https:\/\/iflyfpv.ro\/ro\/produs\/radiomaster-er8-2-4ghz-elrs-pwm\/","title":{"rendered":"Radiomaster ER8 2.4Ghz ELRS PWM"},"content":{"rendered":"<p><b>Specifica\u021bii:<\/b><\/p>\n<ul>\n<li style=\"list-style-type: none;\">\n<ul>\n<li>ARTICOL:: ER8 2.4GHz ELRS PWM Receiver<\/li>\n<li>Alimentare: DC 4.5 &#8211; 8.4V<\/li>\n<li>Tip anten\u0103: anten\u0103 de \u00eenalt\u0103 sensibilitate de 20cm<\/li>\n<li>Protocol wireless: ExpressLRS 3.2 preinstalat<\/li>\n<li>Canal de ie\u0219ire: 8CH PWM<\/li>\n<li>Ie\u0219ire serial\u0103: CRSF<\/li>\n<li>Putere de retur: maxim 100mw (LUA poate fi setat)<\/li>\n<li>Senzor de presiune a aerului de \u00eenalt\u0103 precizie \u00eencorporat (Vario)<\/li>\n<li>Gama de detectare a tensiunii bateriei: DC 4.0 &#8211; 35V<\/li>\n<li>Greutate: 16.5 grame<\/li>\n<li>Dimensiuni: 43*30*15mm<\/li>\n<\/ul>\n<\/li>\n<\/ul>\n<p>&nbsp;<\/p>\n<p>&nbsp;<\/p>\n<p><b>Pachetul con\u021bine:\u00a0<\/b><\/p>\n<p>1 * Receptor ER8 2.4GHz ELRS PWM Receiver<br \/>\n1 * Card utilizator<\/p>\n","protected":false},"excerpt":{"rendered":"<p>Specifica\u021bii: ARTICOL:: ER8 2.4GHz ELRS PWM Receiver Alimentare: DC 4.5 &#8211; 8.4V Tip anten\u0103: anten\u0103 de \u00eenalt\u0103 sensibilitate de 20cm Protocol wireless: ExpressLRS 3.2 preinstalat Canal de ie\u0219ire: 8CH PWM Ie\u0219ire serial\u0103: CRSF Putere de retur: maxim 100mw (LUA poate fi setat) Senzor de presiune a aerului de \u00eenalt\u0103 precizie \u00eencorporat (Vario) Gama de detectare [&#8230;]\n","protected":false},"featured_media":12490,"comment_status":"open","ping_status":"closed","template":"","meta":[],"product_brand":[],"product_cat":[22],"product_tag":[],"class_list":{"0":"post-12489","1":"product","2":"type-product","3":"status-publish","4":"has-post-thumbnail","6":"product_cat-transmisie","8":"first","9":"instock","10":"shipping-taxable","11":"purchasable","12":"product-type-simple"},"supplier_id":null,"supplier_sku":"","barcode":null,"atum_controlled":true,"out_stock_date":null,"out_stock_threshold":null,"inheritable":false,"inbound_stock":null,"stock_on_hold":0,"sold_today":0,"sales_last_days":2,"reserved_stock":null,"customer_returns":null,"warehouse_damage":null,"lost_in_post":null,"other_logs":null,"out_stock_days":0,"lost_sales":0,"has_location":null,"update_date":"2026-04-15T01:12:38","atum_locations":[],"atum_stock_status":"instock","restock_status":false,"low_stock_amount":"","sales_update_date":"2026-04-15T01:12:38","calc_backorders":null,"_links":{"self":[{"href":"https:\/\/iflyfpv.ro\/ro\/wp-json\/wp\/v2\/product\/12489","targetHints":{"allow":["GET"]}}],"collection":[{"href":"https:\/\/iflyfpv.ro\/ro\/wp-json\/wp\/v2\/product"}],"about":[{"href":"https:\/\/iflyfpv.ro\/ro\/wp-json\/wp\/v2\/types\/product"}],"replies":[{"embeddable":true,"href":"https:\/\/iflyfpv.ro\/ro\/wp-json\/wp\/v2\/comments?post=12489"}],"wp:featuredmedia":[{"embeddable":true,"href":"https:\/\/iflyfpv.ro\/ro\/wp-json\/wp\/v2\/media\/12490"}],"wp:attachment":[{"href":"https:\/\/iflyfpv.ro\/ro\/wp-json\/wp\/v2\/media?parent=12489"}],"wp:term":[{"taxonomy":"product_brand","embeddable":true,"href":"https:\/\/iflyfpv.ro\/ro\/wp-json\/wp\/v2\/product_brand?post=12489"},{"taxonomy":"product_cat","embeddable":true,"href":"https:\/\/iflyfpv.ro\/ro\/wp-json\/wp\/v2\/product_cat?post=12489"},{"taxonomy":"product_tag","embeddable":true,"href":"https:\/\/iflyfpv.ro\/ro\/wp-json\/wp\/v2\/product_tag?post=12489"}],"curies":[{"name":"wp","href":"https:\/\/api.w.org\/{rel}","templated":true}]}}