{"id":12573,"date":"2025-12-08T19:27:36","date_gmt":"2025-12-08T17:27:36","guid":{"rendered":"https:\/\/iflyfpv.ro\/?post_type=product&#038;p=12573"},"modified":"2026-04-02T12:44:36","modified_gmt":"2026-04-02T10:44:36","slug":"2-x-ovonic-1400mah-6s-130c-xt60","status":"publish","type":"product","link":"https:\/\/iflyfpv.ro\/ro\/produs\/2-x-ovonic-1400mah-6s-130c-xt60\/","title":{"rendered":"2 x OVONIC 1400mAh 6S 130C XT60"},"content":{"rendered":"<p>Nr. model: 2 x OVONIC O-130C-1400-6S1P-XT60<\/p>\n<p>Capacitate: 1400mAh<\/p>\n<p>Tensiune: 22,2 V<\/p>\n<p>Configura\u021bie celule: 6S1P<\/p>\n<p>Dimensiune pachet: 40*38*75mm (H*W*L)<\/p>\n<p>Greutate net\u0103: ~222g<\/p>\n<p>Rata de desc\u0103rcare: 130C<\/p>\n<p>Rata de \u00eenc\u0103rcare: 1C p\u00e2n\u0103 la 2C<\/p>\n<p>Conector de desc\u0103rcare: XT60<\/p>\n<p>Pachetul contine: 2 x Acumulatori\u00a0 OVONIC 1300mAh 6S 140C XT60<\/p>\n<p>&nbsp;<\/p>\n","protected":false},"excerpt":{"rendered":"<p>Nr. model: 2 x OVONIC O-130C-1400-6S1P-XT60 Capacitate: 1400mAh Tensiune: 22,2 V Configura\u021bie celule: 6S1P Dimensiune pachet: 40*38*75mm (H*W*L) Greutate net\u0103: ~222g Rata de desc\u0103rcare: 130C Rata de \u00eenc\u0103rcare: 1C p\u00e2n\u0103 la 2C Conector de desc\u0103rcare: XT60 Pachetul contine: 2 x Acumulatori\u00a0 OVONIC 1300mAh 6S 140C XT60 &nbsp;<\/p>\n","protected":false},"featured_media":12575,"comment_status":"open","ping_status":"closed","template":"","meta":[],"product_brand":[],"product_cat":[26],"product_tag":[],"class_list":{"0":"post-12573","1":"product","2":"type-product","3":"status-publish","4":"has-post-thumbnail","6":"product_cat-ovonic","7":"pa_amperi-1300ma","8":"pa_nr-celule-6s","10":"first","11":"instock","12":"shipping-taxable","13":"purchasable","14":"product-type-simple"},"supplier_id":null,"supplier_sku":"","barcode":null,"atum_controlled":true,"out_stock_date":null,"out_stock_threshold":null,"inheritable":false,"inbound_stock":null,"stock_on_hold":0,"sold_today":0,"sales_last_days":0,"reserved_stock":null,"customer_returns":null,"warehouse_damage":null,"lost_in_post":null,"other_logs":null,"out_stock_days":0,"lost_sales":0,"has_location":null,"update_date":"2026-04-17T01:34:12","atum_locations":[],"atum_stock_status":"instock","restock_status":false,"low_stock_amount":"","sales_update_date":"2026-04-17T01:34:12","calc_backorders":null,"_links":{"self":[{"href":"https:\/\/iflyfpv.ro\/ro\/wp-json\/wp\/v2\/product\/12573","targetHints":{"allow":["GET"]}}],"collection":[{"href":"https:\/\/iflyfpv.ro\/ro\/wp-json\/wp\/v2\/product"}],"about":[{"href":"https:\/\/iflyfpv.ro\/ro\/wp-json\/wp\/v2\/types\/product"}],"replies":[{"embeddable":true,"href":"https:\/\/iflyfpv.ro\/ro\/wp-json\/wp\/v2\/comments?post=12573"}],"wp:featuredmedia":[{"embeddable":true,"href":"https:\/\/iflyfpv.ro\/ro\/wp-json\/wp\/v2\/media\/12575"}],"wp:attachment":[{"href":"https:\/\/iflyfpv.ro\/ro\/wp-json\/wp\/v2\/media?parent=12573"}],"wp:term":[{"taxonomy":"product_brand","embeddable":true,"href":"https:\/\/iflyfpv.ro\/ro\/wp-json\/wp\/v2\/product_brand?post=12573"},{"taxonomy":"product_cat","embeddable":true,"href":"https:\/\/iflyfpv.ro\/ro\/wp-json\/wp\/v2\/product_cat?post=12573"},{"taxonomy":"product_tag","embeddable":true,"href":"https:\/\/iflyfpv.ro\/ro\/wp-json\/wp\/v2\/product_tag?post=12573"}],"curies":[{"name":"wp","href":"https:\/\/api.w.org\/{rel}","templated":true}]}}