{"id":1290,"date":"2021-09-11T14:04:09","date_gmt":"2021-09-11T14:04:09","guid":{"rendered":"https:\/\/iflyfpv-ro.layer.ro\/?post_type=product&#038;p=1290"},"modified":"2024-12-17T07:32:19","modified_gmt":"2024-12-17T05:32:19","slug":"banda-ochelari-goggles-headstrap","status":"publish","type":"product","link":"https:\/\/iflyfpv.ro\/ro\/produs\/banda-ochelari-goggles-headstrap\/","title":{"rendered":"Strap ochelari 2&#8243;  (FatStrapFPV)"},"content":{"rendered":"<p><strong>Specifica\u021bii:<\/strong><\/p>\n<p>Sunt fabricate \u00een SUA din componente durabile de \u00eenalt\u0103 calitate, iar curelele de grad militar sunt deosebit de dure.<\/p>\n<p>Versiunea FatShark\/Analog\u00a0 are o hus\u0103 sta\u021bionar\u0103 pentru baterie cusut\u0103 \u00een partea dreapt\u0103 care \u021bine perfect bateria\u00a0 sau carcasa 18650.<\/p>\n<p>Versiunea DJI are o sec\u021biune elastic\u0103 glisant\u0103 deta\u0219abil\u0103 care v\u0103 permite s\u0103 v\u0103 monta\u021bi bateria oriunde de-a lungul curelei sau \u00een buzunar.<\/p>\n<p>Materialul, accesoriile \u0219i cus\u0103turile de pe aceste curele sunt toate de top.<\/p>\n<p>L\u0103\u021bime: 50mm<\/p>\n<p>Compatibilitate: Fatshark Goggles \/ for DJI FPV goggles \/ other Style Fatshark Goggles etc.<\/p>\n","protected":false},"excerpt":{"rendered":"<p>Specifica\u021bii: Sunt fabricate \u00een SUA din componente durabile de \u00eenalt\u0103 calitate, iar curelele de grad militar sunt deosebit de dure. Versiunea FatShark\/Analog\u00a0 are o hus\u0103 sta\u021bionar\u0103 pentru baterie cusut\u0103 \u00een partea dreapt\u0103 care \u021bine perfect bateria\u00a0 sau carcasa 18650. Versiunea DJI are o sec\u021biune elastic\u0103 glisant\u0103 deta\u0219abil\u0103 care v\u0103 permite s\u0103 v\u0103 monta\u021bi bateria oriunde [&#8230;]\n","protected":false},"featured_media":3410,"comment_status":"open","ping_status":"closed","template":"","meta":[],"product_brand":[],"product_cat":[299,298],"product_tag":[],"class_list":{"0":"post-1290","1":"product","2":"type-product","3":"status-publish","4":"has-post-thumbnail","6":"product_cat-dji-fpv","7":"product_cat-walksnail-hd","9":"first","10":"instock","11":"shipping-taxable","12":"purchasable","13":"product-type-variable","14":"has-default-attributes"},"supplier_id":null,"supplier_sku":"","barcode":null,"atum_controlled":true,"out_stock_date":"2022-04-05 11:58:19","out_stock_threshold":null,"inheritable":true,"inbound_stock":0,"stock_on_hold":0,"sold_today":0,"sales_last_days":0,"reserved_stock":0,"customer_returns":0,"warehouse_damage":0,"lost_in_post":0,"other_logs":0,"out_stock_days":1486,"lost_sales":0,"has_location":false,"update_date":"2026-05-01T04:00:15","atum_locations":[],"atum_stock_status":"instock","restock_status":false,"low_stock_amount":"","sales_update_date":"2026-05-01T04:00:15","calc_backorders":null,"_links":{"self":[{"href":"https:\/\/iflyfpv.ro\/ro\/wp-json\/wp\/v2\/product\/1290","targetHints":{"allow":["GET"]}}],"collection":[{"href":"https:\/\/iflyfpv.ro\/ro\/wp-json\/wp\/v2\/product"}],"about":[{"href":"https:\/\/iflyfpv.ro\/ro\/wp-json\/wp\/v2\/types\/product"}],"replies":[{"embeddable":true,"href":"https:\/\/iflyfpv.ro\/ro\/wp-json\/wp\/v2\/comments?post=1290"}],"wp:featuredmedia":[{"embeddable":true,"href":"https:\/\/iflyfpv.ro\/ro\/wp-json\/wp\/v2\/media\/3410"}],"wp:attachment":[{"href":"https:\/\/iflyfpv.ro\/ro\/wp-json\/wp\/v2\/media?parent=1290"}],"wp:term":[{"taxonomy":"product_brand","embeddable":true,"href":"https:\/\/iflyfpv.ro\/ro\/wp-json\/wp\/v2\/product_brand?post=1290"},{"taxonomy":"product_cat","embeddable":true,"href":"https:\/\/iflyfpv.ro\/ro\/wp-json\/wp\/v2\/product_cat?post=1290"},{"taxonomy":"product_tag","embeddable":true,"href":"https:\/\/iflyfpv.ro\/ro\/wp-json\/wp\/v2\/product_tag?post=1290"}],"curies":[{"name":"wp","href":"https:\/\/api.w.org\/{rel}","templated":true}]}}