{"id":12903,"date":"2026-04-22T19:43:28","date_gmt":"2026-04-22T17:43:28","guid":{"rendered":"https:\/\/iflyfpv.ro\/?post_type=product&#038;p=12903"},"modified":"2026-04-22T19:45:31","modified_gmt":"2026-04-22T17:45:31","slug":"flywoo-cablu-date-usb-tip-c-90-pentru-o4-o4-pro","status":"publish","type":"product","link":"https:\/\/iflyfpv.ro\/ro\/produs\/flywoo-cablu-date-usb-tip-c-90-pentru-o4-o4-pro\/","title":{"rendered":"Flywoo Cablu Date USB Tip-C 90\u00b0 pentru O4\/O4 Pro"},"content":{"rendered":"<p><strong>Caracteristici<\/strong><br \/>\nCablu de date USB Flywoo, conceput pentru unitatea O4 \/ O4 PRO Air. Dispune de un conector de tip C la 90\u00b0. Matri\u021b\u0103 personalizat\u0103, fin lucrat\u0103. Dezvoltat special pentru O4 \/ O4 PRO, asigur\u0103 o transmisie stabil\u0103 a datelor, oferind suport fiabil pentru conectarea dispozitivelor \u0219i interac\u021biunea cu datele, \u00eembun\u0103t\u0103\u021bind experien\u021ba eficient\u0103 a utilizatorului.<\/p>\n<p><strong>Pachetul contine<\/strong><br \/>\n1x Flywoo Cablu Date USB Tip-C 90\u00b0 pentru O4\/O4 Pro<\/p>\n","protected":false},"excerpt":{"rendered":"<p>Caracteristici Cablu de date USB Flywoo, conceput pentru unitatea O4 \/ O4 PRO Air. Dispune de un conector de tip C la 90\u00b0. Matri\u021b\u0103 personalizat\u0103, fin lucrat\u0103. Dezvoltat special pentru O4 \/ O4 PRO, asigur\u0103 o transmisie stabil\u0103 a datelor, oferind suport fiabil pentru conectarea dispozitivelor \u0219i interac\u021biunea cu datele, \u00eembun\u0103t\u0103\u021bind experien\u021ba eficient\u0103 a utilizatorului. [&#8230;]\n","protected":false},"featured_media":12904,"comment_status":"open","ping_status":"closed","template":"","meta":[],"product_brand":[],"product_cat":[15],"product_tag":[],"class_list":{"0":"post-12903","1":"product","2":"type-product","3":"status-publish","4":"has-post-thumbnail","6":"product_cat-uncategorized","8":"first","9":"instock","10":"shipping-taxable","11":"purchasable","12":"product-type-simple"},"supplier_id":null,"supplier_sku":"","barcode":null,"atum_controlled":true,"out_stock_date":null,"out_stock_threshold":null,"inheritable":false,"inbound_stock":null,"stock_on_hold":0,"sold_today":0,"sales_last_days":0,"reserved_stock":null,"customer_returns":null,"warehouse_damage":null,"lost_in_post":null,"other_logs":null,"out_stock_days":0,"lost_sales":0,"has_location":false,"update_date":"2026-04-23T03:00:27","atum_locations":[],"atum_stock_status":"instock","restock_status":false,"low_stock_amount":"","sales_update_date":"2026-04-23T03:00:27","calc_backorders":null,"_links":{"self":[{"href":"https:\/\/iflyfpv.ro\/ro\/wp-json\/wp\/v2\/product\/12903","targetHints":{"allow":["GET"]}}],"collection":[{"href":"https:\/\/iflyfpv.ro\/ro\/wp-json\/wp\/v2\/product"}],"about":[{"href":"https:\/\/iflyfpv.ro\/ro\/wp-json\/wp\/v2\/types\/product"}],"replies":[{"embeddable":true,"href":"https:\/\/iflyfpv.ro\/ro\/wp-json\/wp\/v2\/comments?post=12903"}],"wp:featuredmedia":[{"embeddable":true,"href":"https:\/\/iflyfpv.ro\/ro\/wp-json\/wp\/v2\/media\/12904"}],"wp:attachment":[{"href":"https:\/\/iflyfpv.ro\/ro\/wp-json\/wp\/v2\/media?parent=12903"}],"wp:term":[{"taxonomy":"product_brand","embeddable":true,"href":"https:\/\/iflyfpv.ro\/ro\/wp-json\/wp\/v2\/product_brand?post=12903"},{"taxonomy":"product_cat","embeddable":true,"href":"https:\/\/iflyfpv.ro\/ro\/wp-json\/wp\/v2\/product_cat?post=12903"},{"taxonomy":"product_tag","embeddable":true,"href":"https:\/\/iflyfpv.ro\/ro\/wp-json\/wp\/v2\/product_tag?post=12903"}],"curies":[{"name":"wp","href":"https:\/\/api.w.org\/{rel}","templated":true}]}}