{"id":1883,"date":"2021-11-25T17:47:27","date_gmt":"2021-11-25T17:47:27","guid":{"rendered":"https:\/\/iflyfpv-ro.layer.ro\/?post_type=product&#038;p=1883"},"modified":"2025-03-10T08:06:40","modified_gmt":"2025-03-10T06:06:40","slug":"caddx-nebula-pro-vista-kit-hd-cablu-12cm","status":"publish","type":"product","link":"https:\/\/iflyfpv.ro\/ro\/produs\/caddx-nebula-pro-vista-kit-hd-cablu-12cm\/","title":{"rendered":"Caddx Nebula Pro Vista kit HD (cablu 12cm)"},"content":{"rendered":"<p><strong>Specifica\u021bii:<\/strong><br \/>\nDimensiuni<\/p>\n<p>Modul: 30 x 29 x 13 mm<br \/>\nCamera foto: 19 x 19 x 20 mm<br \/>\nGreutate: 25g (inclusiv camera foto); Modul: 19g<\/p>\n<p>Cablu:120mm<\/p>\n<p>Conector anten\u0103: u.FL<br \/>\nFrecventa de operare: 5.725-5.85GHz<br \/>\nPuterea emi\u021b\u0103torului (EIRP)<br \/>\nFCC \/ SRRC \/ MIC: &lt;20dBm<br \/>\nCE: &lt;14dBm<br \/>\nInterfa\u021b\u0103 I \/ O: USB-C, IPEX, port 3-\u00een-1<br \/>\nMin. Laten\u021b\u0103: Mod de laten\u021b\u0103 sc\u0103zut\u0103 (720p 120fps): 21-28ms<br \/>\nMod de \u00eenalt\u0103 calitate (720p 60fps): 30-40ms<br \/>\nDistan\u021ba maxim\u0103 de transmisie: FCC \/ SRRC: 4 km; CE: 0,7 km<br \/>\nPutere de intrare: 7.4-26.4v<br \/>\nCamera Nebula Pro<\/p>\n<p>Senzor: 1 \/ 3 &#8222;CMOS<br \/>\nPixel eficient: 4M<br \/>\nObiectiv: f \/ 20<br \/>\nDeclan\u0219ator:<br \/>\nISO: 100-25600<br \/>\nFOV: 150 (D); 122 (H); 93 (V)<\/p>\n","protected":false},"excerpt":{"rendered":"<p>Specifica\u021bii: Dimensiuni Modul: 30 x 29 x 13 mm Camera foto: 19 x 19 x 20 mm Greutate: 25g (inclusiv camera foto); Modul: 19g Cablu:120mm Conector anten\u0103: u.FL Frecventa de operare: 5.725-5.85GHz Puterea emi\u021b\u0103torului (EIRP) FCC \/ SRRC \/ MIC: &lt;20dBm CE: &lt;14dBm Interfa\u021b\u0103 I \/ O: USB-C, IPEX, port 3-\u00een-1 Min. Laten\u021b\u0103: Mod de [&#8230;]\n","protected":false},"featured_media":2973,"comment_status":"open","ping_status":"closed","template":"","meta":[],"product_brand":[],"product_cat":[299,86],"product_tag":[],"class_list":{"0":"post-1883","1":"product","2":"type-product","3":"status-publish","4":"has-post-thumbnail","6":"product_cat-dji-fpv","7":"product_cat-video","9":"first","10":"instock","11":"shipping-taxable","12":"purchasable","13":"product-type-simple"},"supplier_id":null,"supplier_sku":"","barcode":"-1","atum_controlled":true,"out_stock_date":null,"out_stock_threshold":null,"inheritable":false,"inbound_stock":0,"stock_on_hold":0,"sold_today":0,"sales_last_days":0,"reserved_stock":0,"customer_returns":0,"warehouse_damage":0,"lost_in_post":0,"other_logs":0,"out_stock_days":0,"lost_sales":0,"has_location":false,"update_date":"2026-05-01T04:00:18","atum_locations":[],"atum_stock_status":"instock","restock_status":false,"low_stock_amount":"","sales_update_date":"2026-05-01T04:00:18","calc_backorders":null,"_links":{"self":[{"href":"https:\/\/iflyfpv.ro\/ro\/wp-json\/wp\/v2\/product\/1883","targetHints":{"allow":["GET"]}}],"collection":[{"href":"https:\/\/iflyfpv.ro\/ro\/wp-json\/wp\/v2\/product"}],"about":[{"href":"https:\/\/iflyfpv.ro\/ro\/wp-json\/wp\/v2\/types\/product"}],"replies":[{"embeddable":true,"href":"https:\/\/iflyfpv.ro\/ro\/wp-json\/wp\/v2\/comments?post=1883"}],"wp:featuredmedia":[{"embeddable":true,"href":"https:\/\/iflyfpv.ro\/ro\/wp-json\/wp\/v2\/media\/2973"}],"wp:attachment":[{"href":"https:\/\/iflyfpv.ro\/ro\/wp-json\/wp\/v2\/media?parent=1883"}],"wp:term":[{"taxonomy":"product_brand","embeddable":true,"href":"https:\/\/iflyfpv.ro\/ro\/wp-json\/wp\/v2\/product_brand?post=1883"},{"taxonomy":"product_cat","embeddable":true,"href":"https:\/\/iflyfpv.ro\/ro\/wp-json\/wp\/v2\/product_cat?post=1883"},{"taxonomy":"product_tag","embeddable":true,"href":"https:\/\/iflyfpv.ro\/ro\/wp-json\/wp\/v2\/product_tag?post=1883"}],"curies":[{"name":"wp","href":"https:\/\/api.w.org\/{rel}","templated":true}]}}