{"id":3696,"date":"2022-10-19T21:38:53","date_gmt":"2022-10-19T19:38:53","guid":{"rendered":"https:\/\/iflyfpv-ro.layer.ro\/?post_type=product&#038;p=3696"},"modified":"2025-02-27T14:09:07","modified_gmt":"2025-02-27T12:09:07","slug":"condensator-unicon-upl-35v-470uf","status":"publish","type":"product","link":"https:\/\/iflyfpv.ro\/ro\/produs\/condensator-unicon-upl-35v-470uf\/","title":{"rendered":"Condensator Unicon UPL 35V 470uF"},"content":{"rendered":"<p>Condensator\u00a0 UPL Low ESR pentru utilizare\u00a0 p\u00e2n\u0103 la 6s.<\/p>\n<p><strong>Specificatii:<\/strong><\/p>\n<p>Tensiune nominal\u0103: 35v<\/p>\n<p>Capacitate nominal\u0103:470 uF<\/p>\n<p>Interval de temperatur\u0103: -55 p\u00e2n\u0103 la 125C<\/p>\n<p>Dimensiuni: 10mm diametru x 12mm lungime<\/p>\n","protected":false},"excerpt":{"rendered":"<p>Condensator\u00a0 UPL Low ESR pentru utilizare\u00a0 p\u00e2n\u0103 la 6s. Specificatii: Tensiune nominal\u0103: 35v Capacitate nominal\u0103:470 uF Interval de temperatur\u0103: -55 p\u00e2n\u0103 la 125C Dimensiuni: 10mm diametru x 12mm lungime<\/p>\n","protected":false},"featured_media":3697,"comment_status":"open","ping_status":"closed","template":"","meta":[],"product_brand":[],"product_cat":[265,18],"product_tag":[],"class_list":{"0":"post-3696","1":"product","2":"type-product","3":"status-publish","4":"has-post-thumbnail","6":"product_cat-condensatori","7":"product_cat-esc","9":"first","10":"outofstock","11":"shipping-taxable","12":"purchasable","13":"product-type-simple"},"supplier_id":null,"supplier_sku":"","barcode":null,"atum_controlled":true,"out_stock_date":null,"out_stock_threshold":null,"inheritable":false,"inbound_stock":0,"stock_on_hold":0,"sold_today":0,"sales_last_days":0,"reserved_stock":0,"customer_returns":0,"warehouse_damage":0,"lost_in_post":0,"other_logs":0,"out_stock_days":0,"lost_sales":0,"has_location":false,"update_date":"2026-04-16T01:19:04","atum_locations":[],"atum_stock_status":"outofstock","restock_status":false,"low_stock_amount":"","sales_update_date":"2026-04-16T01:19:04","calc_backorders":null,"_links":{"self":[{"href":"https:\/\/iflyfpv.ro\/ro\/wp-json\/wp\/v2\/product\/3696","targetHints":{"allow":["GET"]}}],"collection":[{"href":"https:\/\/iflyfpv.ro\/ro\/wp-json\/wp\/v2\/product"}],"about":[{"href":"https:\/\/iflyfpv.ro\/ro\/wp-json\/wp\/v2\/types\/product"}],"replies":[{"embeddable":true,"href":"https:\/\/iflyfpv.ro\/ro\/wp-json\/wp\/v2\/comments?post=3696"}],"wp:featuredmedia":[{"embeddable":true,"href":"https:\/\/iflyfpv.ro\/ro\/wp-json\/wp\/v2\/media\/3697"}],"wp:attachment":[{"href":"https:\/\/iflyfpv.ro\/ro\/wp-json\/wp\/v2\/media?parent=3696"}],"wp:term":[{"taxonomy":"product_brand","embeddable":true,"href":"https:\/\/iflyfpv.ro\/ro\/wp-json\/wp\/v2\/product_brand?post=3696"},{"taxonomy":"product_cat","embeddable":true,"href":"https:\/\/iflyfpv.ro\/ro\/wp-json\/wp\/v2\/product_cat?post=3696"},{"taxonomy":"product_tag","embeddable":true,"href":"https:\/\/iflyfpv.ro\/ro\/wp-json\/wp\/v2\/product_tag?post=3696"}],"curies":[{"name":"wp","href":"https:\/\/api.w.org\/{rel}","templated":true}]}}