{"id":5278,"date":"2022-12-13T21:24:56","date_gmt":"2022-12-13T19:24:56","guid":{"rendered":"https:\/\/iflyfpv-ro.layer.ro\/?post_type=product&#038;p=5278"},"modified":"2025-05-27T20:21:53","modified_gmt":"2025-05-27T18:21:53","slug":"volador-vd5-deadcat-lr-t700","status":"publish","type":"product","link":"https:\/\/iflyfpv.ro\/ro\/produs\/volador-vd5-deadcat-lr-t700\/","title":{"rendered":"Volador VD5 Deadcat LR T700"},"content":{"rendered":"<p><strong>Caracteristici:<\/strong><br \/>\nPlac\u0103 de carbon T700 de \u00eenalt\u0103 calitate<br \/>\nPl\u0103ci de montare pentru camere din aliaj de aluminiu 7075 pentru o protec\u021bie sporit\u0103<br \/>\nBra\u021be \u00eengro\u0219ate proiectate inteligent<br \/>\nConector XT60 integrat pentru siguran\u021b\u0103 \u0219i fiabilitate<br \/>\nPiese TPU de \u00eenalt\u0103 calitate<br \/>\nPad unic anti-alunecare pentru baterie<br \/>\nHardware de rezisten\u021b\u0103 12,9 acoperit cu Loctite<br \/>\nCompatibil cu DJI O3 Air Unit\/Caddx Vista\/Runcam link Wasp\/Avatar HD etc.<br \/>\n<strong>(Nu este compatibil cu DJI FPV Air Unit)<\/strong><\/p>\n<p><strong>Specifica\u021bii VD5:<\/strong><br \/>\nGrosime bra\u021b: 6 mm<br \/>\nGrosimea pl\u0103cii superioare: 2,5 mm<br \/>\nGrosimea pl\u0103cii mijlocii: 3 mm<br \/>\nGrosimea pl\u0103cii inferioare: 3 mm<br \/>\nDimensiunea elicei: 5~5.1 inch<br \/>\nMaterial: placa de carbon T700<br \/>\nDistan\u021ba camerei FPV: 19 mm\/20 mm<br \/>\nGreutate: 205,3 g (cu p\u0103r\u021bi TPU)<br \/>\nDimensiuni totale: 190mm*136mm<br \/>\nAmpatament: 225 mm<br \/>\nG\u0103uri de montare pentru stiva: 20 mm * 20 mm \/ 30,5 mm * 30,5 mm (M3)<br \/>\nG\u0103uri de montare VTX: 20 mm * 20 mm \/ 25,5 mm * 25,5 mm (M2)<\/p>\n","protected":false},"excerpt":{"rendered":"<p>Caracteristici: Plac\u0103 de carbon T700 de \u00eenalt\u0103 calitate Pl\u0103ci de montare pentru camere din aliaj de aluminiu 7075 pentru o protec\u021bie sporit\u0103 Bra\u021be \u00eengro\u0219ate proiectate inteligent Conector XT60 integrat pentru siguran\u021b\u0103 \u0219i fiabilitate Piese TPU de \u00eenalt\u0103 calitate Pad unic anti-alunecare pentru baterie Hardware de rezisten\u021b\u0103 12,9 acoperit cu Loctite Compatibil cu DJI O3 Air [&#8230;]\n","protected":false},"featured_media":5279,"comment_status":"open","ping_status":"closed","template":"","meta":[],"product_brand":[],"product_cat":[19],"product_tag":[],"class_list":{"0":"post-5278","1":"product","2":"type-product","3":"status-publish","4":"has-post-thumbnail","6":"product_cat-frame","8":"first","9":"instock","10":"sale","11":"shipping-taxable","12":"purchasable","13":"product-type-simple"},"supplier_id":null,"supplier_sku":"","barcode":null,"atum_controlled":true,"out_stock_date":null,"out_stock_threshold":null,"inheritable":false,"inbound_stock":0,"stock_on_hold":0,"sold_today":0,"sales_last_days":0,"reserved_stock":0,"customer_returns":0,"warehouse_damage":0,"lost_in_post":0,"other_logs":0,"out_stock_days":0,"lost_sales":0,"has_location":false,"update_date":"2026-04-16T01:19:05","atum_locations":[],"atum_stock_status":"instock","restock_status":false,"low_stock_amount":"","sales_update_date":"2026-04-16T01:19:05","calc_backorders":null,"_links":{"self":[{"href":"https:\/\/iflyfpv.ro\/ro\/wp-json\/wp\/v2\/product\/5278","targetHints":{"allow":["GET"]}}],"collection":[{"href":"https:\/\/iflyfpv.ro\/ro\/wp-json\/wp\/v2\/product"}],"about":[{"href":"https:\/\/iflyfpv.ro\/ro\/wp-json\/wp\/v2\/types\/product"}],"replies":[{"embeddable":true,"href":"https:\/\/iflyfpv.ro\/ro\/wp-json\/wp\/v2\/comments?post=5278"}],"wp:featuredmedia":[{"embeddable":true,"href":"https:\/\/iflyfpv.ro\/ro\/wp-json\/wp\/v2\/media\/5279"}],"wp:attachment":[{"href":"https:\/\/iflyfpv.ro\/ro\/wp-json\/wp\/v2\/media?parent=5278"}],"wp:term":[{"taxonomy":"product_brand","embeddable":true,"href":"https:\/\/iflyfpv.ro\/ro\/wp-json\/wp\/v2\/product_brand?post=5278"},{"taxonomy":"product_cat","embeddable":true,"href":"https:\/\/iflyfpv.ro\/ro\/wp-json\/wp\/v2\/product_cat?post=5278"},{"taxonomy":"product_tag","embeddable":true,"href":"https:\/\/iflyfpv.ro\/ro\/wp-json\/wp\/v2\/product_tag?post=5278"}],"curies":[{"name":"wp","href":"https:\/\/api.w.org\/{rel}","templated":true}]}}