{"id":5771,"date":"2023-02-08T19:36:23","date_gmt":"2023-02-08T17:36:23","guid":{"rendered":"https:\/\/iflyfpv-ro.layer.ro\/?post_type=product&#038;p=5771"},"modified":"2024-12-17T07:31:49","modified_gmt":"2024-12-17T05:31:49","slug":"rush-power-filter-board-with-35v-470uf","status":"publish","type":"product","link":"https:\/\/iflyfpv.ro\/ro\/produs\/rush-power-filter-board-with-35v-470uf\/","title":{"rendered":"RUSH Power Filter Board \u0219i condensator 35V 470UF"},"content":{"rendered":"<p><b>Specifica\u021bii:<\/b><\/p>\n<p>PCB din 3X diode TVS de mare putere \u0219i 1X condensator 35V 470\u03bcf.<\/p>\n<p>Ofer\u0103 protec\u021bie suplimentar\u0103 \u00eempotriva v\u00e2rfurilor de tensiune.<\/p>\n<p>Voltaj\u00a0 6S.<\/p>\n<p><b>Pachetul con\u021bine:\u00a0<\/b><\/p>\n<p>1x RUSH Power Filter Board 35V , Condensator 470UF<\/p>\n","protected":false},"excerpt":{"rendered":"<p>Specifica\u021bii: PCB din 3X diode TVS de mare putere \u0219i 1X condensator 35V 470\u03bcf. Ofer\u0103 protec\u021bie suplimentar\u0103 \u00eempotriva v\u00e2rfurilor de tensiune. Voltaj\u00a0 6S. Pachetul con\u021bine:\u00a0 1x RUSH Power Filter Board 35V , Condensator 470UF<\/p>\n","protected":false},"featured_media":5775,"comment_status":"open","ping_status":"closed","template":"","meta":[],"product_brand":[],"product_cat":[15,86,23],"product_tag":[],"class_list":{"0":"post-5771","1":"product","2":"type-product","3":"status-publish","4":"has-post-thumbnail","6":"product_cat-uncategorized","7":"product_cat-video","8":"product_cat-vtx","10":"first","11":"outofstock","12":"shipping-taxable","13":"purchasable","14":"product-type-simple"},"supplier_id":null,"supplier_sku":"","barcode":null,"atum_controlled":true,"out_stock_date":null,"out_stock_threshold":null,"inheritable":false,"inbound_stock":0,"stock_on_hold":0,"sold_today":0,"sales_last_days":0,"reserved_stock":0,"customer_returns":0,"warehouse_damage":0,"lost_in_post":0,"other_logs":0,"out_stock_days":0,"lost_sales":0,"has_location":false,"update_date":"2026-04-20T02:00:24","atum_locations":[],"atum_stock_status":"outofstock","restock_status":false,"low_stock_amount":"","sales_update_date":"2026-04-20T02:00:24","calc_backorders":null,"_links":{"self":[{"href":"https:\/\/iflyfpv.ro\/ro\/wp-json\/wp\/v2\/product\/5771","targetHints":{"allow":["GET"]}}],"collection":[{"href":"https:\/\/iflyfpv.ro\/ro\/wp-json\/wp\/v2\/product"}],"about":[{"href":"https:\/\/iflyfpv.ro\/ro\/wp-json\/wp\/v2\/types\/product"}],"replies":[{"embeddable":true,"href":"https:\/\/iflyfpv.ro\/ro\/wp-json\/wp\/v2\/comments?post=5771"}],"wp:featuredmedia":[{"embeddable":true,"href":"https:\/\/iflyfpv.ro\/ro\/wp-json\/wp\/v2\/media\/5775"}],"wp:attachment":[{"href":"https:\/\/iflyfpv.ro\/ro\/wp-json\/wp\/v2\/media?parent=5771"}],"wp:term":[{"taxonomy":"product_brand","embeddable":true,"href":"https:\/\/iflyfpv.ro\/ro\/wp-json\/wp\/v2\/product_brand?post=5771"},{"taxonomy":"product_cat","embeddable":true,"href":"https:\/\/iflyfpv.ro\/ro\/wp-json\/wp\/v2\/product_cat?post=5771"},{"taxonomy":"product_tag","embeddable":true,"href":"https:\/\/iflyfpv.ro\/ro\/wp-json\/wp\/v2\/product_tag?post=5771"}],"curies":[{"name":"wp","href":"https:\/\/api.w.org\/{rel}","templated":true}]}}