{"id":5813,"date":"2023-02-10T21:13:44","date_gmt":"2023-02-10T19:13:44","guid":{"rendered":"https:\/\/iflyfpv-ro.layer.ro\/?post_type=product&#038;p=5813"},"modified":"2026-03-04T11:40:02","modified_gmt":"2026-03-04T09:40:02","slug":"dji-o3-air-unit-antenna","status":"publish","type":"product","link":"https:\/\/iflyfpv.ro\/ro\/produs\/dji-o3-air-unit-antenna\/","title":{"rendered":"DJI O3 Air Unit Antenna"},"content":{"rendered":"<p><strong>Descriere:<\/strong><\/p>\n<p>\u00cenlocui\u021bi antena sistemului dvs. de transmisie DJI FPV 03.<\/p>\n<p>Designul s\u0103u permite o \u00eenlocuire rapid\u0103 \u0219i u\u0219oar\u0103 \u00een cazul spargerii antenei dvs. v\u00e2ndute la pachet.<\/p>\n<p><strong>Pachetul con\u021bine:<\/strong><br \/>\n1x DJI O3 Air Unit Antenna<\/p>\n","protected":false},"excerpt":{"rendered":"<p>Descriere: \u00cenlocui\u021bi antena sistemului dvs. de transmisie DJI FPV 03. Designul s\u0103u permite o \u00eenlocuire rapid\u0103 \u0219i u\u0219oar\u0103 \u00een cazul spargerii antenei dvs. v\u00e2ndute la pachet. Pachetul con\u021bine: 1x DJI O3 Air Unit Antenna<\/p>\n","protected":false},"featured_media":5816,"comment_status":"open","ping_status":"closed","template":"","meta":[],"product_brand":[],"product_cat":[299],"product_tag":[],"class_list":{"0":"post-5813","1":"product","2":"type-product","3":"status-publish","4":"has-post-thumbnail","6":"product_cat-dji-fpv","8":"first","9":"instock","10":"shipping-taxable","11":"purchasable","12":"product-type-simple"},"supplier_id":null,"supplier_sku":"","barcode":null,"atum_controlled":true,"out_stock_date":null,"out_stock_threshold":null,"inheritable":false,"inbound_stock":0,"stock_on_hold":0,"sold_today":0,"sales_last_days":0,"reserved_stock":0,"customer_returns":0,"warehouse_damage":0,"lost_in_post":0,"other_logs":0,"out_stock_days":0,"lost_sales":0,"has_location":false,"update_date":"2026-05-01T04:00:24","atum_locations":[],"atum_stock_status":"instock","restock_status":false,"low_stock_amount":"","sales_update_date":"2026-05-01T04:00:24","calc_backorders":null,"_links":{"self":[{"href":"https:\/\/iflyfpv.ro\/ro\/wp-json\/wp\/v2\/product\/5813","targetHints":{"allow":["GET"]}}],"collection":[{"href":"https:\/\/iflyfpv.ro\/ro\/wp-json\/wp\/v2\/product"}],"about":[{"href":"https:\/\/iflyfpv.ro\/ro\/wp-json\/wp\/v2\/types\/product"}],"replies":[{"embeddable":true,"href":"https:\/\/iflyfpv.ro\/ro\/wp-json\/wp\/v2\/comments?post=5813"}],"wp:featuredmedia":[{"embeddable":true,"href":"https:\/\/iflyfpv.ro\/ro\/wp-json\/wp\/v2\/media\/5816"}],"wp:attachment":[{"href":"https:\/\/iflyfpv.ro\/ro\/wp-json\/wp\/v2\/media?parent=5813"}],"wp:term":[{"taxonomy":"product_brand","embeddable":true,"href":"https:\/\/iflyfpv.ro\/ro\/wp-json\/wp\/v2\/product_brand?post=5813"},{"taxonomy":"product_cat","embeddable":true,"href":"https:\/\/iflyfpv.ro\/ro\/wp-json\/wp\/v2\/product_cat?post=5813"},{"taxonomy":"product_tag","embeddable":true,"href":"https:\/\/iflyfpv.ro\/ro\/wp-json\/wp\/v2\/product_tag?post=5813"}],"curies":[{"name":"wp","href":"https:\/\/api.w.org\/{rel}","templated":true}]}}