{"id":6013,"date":"2023-03-03T19:20:39","date_gmt":"2023-03-03T17:20:39","guid":{"rendered":"https:\/\/iflyfpv-ro.layer.ro\/?post_type=product&#038;p=6013"},"modified":"2025-12-22T12:37:43","modified_gmt":"2025-12-22T10:37:43","slug":"flywoo-ultra-power-up-s6-6x4-35w-dc-1s-balance-charger","status":"publish","type":"product","link":"https:\/\/iflyfpv.ro\/ro\/produs\/flywoo-ultra-power-up-s6-6x4-35w-dc-1s-balance-charger\/","title":{"rendered":"Flywoo Ultra Power UP-S6 6&#215;4.35W DC 1S Balance Charger"},"content":{"rendered":"<p style=\"font-weight: 400;\"><b><strong>Specificatii:<\/strong><\/b><\/p>\n<p style=\"font-weight: 400;\">1. Pot fi utilizate \u0219ase porturi independente \u00een acela\u0219i timp.<\/p>\n<p style=\"font-weight: 400;\">2. Trei tipuri diferite de conectori pentru baterie \u00een fiecare port.<\/p>\n<p style=\"font-weight: 400;\">3.\u0218ase circuite de \u00eenc\u0103rcare independente LED \u0219i sunetul sonor indic\u0103 starea de \u00eenc\u0103rcare.<\/p>\n<p style=\"font-weight: 400;\">4.Curentul de \u00eenc\u0103rcare reglabil de la 0.1-1.0A.<\/p>\n<p style=\"font-weight: 400;\">5.Port USB (5V\/2.1A) pentru \u00eenc\u0103rcare iPad, telefoane mobile, camere digitale etc.<\/p>\n<p style=\"font-weight: 400;\">6.Protec\u021bie maxim\u0103: protec\u021bie \u00eempotriva polarit\u0103\u021bii inverse a bateriei, protec\u021bie la supratensiune a bateriei \u0219i protec\u021bie la tensiunea de intrare DC.<\/p>\n<p>&nbsp;<\/p>\n<p style=\"font-weight: 400;\"><b><strong>Pachetul con\u021bine:<\/strong><\/b><\/p>\n<p style=\"font-weight: 400;\">1pc x\u00a0 Incarcator balanasat Flywoo Ultra Power UP-S6 6&#215;4.35W<\/p>\n<p style=\"font-weight: 400;\">1pc x Sursa 220v<\/p>\n<p style=\"font-weight: 400;\">6 Cabluri pt conversie PH2.0 &#8211; GNB<\/p>\n","protected":false},"excerpt":{"rendered":"<p>Specificatii: 1. Pot fi utilizate \u0219ase porturi independente \u00een acela\u0219i timp. 2. Trei tipuri diferite de conectori pentru baterie \u00een fiecare port. 3.\u0218ase circuite de \u00eenc\u0103rcare independente LED \u0219i sunetul sonor indic\u0103 starea de \u00eenc\u0103rcare. 4.Curentul de \u00eenc\u0103rcare reglabil de la 0.1-1.0A. 5.Port USB (5V\/2.1A) pentru \u00eenc\u0103rcare iPad, telefoane mobile, camere digitale etc. 6.Protec\u021bie maxim\u0103: [&#8230;]\n","protected":false},"featured_media":6015,"comment_status":"open","ping_status":"closed","template":"","meta":[],"product_brand":[],"product_cat":[87],"product_tag":[],"class_list":{"0":"post-6013","1":"product","2":"type-product","3":"status-publish","4":"has-post-thumbnail","6":"product_cat-incarcator","8":"first","9":"instock","10":"shipping-taxable","11":"purchasable","12":"product-type-simple"},"supplier_id":null,"supplier_sku":"","barcode":null,"atum_controlled":true,"out_stock_date":null,"out_stock_threshold":null,"inheritable":false,"inbound_stock":0,"stock_on_hold":0,"sold_today":0,"sales_last_days":0,"reserved_stock":0,"customer_returns":0,"warehouse_damage":0,"lost_in_post":0,"other_logs":0,"out_stock_days":0,"lost_sales":0,"has_location":false,"update_date":"2026-04-20T02:00:24","atum_locations":[],"atum_stock_status":"instock","restock_status":false,"low_stock_amount":"","sales_update_date":"2026-04-20T02:00:24","calc_backorders":null,"_links":{"self":[{"href":"https:\/\/iflyfpv.ro\/ro\/wp-json\/wp\/v2\/product\/6013","targetHints":{"allow":["GET"]}}],"collection":[{"href":"https:\/\/iflyfpv.ro\/ro\/wp-json\/wp\/v2\/product"}],"about":[{"href":"https:\/\/iflyfpv.ro\/ro\/wp-json\/wp\/v2\/types\/product"}],"replies":[{"embeddable":true,"href":"https:\/\/iflyfpv.ro\/ro\/wp-json\/wp\/v2\/comments?post=6013"}],"wp:featuredmedia":[{"embeddable":true,"href":"https:\/\/iflyfpv.ro\/ro\/wp-json\/wp\/v2\/media\/6015"}],"wp:attachment":[{"href":"https:\/\/iflyfpv.ro\/ro\/wp-json\/wp\/v2\/media?parent=6013"}],"wp:term":[{"taxonomy":"product_brand","embeddable":true,"href":"https:\/\/iflyfpv.ro\/ro\/wp-json\/wp\/v2\/product_brand?post=6013"},{"taxonomy":"product_cat","embeddable":true,"href":"https:\/\/iflyfpv.ro\/ro\/wp-json\/wp\/v2\/product_cat?post=6013"},{"taxonomy":"product_tag","embeddable":true,"href":"https:\/\/iflyfpv.ro\/ro\/wp-json\/wp\/v2\/product_tag?post=6013"}],"curies":[{"name":"wp","href":"https:\/\/api.w.org\/{rel}","templated":true}]}}