{"id":8371,"date":"2023-08-21T20:07:21","date_gmt":"2023-08-21T18:07:21","guid":{"rendered":"https:\/\/iflyfpv.ro\/?post_type=product&#038;p=8371"},"modified":"2024-02-02T13:24:21","modified_gmt":"2024-02-02T11:24:21","slug":"gts-v4-2207-2100kv-edition-mck","status":"publish","type":"product","link":"https:\/\/iflyfpv.ro\/ro\/produs\/gts-v4-2207-2100kv-edition-mck\/","title":{"rendered":"GTS V4 2207 &#8211; 2100KV EDITION MCK"},"content":{"rendered":"<p>&nbsp;<\/p>\n<p><strong>\u00a0 \u00a0 \u00a0 V\u0103 prezent\u0103m motoare de \u00eenalt\u0103 performan\u021b\u0103 dezvoltate \u00een parteneriat cu renumitul pilot de curse MCK \u0219i RCInpower&#8230; Motorul RCINPOWER GTS V4 2207 MCK Edition &#8211; 2100KV. Proiectate cu o baz\u0103 u\u0219oar\u0103 \u0219i un clopot dintr-o singur\u0103 pies\u0103, aceste motoare ofer\u0103 o durabilitate excep\u021bional\u0103 \u0219i o performan\u021b\u0103 optimizat\u0103. Cu un design de stator 2207, un ax cu diametrul de 4 mm \u0219i c\u00e2nt\u0103rind doar 30,1 g, aceste motoare ating echilibrul perfect \u00eentre putere, control \u0219i confort de zbor.<\/strong><\/p>\n<p>&nbsp;<\/p>\n<p><a href=\"https:\/\/casaispas.ro\/iflyfpv.ro\/wp-content\/uploads\/2023\/08\/2.jpg\"><img loading=\"lazy\" decoding=\"async\" class=\"size-full wp-image-8374 aligncenter\" src=\"https:\/\/casaispas.ro\/iflyfpv.ro\/wp-content\/uploads\/2023\/08\/2.jpg\" alt=\"\" width=\"1032\" height=\"790\" srcset=\"https:\/\/iflyfpv.ro\/wp-content\/uploads\/2023\/08\/2.jpg 1032w, https:\/\/iflyfpv.ro\/wp-content\/uploads\/2023\/08\/2-450x344.jpg 450w, https:\/\/iflyfpv.ro\/wp-content\/uploads\/2023\/08\/2-595x455.jpg 595w, https:\/\/iflyfpv.ro\/wp-content\/uploads\/2023\/08\/2-392x300.jpg 392w, https:\/\/iflyfpv.ro\/wp-content\/uploads\/2023\/08\/2-200x153.jpg 200w, https:\/\/iflyfpv.ro\/wp-content\/uploads\/2023\/08\/2-768x588.jpg 768w, https:\/\/iflyfpv.ro\/wp-content\/uploads\/2023\/08\/2-16x12.jpg 16w\" sizes=\"auto, (max-width: 1032px) 100vw, 1032px\" \/><\/a><\/p>\n","protected":false},"excerpt":{"rendered":"<p>&nbsp; \u00a0 \u00a0 \u00a0 V\u0103 prezent\u0103m motoare de \u00eenalt\u0103 performan\u021b\u0103 dezvoltate \u00een parteneriat cu renumitul pilot de curse MCK \u0219i RCInpower&#8230; Motorul RCINPOWER GTS V4 2207 MCK Edition &#8211; 2100KV. Proiectate cu o baz\u0103 u\u0219oar\u0103 \u0219i un clopot dintr-o singur\u0103 pies\u0103, aceste motoare ofer\u0103 o durabilitate excep\u021bional\u0103 \u0219i o performan\u021b\u0103 optimizat\u0103. Cu un design de [&#8230;]\n","protected":false},"featured_media":8373,"comment_status":"open","ping_status":"closed","template":"","meta":[],"product_brand":[],"product_cat":[20],"product_tag":[],"class_list":{"0":"post-8371","1":"product","2":"type-product","3":"status-publish","4":"has-post-thumbnail","6":"product_cat-motor","8":"first","9":"outofstock","10":"shipping-taxable","11":"purchasable","12":"product-type-simple"},"supplier_id":null,"supplier_sku":"","barcode":null,"atum_controlled":true,"out_stock_date":null,"out_stock_threshold":null,"inheritable":false,"inbound_stock":null,"stock_on_hold":null,"sold_today":null,"sales_last_days":null,"reserved_stock":null,"customer_returns":null,"warehouse_damage":null,"lost_in_post":null,"other_logs":null,"out_stock_days":null,"lost_sales":null,"has_location":null,"update_date":null,"atum_locations":[],"atum_stock_status":"instock","restock_status":false,"low_stock_amount":"","sales_update_date":null,"calc_backorders":null,"_links":{"self":[{"href":"https:\/\/iflyfpv.ro\/ro\/wp-json\/wp\/v2\/product\/8371","targetHints":{"allow":["GET"]}}],"collection":[{"href":"https:\/\/iflyfpv.ro\/ro\/wp-json\/wp\/v2\/product"}],"about":[{"href":"https:\/\/iflyfpv.ro\/ro\/wp-json\/wp\/v2\/types\/product"}],"replies":[{"embeddable":true,"href":"https:\/\/iflyfpv.ro\/ro\/wp-json\/wp\/v2\/comments?post=8371"}],"wp:featuredmedia":[{"embeddable":true,"href":"https:\/\/iflyfpv.ro\/ro\/wp-json\/wp\/v2\/media\/8373"}],"wp:attachment":[{"href":"https:\/\/iflyfpv.ro\/ro\/wp-json\/wp\/v2\/media?parent=8371"}],"wp:term":[{"taxonomy":"product_brand","embeddable":true,"href":"https:\/\/iflyfpv.ro\/ro\/wp-json\/wp\/v2\/product_brand?post=8371"},{"taxonomy":"product_cat","embeddable":true,"href":"https:\/\/iflyfpv.ro\/ro\/wp-json\/wp\/v2\/product_cat?post=8371"},{"taxonomy":"product_tag","embeddable":true,"href":"https:\/\/iflyfpv.ro\/ro\/wp-json\/wp\/v2\/product_tag?post=8371"}],"curies":[{"name":"wp","href":"https:\/\/api.w.org\/{rel}","templated":true}]}}