{"id":8536,"date":"2023-10-03T17:36:08","date_gmt":"2023-10-03T15:36:08","guid":{"rendered":"https:\/\/iflyfpv.ro\/?post_type=product&#038;p=8536"},"modified":"2025-01-12T15:18:58","modified_gmt":"2025-01-12T13:18:58","slug":"geprc-gr1404-4500kv","status":"publish","type":"product","link":"https:\/\/iflyfpv.ro\/ro\/produs\/geprc-gr1404-4500kv\/","title":{"rendered":"GEPRC GR1404 4500KV"},"content":{"rendered":"<p dir=\"ltr\" data-placeholder=\"Traducere\" data-ved=\"2ahUKEwiVveGVnNqBAxWW2QIHHY5mBN4Q3ewLegQIBhAQ\"><strong>Specifica\u021bii:<\/strong><\/p>\n<p id=\"tw-target-text\" class=\"tw-data-text tw-text-large tw-ta\" dir=\"ltr\" data-placeholder=\"Traducere\" data-ved=\"2ahUKEwiVveGVnNqBAxWW2QIHHY5mBN4Q3ewLegQIBhAQ\"><span class=\"Y2IQFc\" lang=\"ro\">Configura\u021bie: 9N12P<\/span><\/p>\n<p class=\"tw-data-text tw-text-large tw-ta\" dir=\"ltr\" data-placeholder=\"Traducere\" data-ved=\"2ahUKEwiVveGVnNqBAxWW2QIHHY5mBN4Q3ewLegQIBhAQ\"><span class=\"Y2IQFc\" lang=\"ro\">Diametrul statorului: 14 mm <\/span><\/p>\n<p class=\"tw-data-text tw-text-large tw-ta\" dir=\"ltr\" data-placeholder=\"Traducere\" data-ved=\"2ahUKEwiVveGVnNqBAxWW2QIHHY5mBN4Q3ewLegQIBhAQ\"><span class=\"Y2IQFc\" lang=\"ro\">Lungimea statorului: 4 mm <\/span><\/p>\n<p class=\"tw-data-text tw-text-large tw-ta\" dir=\"ltr\" data-placeholder=\"Traducere\" data-ved=\"2ahUKEwiVveGVnNqBAxWW2QIHHY5mBN4Q3ewLegQIBhAQ\"><span class=\"Y2IQFc\" lang=\"ro\">Diametrul arborelui: 1,5 mm <\/span><\/p>\n<p class=\"tw-data-text tw-text-large tw-ta\" dir=\"ltr\" data-placeholder=\"Traducere\" data-ved=\"2ahUKEwiVveGVnNqBAxWW2QIHHY5mBN4Q3ewLegQIBhAQ\"><span class=\"Y2IQFc\" lang=\"ro\">Dimensiuni motor: \u03a618.3 * 14.5mm <\/span><\/p>\n<p class=\"tw-data-text tw-text-large tw-ta\" dir=\"ltr\" data-placeholder=\"Traducere\" data-ved=\"2ahUKEwiVveGVnNqBAxWW2QIHHY5mBN4Q3ewLegQIBhAQ\"><span class=\"Y2IQFc\" lang=\"ro\">Pozi\u021bia g\u0103urii motorului: 9 mm <\/span><\/p>\n<p class=\"tw-data-text tw-text-large tw-ta\" dir=\"ltr\" data-placeholder=\"Traducere\" data-ved=\"2ahUKEwiVveGVnNqBAxWW2QIHHY5mBN4Q3ewLegQIBhAQ\"><span class=\"Y2IQFc\" lang=\"ro\">Greutate: 9,8 g<\/span><\/p>\n<p class=\"tw-data-text tw-text-large tw-ta\" dir=\"ltr\" data-placeholder=\"Traducere\" data-ved=\"2ahUKEwiVveGVnNqBAxWW2QIHHY5mBN4Q3ewLegQIBhAQ\"><span class=\"Y2IQFc\" lang=\"ro\">Curent inactiv @ 8V(A)\u00a0\u22640\u300251 <\/span><\/p>\n<p class=\"tw-data-text tw-text-large tw-ta\" dir=\"ltr\" data-placeholder=\"Traducere\" data-ved=\"2ahUKEwiVveGVnNqBAxWW2QIHHY5mBN4Q3ewLegQIBhAQ\"><span class=\"Y2IQFc\" lang=\"ro\">Num\u0103r de celule (Lipo): 2~4S <\/span><\/p>\n<p class=\"tw-data-text tw-text-large tw-ta\" dir=\"ltr\" data-placeholder=\"Traducere\" data-ved=\"2ahUKEwiVveGVnNqBAxWW2QIHHY5mBN4Q3ewLegQIBhAQ\"><span class=\"Y2IQFc\" lang=\"ro\">Putere continu\u0103 maxim\u0103 (180S): 214 <\/span><\/p>\n<p class=\"tw-data-text tw-text-large tw-ta\" dir=\"ltr\" data-placeholder=\"Traducere\" data-ved=\"2ahUKEwiVveGVnNqBAxWW2QIHHY5mBN4Q3ewLegQIBhAQ\"><span class=\"Y2IQFc\" lang=\"ro\">Rezisten\u021b\u0103 intern\u0103: 0,213 m\u03a9 <\/span><\/p>\n<p class=\"tw-data-text tw-text-large tw-ta\" dir=\"ltr\" data-placeholder=\"Traducere\" data-ved=\"2ahUKEwiVveGVnNqBAxWW2QIHHY5mBN4Q3ewLegQIBhAQ\"><span class=\"Y2IQFc\" lang=\"ro\">Curent maxim (180S): 13.38A<\/span><\/p>\n","protected":false},"excerpt":{"rendered":"<p>Specifica\u021bii: Configura\u021bie: 9N12P Diametrul statorului: 14 mm Lungimea statorului: 4 mm Diametrul arborelui: 1,5 mm Dimensiuni motor: \u03a618.3 * 14.5mm Pozi\u021bia g\u0103urii motorului: 9 mm Greutate: 9,8 g Curent inactiv @ 8V(A)\u00a0\u22640\u300251 Num\u0103r de celule (Lipo): 2~4S Putere continu\u0103 maxim\u0103 (180S): 214 Rezisten\u021b\u0103 intern\u0103: 0,213 m\u03a9 Curent maxim (180S): 13.38A<\/p>\n","protected":false},"featured_media":8538,"comment_status":"open","ping_status":"closed","template":"","meta":[],"product_brand":[],"product_cat":[314,20],"product_tag":[],"class_list":{"0":"post-8536","1":"product","2":"type-product","3":"status-publish","4":"has-post-thumbnail","6":"product_cat-geprc","7":"product_cat-motor","8":"pa_kv-254","10":"first","11":"outofstock","12":"shipping-taxable","13":"purchasable","14":"product-type-simple"},"supplier_id":null,"supplier_sku":"","barcode":null,"atum_controlled":true,"out_stock_date":null,"out_stock_threshold":null,"inheritable":false,"inbound_stock":null,"stock_on_hold":null,"sold_today":null,"sales_last_days":null,"reserved_stock":null,"customer_returns":null,"warehouse_damage":null,"lost_in_post":null,"other_logs":null,"out_stock_days":null,"lost_sales":null,"has_location":null,"update_date":null,"atum_locations":[],"atum_stock_status":"instock","restock_status":false,"low_stock_amount":"","sales_update_date":null,"calc_backorders":null,"_links":{"self":[{"href":"https:\/\/iflyfpv.ro\/ro\/wp-json\/wp\/v2\/product\/8536","targetHints":{"allow":["GET"]}}],"collection":[{"href":"https:\/\/iflyfpv.ro\/ro\/wp-json\/wp\/v2\/product"}],"about":[{"href":"https:\/\/iflyfpv.ro\/ro\/wp-json\/wp\/v2\/types\/product"}],"replies":[{"embeddable":true,"href":"https:\/\/iflyfpv.ro\/ro\/wp-json\/wp\/v2\/comments?post=8536"}],"wp:featuredmedia":[{"embeddable":true,"href":"https:\/\/iflyfpv.ro\/ro\/wp-json\/wp\/v2\/media\/8538"}],"wp:attachment":[{"href":"https:\/\/iflyfpv.ro\/ro\/wp-json\/wp\/v2\/media?parent=8536"}],"wp:term":[{"taxonomy":"product_brand","embeddable":true,"href":"https:\/\/iflyfpv.ro\/ro\/wp-json\/wp\/v2\/product_brand?post=8536"},{"taxonomy":"product_cat","embeddable":true,"href":"https:\/\/iflyfpv.ro\/ro\/wp-json\/wp\/v2\/product_cat?post=8536"},{"taxonomy":"product_tag","embeddable":true,"href":"https:\/\/iflyfpv.ro\/ro\/wp-json\/wp\/v2\/product_tag?post=8536"}],"curies":[{"name":"wp","href":"https:\/\/api.w.org\/{rel}","templated":true}]}}