{"id":8962,"date":"2023-11-29T20:20:16","date_gmt":"2023-11-29T18:20:16","guid":{"rendered":"https:\/\/iflyfpv.ro\/?post_type=product&#038;p=8962"},"modified":"2025-07-17T12:49:34","modified_gmt":"2025-07-17T10:49:34","slug":"flyfish-tony-5in","status":"publish","type":"product","link":"https:\/\/iflyfpv.ro\/ro\/produs\/flyfish-tony-5in\/","title":{"rendered":"Flyfish Tony 5in"},"content":{"rendered":"<p><strong>Caracteristici:<\/strong><br \/>\nDoar 57 g (cu TPU)<br \/>\nCapabil sub 250 g<br \/>\nRezisten\u021b\u0103 structural\u0103 ridicat\u0103\u00a0 Fibr\u0103 de carbon T700 de ultim\u0103 genera\u021bie<br \/>\nPl\u0103ci de camer\u0103 din aluminiu CNC<br \/>\nAmortizoare din silicon pentru O3 AU<br \/>\nCompatibil cu ambele camere de 19\/20 mm<br \/>\nCompatibil cu majoritatea VTX-urilor<br \/>\nCorp compact, potrivit pentru freestyle<br \/>\nEchipat cu toate accesoriile necesare pentru versiunile analogice \u0219i HD<br \/>\nSuruburi de rezisten\u021b\u0103 de 12,9 cu dispozitiv de blocare a filetelor Loctite pre-aplicat<\/p>\n<p><strong>Specifica\u021bii TONY:<\/strong><br \/>\nModel: Tony 5<br \/>\nGeometrie: True-X<br \/>\nAmpatament: 215 mm<br \/>\nGrosimea bratului: 4 mm<br \/>\nGrosimea pl\u0103cii superioare: 2 mm<br \/>\nGrosimea pl\u0103cii medii: 2 mm<br \/>\nGrosimea pl\u0103cii inferioare: 2 mm<br \/>\nDimensiunea elicei: 5 inch<br \/>\nGrosimea pl\u0103cii CNC: 4 mm<br \/>\nDistan\u021ba camerelor FPV: 19mm\/20mm<br \/>\nGreutate: 57 g (cu piese TPU)<br \/>\nDimensiuni totale: 133,7 mm * 168 * 29 mm<br \/>\nOrificiu de montare a motorului: 12 mm * 12 mm (M2)<br \/>\nG\u0103uri de montare pentru stack: 20mm*20mm\/25.5mm*25.5mm(M3)<br \/>\nG\u0103uri de montare VTX: 20mm*20mm\/25.5mm*25.5mm(M2)<\/p>\n","protected":false},"excerpt":{"rendered":"<p>Caracteristici: Doar 57 g (cu TPU) Capabil sub 250 g Rezisten\u021b\u0103 structural\u0103 ridicat\u0103\u00a0 Fibr\u0103 de carbon T700 de ultim\u0103 genera\u021bie Pl\u0103ci de camer\u0103 din aluminiu CNC Amortizoare din silicon pentru O3 AU Compatibil cu ambele camere de 19\/20 mm Compatibil cu majoritatea VTX-urilor Corp compact, potrivit pentru freestyle Echipat cu toate accesoriile necesare pentru versiunile [&#8230;]\n","protected":false},"featured_media":8963,"comment_status":"open","ping_status":"closed","template":"","meta":[],"product_brand":[],"product_cat":[19],"product_tag":[],"class_list":{"0":"post-8962","1":"product","2":"type-product","3":"status-publish","4":"has-post-thumbnail","6":"product_cat-frame","8":"first","9":"instock","10":"shipping-taxable","11":"purchasable","12":"product-type-simple"},"supplier_id":null,"supplier_sku":"","barcode":null,"atum_controlled":true,"out_stock_date":null,"out_stock_threshold":null,"inheritable":false,"inbound_stock":null,"stock_on_hold":null,"sold_today":null,"sales_last_days":null,"reserved_stock":null,"customer_returns":null,"warehouse_damage":null,"lost_in_post":null,"other_logs":null,"out_stock_days":null,"lost_sales":null,"has_location":null,"update_date":null,"atum_locations":[],"atum_stock_status":"instock","restock_status":false,"low_stock_amount":"","sales_update_date":null,"calc_backorders":null,"_links":{"self":[{"href":"https:\/\/iflyfpv.ro\/ro\/wp-json\/wp\/v2\/product\/8962","targetHints":{"allow":["GET"]}}],"collection":[{"href":"https:\/\/iflyfpv.ro\/ro\/wp-json\/wp\/v2\/product"}],"about":[{"href":"https:\/\/iflyfpv.ro\/ro\/wp-json\/wp\/v2\/types\/product"}],"replies":[{"embeddable":true,"href":"https:\/\/iflyfpv.ro\/ro\/wp-json\/wp\/v2\/comments?post=8962"}],"wp:featuredmedia":[{"embeddable":true,"href":"https:\/\/iflyfpv.ro\/ro\/wp-json\/wp\/v2\/media\/8963"}],"wp:attachment":[{"href":"https:\/\/iflyfpv.ro\/ro\/wp-json\/wp\/v2\/media?parent=8962"}],"wp:term":[{"taxonomy":"product_brand","embeddable":true,"href":"https:\/\/iflyfpv.ro\/ro\/wp-json\/wp\/v2\/product_brand?post=8962"},{"taxonomy":"product_cat","embeddable":true,"href":"https:\/\/iflyfpv.ro\/ro\/wp-json\/wp\/v2\/product_cat?post=8962"},{"taxonomy":"product_tag","embeddable":true,"href":"https:\/\/iflyfpv.ro\/ro\/wp-json\/wp\/v2\/product_tag?post=8962"}],"curies":[{"name":"wp","href":"https:\/\/api.w.org\/{rel}","templated":true}]}}