{"id":9080,"date":"2024-01-25T00:50:38","date_gmt":"2024-01-24T22:50:38","guid":{"rendered":"https:\/\/iflyfpv.ro\/?post_type=product&#038;p=9080"},"modified":"2026-03-31T12:01:03","modified_gmt":"2026-03-31T10:01:03","slug":"radiomaster-pocket-elrs","status":"publish","type":"product","link":"https:\/\/iflyfpv.ro\/ro\/produs\/radiomaster-pocket-elrs\/","title":{"rendered":"Radiomaster Pocket ELRS"},"content":{"rendered":"<p>ELRS (standard) este preinstalat cu ExpressLRS ISM FW (Puterea maxim\u0103 depinde de hardware)<\/p>\n<p><strong>Despre versiunea LBT<\/strong><\/p>\n<p>Versiunea ELRS LBT (Europe) este preinstalat\u0103 cu domeniul ExpressLRS CE EU LBT FW (putere limitat\u0103 la 100mw)<\/p>\n<p><b>Specifica\u021bii:<\/b><\/p>\n<ul>\n<li>\u00a0Dimensiuni fizice: 156.6 * 65.1 * 125.3mm (dimensiune pliat\u0103) \/ 156.6 * 73.1 * 154.8mm (dimensiune desf\u0103\u0219urare)<\/li>\n<li>Greutate: 288 grame<\/li>\n<li>Frecventa de operare: 2.400GHz-2.480GHz<\/li>\n<li>Op\u021biuni RF interne: ELRS 2.4GHz<\/li>\n<li>Protocoale acceptate: \u00cen func\u021bie de modul<\/li>\n<li>Tensiune opera\u021bional\u0103: 6.6-8.4V DC<\/li>\n<li>Sistem de operare: EdgeTX<\/li>\n<li>Canale de control: Maxim 16 (\u00een func\u021bie de receptor)<\/li>\n<li>Afi\u0219a: 128 * 64 LCD monocrom<\/li>\n<li>Baterie: 2buc 18650 baterii (Nu sunt incluse)<\/li>\n<li>\u00cenc\u0103rcare: \u00eenc\u0103rcare USB-C QC3 \u00eencorporat\u0103<\/li>\n<li>Firmware actualizabil<\/li>\n<\/ul>\n<p><b>Pachetul contine:\u00a0<\/b><\/p>\n<p>1 x Transmi\u021b\u0103tor Radiomaster POCKET (fara baterii)<\/p>\n<p>Descarca:<a href=\"https:\/\/casaispas.ro\/iflyfpv.ro\/wp-content\/uploads\/2024\/01\/Pocket_User_Manual.en_.ro_.pdf\">Manual in Limba Romana: Pocket_User_Manual.en.ro<\/a><\/p>\n<p><strong>A<\/strong> L-R<br \/>\nPentru a comuta M1\/M2. Roti\u021bi \u00een sensul acelor de ceasornic pentru a dezactiva centrarea automat\u0103 (clapeta de accelera\u021bie).<\/p>\n<p>Roti\u021bi \u00een sens invers acelor de ceasornic pentru a activa centrarea automat\u0103 (Ascensor).<br \/>\nB T<br \/>\nPentru a regla tensiunea clapetei de accelera\u021bie.<\/p>\n<p>Roti\u021bi \u00een sensul acelor de ceasornic pentru a cre\u0219te tensiunea b\u0103\u021bului. Roti\u021bi \u00een sens invers acelor de ceasornic pentru a reduce tensiunea b\u0103\u021bului.<br \/>\nC SUS-JOS<br \/>\nRoti\u021bi \u00een sensul acelor de ceasornic pentru a cre\u0219te tensiunea vertical\u0103 a bastonului.<br \/>\nRoti\u021bi \u00een sens invers acelor de ceasornic pentru a reduce tensiunea b\u0103\u021bului.<br \/>\nD ST\u00c2NGA-DREAPTA<br \/>\nRoti\u021bi \u00een sensul acelor de ceasornic pentru a cre\u0219te tensiunea orizontal\u0103 a bastonului.<br \/>\nRoti\u021bi \u00een sens invers acelor de ceasornic pentru a reduce tensiunea b\u0103\u021bului.<\/p>\n<p>&nbsp;<\/p>\n<p>&nbsp;<\/p>\n<p><img decoding=\"async\" class=\"aligncenter\" src=\"https:\/\/cdn.shopify.com\/s\/files\/1\/0609\/8324\/7079\/files\/4_062c52c2-dbf2-44d0-8945-0a1a338b8fd5_600x600.png?v=1690854865\" alt=\"Pocket Radio Gimbal Adjustment\" \/><\/p>\n<p><img decoding=\"async\" class=\"aligncenter\" src=\"https:\/\/cdn.shopify.com\/s\/files\/1\/0609\/8324\/7079\/files\/POCKET-Details-EN-PC_11_01_1024x1024.jpg?v=1690855690\" alt=\"Pocket Radio Controller Overview\" \/><\/p>\n","protected":false},"excerpt":{"rendered":"<p>ELRS (standard) este preinstalat cu ExpressLRS ISM FW (Puterea maxim\u0103 depinde de hardware) Despre versiunea LBT Versiunea ELRS LBT (Europe) este preinstalat\u0103 cu domeniul ExpressLRS CE EU LBT FW (putere limitat\u0103 la 100mw) Specifica\u021bii: \u00a0Dimensiuni fizice: 156.6 * 65.1 * 125.3mm (dimensiune pliat\u0103) \/ 156.6 * 73.1 * 154.8mm (dimensiune desf\u0103\u0219urare) Greutate: 288 grame Frecventa [&#8230;]\n","protected":false},"featured_media":9084,"comment_status":"open","ping_status":"closed","template":"","meta":[],"product_brand":[],"product_cat":[22],"product_tag":[],"class_list":{"0":"post-9080","1":"product","2":"type-product","3":"status-publish","4":"has-post-thumbnail","6":"product_cat-transmisie","8":"first","9":"outofstock","10":"shipping-taxable","11":"purchasable","12":"product-type-simple"},"supplier_id":null,"supplier_sku":"","barcode":null,"atum_controlled":true,"out_stock_date":"2026-03-31 12:01:04","out_stock_threshold":null,"inheritable":false,"inbound_stock":null,"stock_on_hold":1,"sold_today":0,"sales_last_days":0,"reserved_stock":null,"customer_returns":null,"warehouse_damage":null,"lost_in_post":null,"other_logs":null,"out_stock_days":19,"lost_sales":7220,"has_location":false,"update_date":"2026-04-20T02:00:24","atum_locations":[],"atum_stock_status":"outofstock","restock_status":false,"low_stock_amount":"","sales_update_date":"2026-04-20T02:00:24","calc_backorders":null,"_links":{"self":[{"href":"https:\/\/iflyfpv.ro\/ro\/wp-json\/wp\/v2\/product\/9080","targetHints":{"allow":["GET"]}}],"collection":[{"href":"https:\/\/iflyfpv.ro\/ro\/wp-json\/wp\/v2\/product"}],"about":[{"href":"https:\/\/iflyfpv.ro\/ro\/wp-json\/wp\/v2\/types\/product"}],"replies":[{"embeddable":true,"href":"https:\/\/iflyfpv.ro\/ro\/wp-json\/wp\/v2\/comments?post=9080"}],"wp:featuredmedia":[{"embeddable":true,"href":"https:\/\/iflyfpv.ro\/ro\/wp-json\/wp\/v2\/media\/9084"}],"wp:attachment":[{"href":"https:\/\/iflyfpv.ro\/ro\/wp-json\/wp\/v2\/media?parent=9080"}],"wp:term":[{"taxonomy":"product_brand","embeddable":true,"href":"https:\/\/iflyfpv.ro\/ro\/wp-json\/wp\/v2\/product_brand?post=9080"},{"taxonomy":"product_cat","embeddable":true,"href":"https:\/\/iflyfpv.ro\/ro\/wp-json\/wp\/v2\/product_cat?post=9080"},{"taxonomy":"product_tag","embeddable":true,"href":"https:\/\/iflyfpv.ro\/ro\/wp-json\/wp\/v2\/product_tag?post=9080"}],"curies":[{"name":"wp","href":"https:\/\/api.w.org\/{rel}","templated":true}]}}