{"id":9114,"date":"2024-02-06T18:16:19","date_gmt":"2024-02-06T16:16:19","guid":{"rendered":"https:\/\/iflyfpv.ro\/?post_type=product&#038;p=9114"},"modified":"2024-06-02T20:06:11","modified_gmt":"2024-06-02T18:06:11","slug":"flywoo-dji-o3-air-unit-filters-set-7pcs","status":"publish","type":"product","link":"https:\/\/iflyfpv.ro\/ro\/produs\/flywoo-dji-o3-air-unit-filters-set-7pcs\/","title":{"rendered":"Flywoo DJI O3 AIR UNIT FILTERS SET (7PCS)"},"content":{"rendered":"<p>Acest set de filtre de la Flywoo pentru unitatea de aer DJI O3 v\u0103 va permite s\u0103 ob\u021bine\u021bi imagini mai bune \u0219i s\u0103 evita\u021bi problema jelloului.<\/p>\n<p>Pe l\u00e2ng\u0103 \u00eembun\u0103t\u0103\u021birea imaginilor, aceste \u0219apte filtre ac\u021bioneaz\u0103 \u0219i ca protec\u021bie a lentilelor \u00een cazul unui impact.<\/p>\n<div class=\"col-md-6 caracteristique-hidden\">\n<h3><strong>Specifica\u021bii:<\/strong><\/h3>\n<ul>\n<li>Gerutate : 0.6g<\/li>\n<li>Compatibil : DJI O3 \/ drone DJI Avata<\/li>\n<\/ul>\n<\/div>\n<div class=\"col-md-6 caracteristique-hidden\">\n<h3>Pachetul con\u021bine:<\/h3>\n<ul>\n<li>1x ND4 Filter<\/li>\n<li>1x ND8 Filter<\/li>\n<li>1x ND16 Filter<\/li>\n<li>1x ND32 Filter<\/li>\n<li>1x ND64 Filter<\/li>\n<li>1x CPL Filter<\/li>\n<li>1x Clear UV Filter<\/li>\n<li>1x Cutie<\/li>\n<li>1x Servetel<\/li>\n<\/ul>\n<\/div>\n","protected":false},"excerpt":{"rendered":"<p>Acest set de filtre de la Flywoo pentru unitatea de aer DJI O3 v\u0103 va permite s\u0103 ob\u021bine\u021bi imagini mai bune \u0219i s\u0103 evita\u021bi problema jelloului. Pe l\u00e2ng\u0103 \u00eembun\u0103t\u0103\u021birea imaginilor, aceste \u0219apte filtre ac\u021bioneaz\u0103 \u0219i ca protec\u021bie a lentilelor \u00een cazul unui impact. Specifica\u021bii: Gerutate : 0.6g Compatibil : DJI O3 \/ drone DJI Avata [&#8230;]\n","protected":false},"featured_media":9115,"comment_status":"open","ping_status":"closed","template":"","meta":[],"product_brand":[],"product_cat":[299,15],"product_tag":[],"class_list":{"0":"post-9114","1":"product","2":"type-product","3":"status-publish","4":"has-post-thumbnail","6":"product_cat-dji-fpv","7":"product_cat-uncategorized","9":"first","10":"instock","11":"shipping-taxable","12":"purchasable","13":"product-type-simple"},"supplier_id":null,"supplier_sku":"","barcode":null,"atum_controlled":true,"out_stock_date":null,"out_stock_threshold":null,"inheritable":false,"inbound_stock":null,"stock_on_hold":null,"sold_today":null,"sales_last_days":null,"reserved_stock":null,"customer_returns":null,"warehouse_damage":null,"lost_in_post":null,"other_logs":null,"out_stock_days":null,"lost_sales":null,"has_location":null,"update_date":null,"atum_locations":[],"atum_stock_status":"instock","restock_status":false,"low_stock_amount":"","sales_update_date":null,"calc_backorders":null,"_links":{"self":[{"href":"https:\/\/iflyfpv.ro\/ro\/wp-json\/wp\/v2\/product\/9114","targetHints":{"allow":["GET"]}}],"collection":[{"href":"https:\/\/iflyfpv.ro\/ro\/wp-json\/wp\/v2\/product"}],"about":[{"href":"https:\/\/iflyfpv.ro\/ro\/wp-json\/wp\/v2\/types\/product"}],"replies":[{"embeddable":true,"href":"https:\/\/iflyfpv.ro\/ro\/wp-json\/wp\/v2\/comments?post=9114"}],"wp:featuredmedia":[{"embeddable":true,"href":"https:\/\/iflyfpv.ro\/ro\/wp-json\/wp\/v2\/media\/9115"}],"wp:attachment":[{"href":"https:\/\/iflyfpv.ro\/ro\/wp-json\/wp\/v2\/media?parent=9114"}],"wp:term":[{"taxonomy":"product_brand","embeddable":true,"href":"https:\/\/iflyfpv.ro\/ro\/wp-json\/wp\/v2\/product_brand?post=9114"},{"taxonomy":"product_cat","embeddable":true,"href":"https:\/\/iflyfpv.ro\/ro\/wp-json\/wp\/v2\/product_cat?post=9114"},{"taxonomy":"product_tag","embeddable":true,"href":"https:\/\/iflyfpv.ro\/ro\/wp-json\/wp\/v2\/product_tag?post=9114"}],"curies":[{"name":"wp","href":"https:\/\/api.w.org\/{rel}","templated":true}]}}