{"id":9120,"date":"2024-02-06T19:35:48","date_gmt":"2024-02-06T17:35:48","guid":{"rendered":"https:\/\/iflyfpv.ro\/?post_type=product&#038;p=9120"},"modified":"2026-04-03T07:53:58","modified_gmt":"2026-04-03T05:53:58","slug":"flywoo-finder-v1-0-w-led-buzzer","status":"publish","type":"product","link":"https:\/\/iflyfpv.ro\/ro\/produs\/flywoo-finder-v1-0-w-led-buzzer\/","title":{"rendered":"Flywoo Finder V1.0 w\/ LED BUZZER"},"content":{"rendered":"<h3><img decoding=\"async\" class=\"aligncenter\" src=\"https:\/\/img-va.myshopline.com\/image\/store\/2004172091\/1673593876355\/12-068976c7-b476-4e3d-9a37-cce5ff7ca508-2048x2048.jpg?w=1000&amp;h=1000\" \/><\/h3>\n<h3>Descriere<\/h3>\n<div class=\"uk-margin\">\n<div>Cablaj<\/div>\n<\/div>\n<div class=\"uk-margin\">\n<ul>\n<li>Negru &#8211; GND<\/li>\n<li>Ro\u0219u &#8211; 5v<\/li>\n<li>Alb &#8211; Buzzer negativ pe controlerul de zbor<\/li>\n<\/ul>\n<p>Soneria are dou\u0103 moduri de func\u021bionare:<\/p>\n<ol>\n<li>Este compatibil cu func\u021biile soneriei active tradi\u021bionale \u0219i sincronizat cu controlerul de zbor (FC).<\/li>\n<li><span class=\"\">C\u00e2nd controlerul de zbor este conectat \u00een mod normal \u0219i bateria principal\u0103 din zbor este oprit\u0103, emite automat 100 dB de sunet intermitent dup\u0103 30 de secunde de pan\u0103 de curent, iar LED-ul va emite lumin\u0103 alb\u0103.<\/span><\/li>\n<\/ol>\n<p><strong>Pentru a opri soneria: Ap\u0103sa\u021bi \u0219i men\u021bine\u021bi ap\u0103sat butonul de eliberare mai mult de 2 secunde \u0219i Finder-ul opre\u0219te sunetul.<\/strong><\/p>\n<\/div>\n<h3>Specifica\u021bii<\/h3>\n<ul>\n<li>Size: 23x12x10.5mm<\/li>\n<li>Weight: 2.9 g<\/li>\n<\/ul>\n<p dir=\"ltr\" data-placeholder=\"Traducere\">Pachetul contine: 1 x Flywoo Finder V1.0 w\/ LED BUZZER<\/p>\n","protected":false},"excerpt":{"rendered":"<p>Descriere Cablaj Negru &#8211; GND Ro\u0219u &#8211; 5v Alb &#8211; Buzzer negativ pe controlerul de zbor Soneria are dou\u0103 moduri de func\u021bionare: Este compatibil cu func\u021biile soneriei active tradi\u021bionale \u0219i sincronizat cu controlerul de zbor (FC). C\u00e2nd controlerul de zbor este conectat \u00een mod normal \u0219i bateria principal\u0103 din zbor este oprit\u0103, emite automat 100 [&#8230;]\n","protected":false},"featured_media":10504,"comment_status":"open","ping_status":"closed","template":"","meta":[],"product_brand":[],"product_cat":[15],"product_tag":[],"class_list":{"0":"post-9120","1":"product","2":"type-product","3":"status-publish","4":"has-post-thumbnail","6":"product_cat-uncategorized","7":"pa_awg-184","8":"pa_awg-185","9":"pa_awg-186","10":"pa_culoare-negru","11":"pa_culoare-rosu","13":"first","14":"outofstock","15":"shipping-taxable","16":"purchasable","17":"product-type-simple"},"supplier_id":null,"supplier_sku":"","barcode":null,"atum_controlled":true,"out_stock_date":"2026-04-03 07:53:59","out_stock_threshold":null,"inheritable":false,"inbound_stock":null,"stock_on_hold":0,"sold_today":0,"sales_last_days":0,"reserved_stock":null,"customer_returns":null,"warehouse_damage":null,"lost_in_post":null,"other_logs":null,"out_stock_days":16,"lost_sales":0,"has_location":null,"update_date":"2026-04-20T02:00:25","atum_locations":[],"atum_stock_status":"outofstock","restock_status":false,"low_stock_amount":"","sales_update_date":"2026-04-20T02:00:25","calc_backorders":null,"_links":{"self":[{"href":"https:\/\/iflyfpv.ro\/ro\/wp-json\/wp\/v2\/product\/9120","targetHints":{"allow":["GET"]}}],"collection":[{"href":"https:\/\/iflyfpv.ro\/ro\/wp-json\/wp\/v2\/product"}],"about":[{"href":"https:\/\/iflyfpv.ro\/ro\/wp-json\/wp\/v2\/types\/product"}],"replies":[{"embeddable":true,"href":"https:\/\/iflyfpv.ro\/ro\/wp-json\/wp\/v2\/comments?post=9120"}],"wp:featuredmedia":[{"embeddable":true,"href":"https:\/\/iflyfpv.ro\/ro\/wp-json\/wp\/v2\/media\/10504"}],"wp:attachment":[{"href":"https:\/\/iflyfpv.ro\/ro\/wp-json\/wp\/v2\/media?parent=9120"}],"wp:term":[{"taxonomy":"product_brand","embeddable":true,"href":"https:\/\/iflyfpv.ro\/ro\/wp-json\/wp\/v2\/product_brand?post=9120"},{"taxonomy":"product_cat","embeddable":true,"href":"https:\/\/iflyfpv.ro\/ro\/wp-json\/wp\/v2\/product_cat?post=9120"},{"taxonomy":"product_tag","embeddable":true,"href":"https:\/\/iflyfpv.ro\/ro\/wp-json\/wp\/v2\/product_tag?post=9120"}],"curies":[{"name":"wp","href":"https:\/\/api.w.org\/{rel}","templated":true}]}}