{"id":9516,"date":"2024-04-08T20:02:06","date_gmt":"2024-04-08T18:02:06","guid":{"rendered":"https:\/\/iflyfpv.ro\/?post_type=product&#038;p=9516"},"modified":"2025-07-10T10:31:32","modified_gmt":"2025-07-10T08:31:32","slug":"gnb-2800mah-3s-100c-xt60","status":"publish","type":"product","link":"https:\/\/iflyfpv.ro\/ro\/produs\/gnb-2800mah-3s-100c-xt60\/","title":{"rendered":"GNB 2800mAh 3S 100C XT60"},"content":{"rendered":"<p>Nr. model: GNB28003S100A<\/p>\n<p>Capacitate: 2800mAh<\/p>\n<p>Tensiune: 11,1 V<\/p>\n<p>Configura\u021bie celule: 3S1P<\/p>\n<p>Dimensiune pachet: 29*34*107mm (H*W*L)<\/p>\n<p>Greutate net\u0103: 207g (+\/-6g)<\/p>\n<p>Rata de desc\u0103rcare: 100C<\/p>\n<p>Rata de \u00eenc\u0103rcare: 1C p\u00e2n\u0103 la 5C<\/p>\n<p>Conector de desc\u0103rcare: XT60<\/p>\n<p>Pachetul contine: 1 x Acumulator<\/p>\n","protected":false},"excerpt":{"rendered":"<p>Nr. model: GNB28003S100A Capacitate: 2800mAh Tensiune: 11,1 V Configura\u021bie celule: 3S1P Dimensiune pachet: 29*34*107mm (H*W*L) Greutate net\u0103: 207g (+\/-6g) Rata de desc\u0103rcare: 100C Rata de \u00eenc\u0103rcare: 1C p\u00e2n\u0103 la 5C Conector de desc\u0103rcare: XT60 Pachetul contine: 1 x Acumulator<\/p>\n","protected":false},"featured_media":9518,"comment_status":"open","ping_status":"closed","template":"","meta":[],"product_brand":[],"product_cat":[46],"product_tag":[],"class_list":{"0":"post-9516","1":"product","2":"type-product","3":"status-publish","4":"has-post-thumbnail","6":"product_cat-gnb","7":"pa_amperi-2800ma","8":"pa_nr-celule-3s","10":"first","11":"outofstock","12":"sale","13":"shipping-taxable","14":"purchasable","15":"product-type-simple"},"supplier_id":null,"supplier_sku":"","barcode":null,"atum_controlled":true,"out_stock_date":null,"out_stock_threshold":null,"inheritable":false,"inbound_stock":null,"stock_on_hold":null,"sold_today":null,"sales_last_days":null,"reserved_stock":null,"customer_returns":null,"warehouse_damage":null,"lost_in_post":null,"other_logs":null,"out_stock_days":null,"lost_sales":null,"has_location":null,"update_date":null,"atum_locations":[],"atum_stock_status":"instock","restock_status":false,"low_stock_amount":"","sales_update_date":null,"calc_backorders":null,"_links":{"self":[{"href":"https:\/\/iflyfpv.ro\/ro\/wp-json\/wp\/v2\/product\/9516","targetHints":{"allow":["GET"]}}],"collection":[{"href":"https:\/\/iflyfpv.ro\/ro\/wp-json\/wp\/v2\/product"}],"about":[{"href":"https:\/\/iflyfpv.ro\/ro\/wp-json\/wp\/v2\/types\/product"}],"replies":[{"embeddable":true,"href":"https:\/\/iflyfpv.ro\/ro\/wp-json\/wp\/v2\/comments?post=9516"}],"wp:featuredmedia":[{"embeddable":true,"href":"https:\/\/iflyfpv.ro\/ro\/wp-json\/wp\/v2\/media\/9518"}],"wp:attachment":[{"href":"https:\/\/iflyfpv.ro\/ro\/wp-json\/wp\/v2\/media?parent=9516"}],"wp:term":[{"taxonomy":"product_brand","embeddable":true,"href":"https:\/\/iflyfpv.ro\/ro\/wp-json\/wp\/v2\/product_brand?post=9516"},{"taxonomy":"product_cat","embeddable":true,"href":"https:\/\/iflyfpv.ro\/ro\/wp-json\/wp\/v2\/product_cat?post=9516"},{"taxonomy":"product_tag","embeddable":true,"href":"https:\/\/iflyfpv.ro\/ro\/wp-json\/wp\/v2\/product_tag?post=9516"}],"curies":[{"name":"wp","href":"https:\/\/api.w.org\/{rel}","templated":true}]}}