{"id":9546,"date":"2024-04-09T22:19:26","date_gmt":"2024-04-09T20:19:26","guid":{"rendered":"https:\/\/iflyfpv.ro\/?post_type=product&#038;p=9546"},"modified":"2026-04-14T08:18:30","modified_gmt":"2026-04-14T06:18:30","slug":"coddar-hv-850mah-4s-120c-xt30","status":"publish","type":"product","link":"https:\/\/iflyfpv.ro\/ro\/produs\/coddar-hv-850mah-4s-120c-xt30\/","title":{"rendered":"CODDAR HV 850mAh 4S 120C XT30"},"content":{"rendered":"<p>Nr. model: CD4S850120HV<\/p>\n<p>Capacitate: 850mAh<\/p>\n<p>Tensiune: 15,20 V<\/p>\n<p>Configura\u021bie celule: 4S1P<\/p>\n<p>Dimensiune pachet: 64*30*27(H*W*L)<\/p>\n<p>Greutate net\u0103: 89g (+\/-1g)<\/p>\n<p>Rata de desc\u0103rcare: 120C<\/p>\n<p>Rata de \u00eenc\u0103rcare: 1C p\u00e2n\u0103 la 5C<\/p>\n<p>Conector de desc\u0103rcare: XT30<\/p>\n<p>Pachetul contine: 1 x Acumulator<\/p>\n[nasa_static_block id=&#8221;9571&#8243;]\n","protected":false},"excerpt":{"rendered":"<p>Nr. model: CD4S850120HV Capacitate: 850mAh Tensiune: 15,20 V Configura\u021bie celule: 4S1P Dimensiune pachet: 64*30*27(H*W*L) Greutate net\u0103: 89g (+\/-1g) Rata de desc\u0103rcare: 120C Rata de \u00eenc\u0103rcare: 1C p\u00e2n\u0103 la 5C Conector de desc\u0103rcare: XT30 Pachetul contine: 1 x Acumulator [nasa_static_block id=&#8221;9571&#8243;]\n","protected":false},"featured_media":9566,"comment_status":"open","ping_status":"closed","template":"","meta":[],"product_brand":[],"product_cat":[322,27],"product_tag":[],"class_list":{"0":"post-9546","1":"product","2":"type-product","3":"status-publish","4":"has-post-thumbnail","6":"product_cat-coddar","7":"product_cat-lipo","8":"pa_amperi-850ma","9":"pa_nr-celule-4s","11":"first","12":"instock","13":"shipping-taxable","14":"purchasable","15":"product-type-simple"},"supplier_id":null,"supplier_sku":"","barcode":null,"atum_controlled":true,"out_stock_date":null,"out_stock_threshold":null,"inheritable":false,"inbound_stock":null,"stock_on_hold":0,"sold_today":0,"sales_last_days":1,"reserved_stock":null,"customer_returns":null,"warehouse_damage":null,"lost_in_post":null,"other_logs":null,"out_stock_days":0,"lost_sales":0,"has_location":null,"update_date":"2026-04-16T01:19:06","atum_locations":[],"atum_stock_status":"instock","restock_status":false,"low_stock_amount":"","sales_update_date":"2026-04-16T01:19:06","calc_backorders":null,"_links":{"self":[{"href":"https:\/\/iflyfpv.ro\/ro\/wp-json\/wp\/v2\/product\/9546","targetHints":{"allow":["GET"]}}],"collection":[{"href":"https:\/\/iflyfpv.ro\/ro\/wp-json\/wp\/v2\/product"}],"about":[{"href":"https:\/\/iflyfpv.ro\/ro\/wp-json\/wp\/v2\/types\/product"}],"replies":[{"embeddable":true,"href":"https:\/\/iflyfpv.ro\/ro\/wp-json\/wp\/v2\/comments?post=9546"}],"wp:featuredmedia":[{"embeddable":true,"href":"https:\/\/iflyfpv.ro\/ro\/wp-json\/wp\/v2\/media\/9566"}],"wp:attachment":[{"href":"https:\/\/iflyfpv.ro\/ro\/wp-json\/wp\/v2\/media?parent=9546"}],"wp:term":[{"taxonomy":"product_brand","embeddable":true,"href":"https:\/\/iflyfpv.ro\/ro\/wp-json\/wp\/v2\/product_brand?post=9546"},{"taxonomy":"product_cat","embeddable":true,"href":"https:\/\/iflyfpv.ro\/ro\/wp-json\/wp\/v2\/product_cat?post=9546"},{"taxonomy":"product_tag","embeddable":true,"href":"https:\/\/iflyfpv.ro\/ro\/wp-json\/wp\/v2\/product_tag?post=9546"}],"curies":[{"name":"wp","href":"https:\/\/api.w.org\/{rel}","templated":true}]}}