{"id":9650,"date":"2024-04-18T18:34:36","date_gmt":"2024-04-18T16:34:36","guid":{"rendered":"https:\/\/iflyfpv.ro\/?post_type=product&#038;p=9650"},"modified":"2026-03-06T08:44:57","modified_gmt":"2026-03-06T06:44:57","slug":"ovonic-1550mah-6s-100c-xt60","status":"publish","type":"product","link":"https:\/\/iflyfpv.ro\/ro\/produs\/ovonic-1550mah-6s-100c-xt60\/","title":{"rendered":"OVONIC 1550mAh 6S 100C XT60"},"content":{"rendered":"<p>Nr. model: OVONIC O-100C-1550-6S1P-XT60<\/p>\n<p>Capacitate: 1550mAh<\/p>\n<p>Tensiune: 22,2 V<\/p>\n<p>Configura\u021bie celule: 6S1P<\/p>\n<p>Dimensiune pachet: 57*35*82mm (H*W*L)<\/p>\n<p>Greutate net\u0103: 274g (+\/-5g)<\/p>\n<p>Rata de desc\u0103rcare: 100C<\/p>\n<p>Rata de \u00eenc\u0103rcare: 1C p\u00e2n\u0103 la 2C<\/p>\n<p>Conector de desc\u0103rcare: XT60<\/p>\n<p>Pachetul contine: 1 x Acumulator<\/p>\n[nasa_static_block id=&#8221;9571&#8243;]\n","protected":false},"excerpt":{"rendered":"<p>Nr. model: OVONIC O-100C-1550-6S1P-XT60 Capacitate: 1550mAh Tensiune: 22,2 V Configura\u021bie celule: 6S1P Dimensiune pachet: 57*35*82mm (H*W*L) Greutate net\u0103: 274g (+\/-5g) Rata de desc\u0103rcare: 100C Rata de \u00eenc\u0103rcare: 1C p\u00e2n\u0103 la 2C Conector de desc\u0103rcare: XT60 Pachetul contine: 1 x Acumulator [nasa_static_block id=&#8221;9571&#8243;]\n","protected":false},"featured_media":9652,"comment_status":"open","ping_status":"closed","template":"","meta":[],"product_brand":[],"product_cat":[26],"product_tag":[],"class_list":{"0":"post-9650","1":"product","2":"type-product","3":"status-publish","4":"has-post-thumbnail","6":"product_cat-ovonic","7":"pa_amperi-1550ma","8":"pa_nr-celule-6s","10":"first","11":"outofstock","12":"sale","13":"shipping-taxable","14":"purchasable","15":"product-type-simple"},"supplier_id":null,"supplier_sku":"","barcode":null,"atum_controlled":true,"out_stock_date":"2026-03-06 08:44:57","out_stock_threshold":null,"inheritable":false,"inbound_stock":null,"stock_on_hold":0,"sold_today":0,"sales_last_days":0,"reserved_stock":null,"customer_returns":null,"warehouse_damage":null,"lost_in_post":null,"other_logs":null,"out_stock_days":40,"lost_sales":0,"has_location":false,"update_date":"2026-04-16T01:19:05","atum_locations":[],"atum_stock_status":"outofstock","restock_status":false,"low_stock_amount":"","sales_update_date":"2026-04-16T01:19:05","calc_backorders":null,"_links":{"self":[{"href":"https:\/\/iflyfpv.ro\/ro\/wp-json\/wp\/v2\/product\/9650","targetHints":{"allow":["GET"]}}],"collection":[{"href":"https:\/\/iflyfpv.ro\/ro\/wp-json\/wp\/v2\/product"}],"about":[{"href":"https:\/\/iflyfpv.ro\/ro\/wp-json\/wp\/v2\/types\/product"}],"replies":[{"embeddable":true,"href":"https:\/\/iflyfpv.ro\/ro\/wp-json\/wp\/v2\/comments?post=9650"}],"wp:featuredmedia":[{"embeddable":true,"href":"https:\/\/iflyfpv.ro\/ro\/wp-json\/wp\/v2\/media\/9652"}],"wp:attachment":[{"href":"https:\/\/iflyfpv.ro\/ro\/wp-json\/wp\/v2\/media?parent=9650"}],"wp:term":[{"taxonomy":"product_brand","embeddable":true,"href":"https:\/\/iflyfpv.ro\/ro\/wp-json\/wp\/v2\/product_brand?post=9650"},{"taxonomy":"product_cat","embeddable":true,"href":"https:\/\/iflyfpv.ro\/ro\/wp-json\/wp\/v2\/product_cat?post=9650"},{"taxonomy":"product_tag","embeddable":true,"href":"https:\/\/iflyfpv.ro\/ro\/wp-json\/wp\/v2\/product_tag?post=9650"}],"curies":[{"name":"wp","href":"https:\/\/api.w.org\/{rel}","templated":true}]}}