{"id":9659,"date":"2024-04-18T18:57:58","date_gmt":"2024-04-18T16:57:58","guid":{"rendered":"https:\/\/iflyfpv.ro\/?post_type=product&#038;p=9659"},"modified":"2025-10-30T16:18:56","modified_gmt":"2025-10-30T14:18:56","slug":"ovonic-5200mah-4s-80c-ec5","status":"publish","type":"product","link":"https:\/\/iflyfpv.ro\/ro\/produs\/ovonic-5200mah-4s-80c-ec5\/","title":{"rendered":"OVONIC HC 5200mAh 4S 80C EC5"},"content":{"rendered":"<p>Nr. model: OVONIC O-80C-5200-4S1P-HC14-EC5<\/p>\n<p>Capacitate: 5200mAh<\/p>\n<p>Tensiune: 14,8 V<\/p>\n<p>Configura\u021bie celule: 4S1P<\/p>\n<p>Dimensiune pachet: 49*47*138.4mm (H*W*L)<\/p>\n<p>Greutate net\u0103: 450g (+\/-5g)<\/p>\n<p>Rata de desc\u0103rcare: 80C<\/p>\n<p>Rata de \u00eenc\u0103rcare: 1C p\u00e2n\u0103 la 2C<\/p>\n<p>Conector de desc\u0103rcare: EC5<\/p>\n<p>Pachetul contine: 1 x Acumulator<\/p>\n[nasa_static_block id=&#8221;9571&#8243;]\n","protected":false},"excerpt":{"rendered":"<p>Nr. model: OVONIC O-80C-5200-4S1P-HC14-EC5 Capacitate: 5200mAh Tensiune: 14,8 V Configura\u021bie celule: 4S1P Dimensiune pachet: 49*47*138.4mm (H*W*L) Greutate net\u0103: 450g (+\/-5g) Rata de desc\u0103rcare: 80C Rata de \u00eenc\u0103rcare: 1C p\u00e2n\u0103 la 2C Conector de desc\u0103rcare: EC5 Pachetul contine: 1 x Acumulator [nasa_static_block id=&#8221;9571&#8243;]\n","protected":false},"featured_media":9661,"comment_status":"open","ping_status":"closed","template":"","meta":[],"product_brand":[],"product_cat":[26],"product_tag":[],"class_list":{"0":"post-9659","1":"product","2":"type-product","3":"status-publish","4":"has-post-thumbnail","6":"product_cat-ovonic","7":"pa_amperi-5500ma","8":"pa_nr-celule-4s","10":"first","11":"instock","12":"sale","13":"shipping-taxable","14":"purchasable","15":"product-type-simple"},"supplier_id":null,"supplier_sku":"","barcode":null,"atum_controlled":true,"out_stock_date":null,"out_stock_threshold":null,"inheritable":false,"inbound_stock":null,"stock_on_hold":null,"sold_today":null,"sales_last_days":null,"reserved_stock":null,"customer_returns":null,"warehouse_damage":null,"lost_in_post":null,"other_logs":null,"out_stock_days":null,"lost_sales":null,"has_location":null,"update_date":null,"atum_locations":[],"atum_stock_status":"instock","restock_status":false,"low_stock_amount":"","sales_update_date":null,"calc_backorders":null,"_links":{"self":[{"href":"https:\/\/iflyfpv.ro\/ro\/wp-json\/wp\/v2\/product\/9659","targetHints":{"allow":["GET"]}}],"collection":[{"href":"https:\/\/iflyfpv.ro\/ro\/wp-json\/wp\/v2\/product"}],"about":[{"href":"https:\/\/iflyfpv.ro\/ro\/wp-json\/wp\/v2\/types\/product"}],"replies":[{"embeddable":true,"href":"https:\/\/iflyfpv.ro\/ro\/wp-json\/wp\/v2\/comments?post=9659"}],"wp:featuredmedia":[{"embeddable":true,"href":"https:\/\/iflyfpv.ro\/ro\/wp-json\/wp\/v2\/media\/9661"}],"wp:attachment":[{"href":"https:\/\/iflyfpv.ro\/ro\/wp-json\/wp\/v2\/media?parent=9659"}],"wp:term":[{"taxonomy":"product_brand","embeddable":true,"href":"https:\/\/iflyfpv.ro\/ro\/wp-json\/wp\/v2\/product_brand?post=9659"},{"taxonomy":"product_cat","embeddable":true,"href":"https:\/\/iflyfpv.ro\/ro\/wp-json\/wp\/v2\/product_cat?post=9659"},{"taxonomy":"product_tag","embeddable":true,"href":"https:\/\/iflyfpv.ro\/ro\/wp-json\/wp\/v2\/product_tag?post=9659"}],"curies":[{"name":"wp","href":"https:\/\/api.w.org\/{rel}","templated":true}]}}