{"id":9981,"date":"2024-07-23T16:47:57","date_gmt":"2024-07-23T14:47:57","guid":{"rendered":"https:\/\/iflyfpv.ro\/?post_type=product&#038;p=9981"},"modified":"2025-07-23T13:35:40","modified_gmt":"2025-07-23T11:35:40","slug":"nexus-helicopter-flight-controller","status":"publish","type":"product","link":"https:\/\/iflyfpv.ro\/ro\/produs\/nexus-helicopter-flight-controller\/","title":{"rendered":"NEXUS Helicopter Flight Controller"},"content":{"rendered":"<p><strong>Descriere<\/strong><\/p>\n<p>Unitatea de control NEXUS Flybarless (FBL) a fost proiectat\u0103 de la zero pe baza designului de referin\u021b\u0103 Rotorflight 2.0. Toate aspectele NEXUS au fost planificate \u0219i testate pentru performan\u021b\u0103 \u0219i compatibilitate optime, asigur\u00e2nd cea mai bun\u0103 experien\u021b\u0103 Rotorflight de pe pia\u021b\u0103 ast\u0103zi.<\/p>\n<p>Cu MCU STM32F722 avansat \u0219i dispozitivul de urm\u0103rire a mi\u0219c\u0103rii MEMS cu 6 axe TDK ICM-42688-P, care combin\u0103 un giroscop cu 3 axe \u0219i un accelerometru cu 3 axe, controlerul de zbor NEXUS asigur\u0103 controlul \u0219i zborul cu precizie. O memorie flash mare de 128 MB v\u0103 asigur\u0103 c\u0103 v\u0103 pute\u021bi \u00eenregistra toate zborurile pentru reglare fin\u0103 \u0219i ajustare.<\/p>\n<p>Receptoarele noastre Plug&#8217;n&#8217;Play RP3-H ExpressLRS f\u0103r\u0103 lipire sunt dotate cu un sistem de conectare de blocare pentru a asigura o conexiune stabil\u0103 \u00eentre unitatea de control \u0219i receptor. Porturile DSM \u0219i S.BUS sunt, de asemenea, disponibile pentru utilizare cu tipul de receptor selectat. NEXUS dispune de asemenea de porturi multifunc\u021bionale pentru extinderea viitoare.<\/p>\n<p>NEXUS are o carcas\u0103 din aluminiu prelucrat\u0103 CNC ca standard, care arat\u0103 grozav, protejeaz\u0103 unitatea de control \u0219i disipeaz\u0103 c\u0103ldura pentru procesorul F722.<\/p>\n<p>Dup\u0103 mai mult de 12 luni de cercetare \u0219i dezvoltare, NEXUS a fost testat, reglat \u0219i testat din nou nu numai de dezvoltatorii de la Rotorflight, ci \u0219i de o echip\u0103 de pilo\u021bi de elicopter cu experien\u021b\u0103 care au luat parte la programul nostru de testare beta. Dorim s\u0103 mul\u021bumim echipei Rotorflight \u0219i echipei de testare beta pentru c\u0103 au f\u0103cut posibil NEXUS!<\/p>\n","protected":false},"excerpt":{"rendered":"<p>Descriere Unitatea de control NEXUS Flybarless (FBL) a fost proiectat\u0103 de la zero pe baza designului de referin\u021b\u0103 Rotorflight 2.0. Toate aspectele NEXUS au fost planificate \u0219i testate pentru performan\u021b\u0103 \u0219i compatibilitate optime, asigur\u00e2nd cea mai bun\u0103 experien\u021b\u0103 Rotorflight de pe pia\u021b\u0103 ast\u0103zi. Cu MCU STM32F722 avansat \u0219i dispozitivul de urm\u0103rire a mi\u0219c\u0103rii MEMS cu [&#8230;]\n","protected":false},"featured_media":9982,"comment_status":"open","ping_status":"closed","template":"","meta":[],"product_brand":[],"product_cat":[17],"product_tag":[],"class_list":{"0":"post-9981","1":"product","2":"type-product","3":"status-publish","4":"has-post-thumbnail","6":"product_cat-flight-controller","8":"first","9":"instock","10":"sale","11":"shipping-taxable","12":"purchasable","13":"product-type-simple"},"supplier_id":null,"supplier_sku":"","barcode":null,"atum_controlled":true,"out_stock_date":null,"out_stock_threshold":null,"inheritable":false,"inbound_stock":null,"stock_on_hold":null,"sold_today":null,"sales_last_days":null,"reserved_stock":null,"customer_returns":null,"warehouse_damage":null,"lost_in_post":null,"other_logs":null,"out_stock_days":null,"lost_sales":null,"has_location":null,"update_date":null,"atum_locations":[],"atum_stock_status":"instock","restock_status":false,"low_stock_amount":"","sales_update_date":null,"calc_backorders":null,"_links":{"self":[{"href":"https:\/\/iflyfpv.ro\/ro\/wp-json\/wp\/v2\/product\/9981","targetHints":{"allow":["GET"]}}],"collection":[{"href":"https:\/\/iflyfpv.ro\/ro\/wp-json\/wp\/v2\/product"}],"about":[{"href":"https:\/\/iflyfpv.ro\/ro\/wp-json\/wp\/v2\/types\/product"}],"replies":[{"embeddable":true,"href":"https:\/\/iflyfpv.ro\/ro\/wp-json\/wp\/v2\/comments?post=9981"}],"wp:featuredmedia":[{"embeddable":true,"href":"https:\/\/iflyfpv.ro\/ro\/wp-json\/wp\/v2\/media\/9982"}],"wp:attachment":[{"href":"https:\/\/iflyfpv.ro\/ro\/wp-json\/wp\/v2\/media?parent=9981"}],"wp:term":[{"taxonomy":"product_brand","embeddable":true,"href":"https:\/\/iflyfpv.ro\/ro\/wp-json\/wp\/v2\/product_brand?post=9981"},{"taxonomy":"product_cat","embeddable":true,"href":"https:\/\/iflyfpv.ro\/ro\/wp-json\/wp\/v2\/product_cat?post=9981"},{"taxonomy":"product_tag","embeddable":true,"href":"https:\/\/iflyfpv.ro\/ro\/wp-json\/wp\/v2\/product_tag?post=9981"}],"curies":[{"name":"wp","href":"https:\/\/api.w.org\/{rel}","templated":true}]}}